{"id":13028,"date":"2024-03-23T17:46:54","date_gmt":"2024-03-23T16:46:54","guid":{"rendered":"https:\/\/site-test.jd-web-et-design.fr\/produit\/bague-rubis-pierre-precieuse-bijoux\/"},"modified":"2024-10-30T11:55:41","modified_gmt":"2024-10-30T10:55:41","slug":"bague-rubis-pierre-precieuse-bijoux","status":"publish","type":"product","link":"https:\/\/arqitecture.fr\/en\/product\/bague-rubis-pierre-precieuse-bijoux\/","title":{"rendered":"Bague Rubis rectangle"},"content":{"rendered":"<p>\u25ba Elle fera le plus bel effet \u00e0 votre main<\/p>\n<p>\u25ba Favorise l&rsquo;\u00e9quilibre \u00e9motionnel<\/p>\n<p>\u25ba Pour une touche de charme \u00e0 votre tenue<\/p>\n<p>\u25ba Cadeau id\u00e9al pour les amateurs ou passionn\u00e9s de pierre pr\u00e9cieuse<\/p>\n<p>\u25ba Cadeau pour une St Valentin, un anniversaire, une f\u00eates ou un mariage<\/p>\n<p>&nbsp;<\/p>\n<p>It is supposed to lighten when a threat recedes and to announce misfortune by darkening.<br \/>\nOn pr\u00e9tend que le Rubis emp\u00eache la trahison et venge des infid\u00e8les.<\/p>\n<p>Le rubis est symbole de victoire, d&rsquo;amour, de bonheur et de passion.<\/p>\n<p>Dans l&rsquo;histoire, il a longtemps \u00e9t\u00e9 r\u00e9serv\u00e9 aux hommes de pouvoir : rois, sultans ou autres maharadjahs.<\/p>","protected":false},"excerpt":{"rendered":"<p>Lignes \u00e9l\u00e9gantes pour cette bague en argent avec un Rubis maintenu par quatre griffes.<\/p>\n<p>La touche raffin\u00e9e!<\/p>\n<p>size 62 or 19.74 mm<\/p>\n<p>Provenance : Mozambique<\/p>","protected":false},"featured_media":13024,"template":"","meta":{"_et_pb_use_builder":"","_et_pb_old_content":"","_et_gb_content_width":""},"product_brand":[],"product_cat":[7415,7406],"product_tag":[8193,8296,8334,8129,8164,8344,8335],"class_list":{"0":"post-13028","1":"product","2":"type-product","3":"status-publish","4":"has-post-thumbnail","6":"product_cat-deco-terre","7":"product_cat-tous-les-produits","8":"product_tag-argent","9":"product_tag-bague","10":"product_tag-beaute","11":"product_tag-bijoux","12":"product_tag-main","13":"product_tag-rubis-oval","14":"product_tag-soiree","16":"first","17":"instock","18":"taxable","19":"shipping-taxable","20":"purchasable","21":"product-type-simple"},"aioseo_notices":[],"_links":{"self":[{"href":"https:\/\/arqitecture.fr\/en\/wp-json\/wp\/v2\/product\/13028","targetHints":{"allow":["GET"]}}],"collection":[{"href":"https:\/\/arqitecture.fr\/en\/wp-json\/wp\/v2\/product"}],"about":[{"href":"https:\/\/arqitecture.fr\/en\/wp-json\/wp\/v2\/types\/product"}],"wp:featuredmedia":[{"embeddable":true,"href":"https:\/\/arqitecture.fr\/en\/wp-json\/wp\/v2\/media\/13024"}],"wp:attachment":[{"href":"https:\/\/arqitecture.fr\/en\/wp-json\/wp\/v2\/media?parent=13028"}],"wp:term":[{"taxonomy":"product_brand","embeddable":true,"href":"https:\/\/arqitecture.fr\/en\/wp-json\/wp\/v2\/product_brand?post=13028"},{"taxonomy":"product_cat","embeddable":true,"href":"https:\/\/arqitecture.fr\/en\/wp-json\/wp\/v2\/product_cat?post=13028"},{"taxonomy":"product_tag","embeddable":true,"href":"https:\/\/arqitecture.fr\/en\/wp-json\/wp\/v2\/product_tag?post=13028"}],"curies":[{"name":"wp","href":"https:\/\/api.w.org\/{rel}","templated":true}]}}