{"id":13002,"date":"2024-03-23T17:30:47","date_gmt":"2024-03-23T16:30:47","guid":{"rendered":"https:\/\/site-test.jd-web-et-design.fr\/produit\/bague-quartz-rutile-pierre-semi-precieuse\/"},"modified":"2024-10-30T11:56:50","modified_gmt":"2024-10-30T10:56:50","slug":"bague-quartz-rutile-pierre-semi-precieuse","status":"publish","type":"product","link":"https:\/\/arqitecture.fr\/en\/product\/bague-quartz-rutile-pierre-semi-precieuse\/","title":{"rendered":"Bague Quartz rutil\u00e9 rond"},"content":{"rendered":"<p>\u25ba Elle fera le plus bel effet \u00e0 votre main<\/p>\n<p>\u25ba Favorise l&rsquo;\u00e9quilibre \u00e9motionnel<\/p>\n<p>\u25ba Pour une touche de charme \u00e0 votre tenue<\/p>\n<p>\u25ba Cadeau id\u00e9al pour les amateurs ou passionn\u00e9s de pierre pr\u00e9cieuse<\/p>\n<p>\u25ba Cadeau pour une St Valentin, un anniversaire, une f\u00eates ou un mariage<\/p>\n<p>&nbsp;<\/p>\n<p><span style=\"font-size: 12pt;\">Rutile quartz has an action on the bronchi, asthma and epilepsy.<\/span><\/p>\n<p><span style=\"font-size: 12pt;\"><span style=\"font-size: 12pt;\">It turns out to be an excellent protective shield by returning negative waves to its sender and very effective if one is confronted with witchcraft.<\/span><\/span><\/p>\n<p><span style=\"font-size: 12pt;\"><span style=\"font-size: 12pt;\"><span style=\"font-size: 12pt;\">Il contribue \u00e0 fortifier le mental et \u00e0 le rendre imperm\u00e9able \u00e0 toute attaque d\u2019ordre psychique. <\/span><\/span><\/span><\/p>\n<p><span style=\"font-size: 12pt;\"><span style=\"font-size: 12pt;\"><span style=\"font-size: 12pt;\">Il apporte la nettet\u00e9 dans les id\u00e9es et conduit \u00e0 la cr\u00e9ativit\u00e9.<\/span><\/span><\/span><\/p>\n<p><span style=\"font-size: 12pt;\"><span style=\"font-size: 12pt;\"><span style=\"font-size: 12pt;\"><span style=\"font-size: 12pt;\">In lithotherapy it gives resistance to effort, strength, cheerfulness.\u00a0<\/span><\/span><\/span><\/span><\/p>","protected":false},"excerpt":{"rendered":"<p>Bague unique en argent maintenant avec quatre griffes un Quartz rutil\u00e9 facett\u00e9 rond.<br \/>\nUne pierre ensorceleuse!<\/p>\n<p>size 58 or 18.45 mm<\/p>\n<p>Provenance : Br\u00e9sil<\/p>","protected":false},"featured_media":12998,"template":"","meta":{"_et_pb_use_builder":"","_et_pb_old_content":"","_et_gb_content_width":""},"product_brand":[],"product_cat":[7415,7406],"product_tag":[8193,8296,8334,8129,8164,8340,8335],"class_list":{"0":"post-13002","1":"product","2":"type-product","3":"status-publish","4":"has-post-thumbnail","6":"product_cat-deco-terre","7":"product_cat-tous-les-produits","8":"product_tag-argent","9":"product_tag-bague","10":"product_tag-beaute","11":"product_tag-bijoux","12":"product_tag-main","13":"product_tag-quartz-rutile","14":"product_tag-soiree","16":"first","17":"instock","18":"taxable","19":"shipping-taxable","20":"purchasable","21":"product-type-simple"},"aioseo_notices":[],"_links":{"self":[{"href":"https:\/\/arqitecture.fr\/en\/wp-json\/wp\/v2\/product\/13002","targetHints":{"allow":["GET"]}}],"collection":[{"href":"https:\/\/arqitecture.fr\/en\/wp-json\/wp\/v2\/product"}],"about":[{"href":"https:\/\/arqitecture.fr\/en\/wp-json\/wp\/v2\/types\/product"}],"wp:featuredmedia":[{"embeddable":true,"href":"https:\/\/arqitecture.fr\/en\/wp-json\/wp\/v2\/media\/12998"}],"wp:attachment":[{"href":"https:\/\/arqitecture.fr\/en\/wp-json\/wp\/v2\/media?parent=13002"}],"wp:term":[{"taxonomy":"product_brand","embeddable":true,"href":"https:\/\/arqitecture.fr\/en\/wp-json\/wp\/v2\/product_brand?post=13002"},{"taxonomy":"product_cat","embeddable":true,"href":"https:\/\/arqitecture.fr\/en\/wp-json\/wp\/v2\/product_cat?post=13002"},{"taxonomy":"product_tag","embeddable":true,"href":"https:\/\/arqitecture.fr\/en\/wp-json\/wp\/v2\/product_tag?post=13002"}],"curies":[{"name":"wp","href":"https:\/\/api.w.org\/{rel}","templated":true}]}}