{"id":12992,"date":"2024-03-23T17:18:02","date_gmt":"2024-03-23T16:18:02","guid":{"rendered":"https:\/\/site-test.jd-web-et-design.fr\/produit\/bague-quartz-fume-argent-semi-precieuse-pierre\/"},"modified":"2024-10-30T12:00:48","modified_gmt":"2024-10-30T11:00:48","slug":"bague-quartz-fume-argent-semi-precieuse-pierre","status":"publish","type":"product","link":"https:\/\/arqitecture.fr\/en\/product\/bague-quartz-fume-argent-semi-precieuse-pierre\/","title":{"rendered":"Smoky Quartz Ring"},"content":{"rendered":"<p>\u25ba Elle fera le plus bel effet \u00e0 votre main<\/p>\n<p>\u25ba Favorise l&rsquo;\u00e9quilibre \u00e9motionnel<\/p>\n<p>\u25ba Pour une touche de charme \u00e0 votre tenue<\/p>\n<p>\u25ba Cadeau id\u00e9al pour les amateurs ou passionn\u00e9s de pierre pr\u00e9cieuse<\/p>\n<p>\u25ba Cadeau pour une St Valentin, un anniversaire, une f\u00eates ou un mariage<\/p>\n<p>&nbsp;<\/p>\n<p>Le quartz fum\u00e9 fortifie le tissu conjonctif, le tissu adipeux et la musculature.<br \/>\nIl aide \u00e0 surmonter les \u00e9tats d\u00e9pressifs, l&rsquo;accablement, le manque de perspectives, \u00e0 dominer plus rapidement la tristesse.<br \/>\nIl transmet une tr\u00e8s grande \u00e9nergie et donne la force d&rsquo;agir aux \u00eatres sans force.<br \/>\nEn outre, le quartz fum\u00e9 est efficace pour l&rsquo;abdomen, les reins, le pancr\u00e9as et les organes sexuels.<br \/>\nDe m\u00eame, il accro\u00eet la f\u00e9condit\u00e9 de l&rsquo;un et l&rsquo;autre sexe.<br \/>\nIl soutient l&rsquo;action des glandes surr\u00e9nales, soulage les maladies du coeur, l&rsquo;atrophie musculaire et les troubles neurologiques.<br \/>\nLe quartz fum\u00e9 raffermit tr\u00e8s fortement notre volont\u00e9, et donc, c&rsquo;est une pierre id\u00e9ale pour soutenir les intentions de d\u00e9sintoxication, qu&rsquo;il s&rsquo;agisse de tabac, de drogue ou d&rsquo;autres d\u00e9pendances.<\/p>\n<p>Le quartz fum\u00e9 nous aide \u00e0 assumer les responsabilit\u00e9s.<br \/>\nIl donne aux \u00eatres irr\u00e9solus la force, l&rsquo;\u00e9nergie et le courage de ma\u00eetriser pleinement leur vie.<br \/>\nCette pierre nous donne \u00e9galement de la sensibilit\u00e9, de l&rsquo;esprit d&rsquo;initiative et la volont\u00e9 de vivre.<br \/>\nElle supprime nos angoisses et nos instabilit\u00e9s d&rsquo;humeur.<br \/>\nMelancholic and depressed people should wear smoky quartz as a necklace, in order to see life in a more positive way.<\/p>","protected":false},"excerpt":{"rendered":"<p>Bague unique en argent maintenant avec quatre griffes un Quartz fum\u00e9 facett\u00e9 rond.<\/p>\n<p>Une pierre ensorceleuse!<\/p>\n<p>size 62 or 19.74 mm<\/p>\n<p>Provenance : Br\u00e9sil<\/p>","protected":false},"featured_media":12988,"template":"","meta":{"_et_pb_use_builder":"","_et_pb_old_content":"","_et_gb_content_width":""},"product_brand":[],"product_cat":[7415,7406],"product_tag":[],"class_list":{"0":"post-12992","1":"product","2":"type-product","3":"status-publish","4":"has-post-thumbnail","6":"product_cat-deco-terre","7":"product_cat-tous-les-produits","9":"first","10":"instock","11":"taxable","12":"shipping-taxable","13":"purchasable","14":"product-type-simple"},"aioseo_notices":[],"_links":{"self":[{"href":"https:\/\/arqitecture.fr\/en\/wp-json\/wp\/v2\/product\/12992","targetHints":{"allow":["GET"]}}],"collection":[{"href":"https:\/\/arqitecture.fr\/en\/wp-json\/wp\/v2\/product"}],"about":[{"href":"https:\/\/arqitecture.fr\/en\/wp-json\/wp\/v2\/types\/product"}],"wp:featuredmedia":[{"embeddable":true,"href":"https:\/\/arqitecture.fr\/en\/wp-json\/wp\/v2\/media\/12988"}],"wp:attachment":[{"href":"https:\/\/arqitecture.fr\/en\/wp-json\/wp\/v2\/media?parent=12992"}],"wp:term":[{"taxonomy":"product_brand","embeddable":true,"href":"https:\/\/arqitecture.fr\/en\/wp-json\/wp\/v2\/product_brand?post=12992"},{"taxonomy":"product_cat","embeddable":true,"href":"https:\/\/arqitecture.fr\/en\/wp-json\/wp\/v2\/product_cat?post=12992"},{"taxonomy":"product_tag","embeddable":true,"href":"https:\/\/arqitecture.fr\/en\/wp-json\/wp\/v2\/product_tag?post=12992"}],"curies":[{"name":"wp","href":"https:\/\/api.w.org\/{rel}","templated":true}]}}