{"id":12983,"date":"2024-03-23T17:10:59","date_gmt":"2024-03-23T16:10:59","guid":{"rendered":"https:\/\/site-test.jd-web-et-design.fr\/produit\/bague-quartz-blanc-argent-bijoux-main-beaute\/"},"modified":"2024-10-30T13:38:14","modified_gmt":"2024-10-30T12:38:14","slug":"bague-quartz-blanc-argent-bijoux-main-beaute","status":"publish","type":"product","link":"https:\/\/arqitecture.fr\/en\/product\/bague-quartz-blanc-argent-bijoux-main-beaute\/","title":{"rendered":"Bague Quartz Blanc"},"content":{"rendered":"<p>\u25ba Elle fera le plus bel effet \u00e0 votre main<\/p>\n<p>\u25ba Favorise l&rsquo;\u00e9quilibre \u00e9motionnel<\/p>\n<p>\u25ba Pour une touche de charme \u00e0 votre tenue<\/p>\n<p>\u25ba Cadeau id\u00e9al pour les amateurs ou passionn\u00e9s de pierre pr\u00e9cieuse<\/p>\n<p>\u25ba Cadeau pour une St Valentin, un anniversaire, une f\u00eates ou un mariage<\/p>\n<p>&nbsp;<\/p>\n<p><span style=\"font-size: 12pt;\">Le blanc est l\u2019embl\u00e8me de l\u2019innocence, de la modestie, de la pudeur, de la bonne foi et est aussi associ\u00e9 \u00e0 la vieillesse, \u00e0 la mauvaise sant\u00e9 et \u00e0 la mort.<br \/>\n<span style=\"font-size: 12pt;\">White symbolizes belief, spirituality and wisdom.<br \/>\n<span style=\"font-size: 12pt;\">White stones symbolize the psyche, night, sleep and protection against disturbing dreams.<br \/>\n<span style=\"font-size: 12pt;\">White moonstone was used to purify spirits and heal the sick.<\/span><\/span><\/span><\/span><\/p>","protected":false},"excerpt":{"rendered":"<p>Somptueuse et voluptueuse, cette bague en argent est sertie d&rsquo;un imposant Quartz blanc facett\u00e9.<\/p>\n<p>La touche finale pour une allure raffin\u00e9e!<\/p>\n<p>size 56 or 17.83 mm<\/p>\n<p>Provenance : Br\u00e9sil<\/p>","protected":false},"featured_media":12978,"template":"","meta":{"_et_pb_use_builder":"","_et_pb_old_content":"","_et_gb_content_width":""},"product_brand":[],"product_cat":[7415,7406],"product_tag":[8193,8296,8334,8129,8164,8338,8335],"class_list":{"0":"post-12983","1":"product","2":"type-product","3":"status-publish","4":"has-post-thumbnail","6":"product_cat-deco-terre","7":"product_cat-tous-les-produits","8":"product_tag-argent","9":"product_tag-bague","10":"product_tag-beaute","11":"product_tag-bijoux","12":"product_tag-main","13":"product_tag-quartz-blanc-facete","14":"product_tag-soiree","16":"first","17":"instock","18":"taxable","19":"shipping-taxable","20":"purchasable","21":"product-type-simple"},"aioseo_notices":[],"_links":{"self":[{"href":"https:\/\/arqitecture.fr\/en\/wp-json\/wp\/v2\/product\/12983","targetHints":{"allow":["GET"]}}],"collection":[{"href":"https:\/\/arqitecture.fr\/en\/wp-json\/wp\/v2\/product"}],"about":[{"href":"https:\/\/arqitecture.fr\/en\/wp-json\/wp\/v2\/types\/product"}],"wp:featuredmedia":[{"embeddable":true,"href":"https:\/\/arqitecture.fr\/en\/wp-json\/wp\/v2\/media\/12978"}],"wp:attachment":[{"href":"https:\/\/arqitecture.fr\/en\/wp-json\/wp\/v2\/media?parent=12983"}],"wp:term":[{"taxonomy":"product_brand","embeddable":true,"href":"https:\/\/arqitecture.fr\/en\/wp-json\/wp\/v2\/product_brand?post=12983"},{"taxonomy":"product_cat","embeddable":true,"href":"https:\/\/arqitecture.fr\/en\/wp-json\/wp\/v2\/product_cat?post=12983"},{"taxonomy":"product_tag","embeddable":true,"href":"https:\/\/arqitecture.fr\/en\/wp-json\/wp\/v2\/product_tag?post=12983"}],"curies":[{"name":"wp","href":"https:\/\/api.w.org\/{rel}","templated":true}]}}