{"id":12972,"date":"2024-03-23T17:03:16","date_gmt":"2024-03-23T16:03:16","guid":{"rendered":"https:\/\/site-test.jd-web-et-design.fr\/produit\/bague-pierre-de-lune-bijoux-main-argent-2\/"},"modified":"2024-10-30T13:40:36","modified_gmt":"2024-10-30T12:40:36","slug":"bague-pierre-de-lune-bijoux-main-argent-2","status":"publish","type":"product","link":"https:\/\/arqitecture.fr\/en\/product\/bague-pierre-de-lune-bijoux-main-argent-2\/","title":{"rendered":"Rectangle Moonstone Ring"},"content":{"rendered":"<p>\u25ba Elle fera le plus bel effet \u00e0 votre main<\/p>\n<p>\u25ba Favorise l&rsquo;\u00e9quilibre \u00e9motionnel<\/p>\n<p>\u25ba Pour une touche de charme \u00e0 votre tenue<\/p>\n<p>\u25ba Cadeau id\u00e9al pour les amateurs ou passionn\u00e9s de pierre pr\u00e9cieuse<\/p>\n<p>\u25ba Cadeau pour une St Valentin, un anniversaire, une f\u00eates ou un mariage<\/p>\n<p>&nbsp;<\/p>\n<p>This stone is sacred in India. It is said to generate a lucky future, protect against accidents and develop intuition.<\/p>\n<p>We associate it with the femininity that it symbolizes as well as maternal tenderness and lovers.<br \/>\nIt also has the reputation of bringing gentleness, tolerance and marital happiness.<\/p>\n<p>It is also believed to have virtues to promote the hormonal balance of women and therefore to stimulate fertility, support pregnancies, soothe the pain of menstruation and regulate the effects of menopause.<br \/>\nIt is also known for its positive effects on digestion and stomach pain.<br \/>\nShe also has a poetic power that could help artists struggling with inspiration.<br \/>\nThis stone is associated with the 4th chakra (heart or cardiac chakra) and would have the virtue of facilitating its opening. It would also have a positive effect on the 6th chakra (3rd eye or frontal chakra).<\/p>","protected":false},"excerpt":{"rendered":"<p>Discr\u00e8te et lumineuse cette bague en argent sertie d&rsquo;une Pierre de lune de forme rectangulaire apportera une touche finale \u00e0 vos tenues.<\/p>\n<p>Un cadeau intemporel!<\/p>\n<p>size 54 or 17.19 mm<\/p>\n<p>Provenance: Arm\u00e9nie<\/p>","protected":false},"featured_media":12968,"template":"","meta":{"_et_pb_use_builder":"","_et_pb_old_content":"","_et_gb_content_width":""},"product_brand":[],"product_cat":[7415,7406],"product_tag":[8193,8296,8334,8129,8164,8336,8335],"class_list":{"0":"post-12972","1":"product","2":"type-product","3":"status-publish","4":"has-post-thumbnail","6":"product_cat-deco-terre","7":"product_cat-tous-les-produits","8":"product_tag-argent","9":"product_tag-bague","10":"product_tag-beaute","11":"product_tag-bijoux","12":"product_tag-main","13":"product_tag-pierre-de-lune","14":"product_tag-soiree","16":"first","17":"instock","18":"taxable","19":"shipping-taxable","20":"purchasable","21":"product-type-simple"},"aioseo_notices":[],"_links":{"self":[{"href":"https:\/\/arqitecture.fr\/en\/wp-json\/wp\/v2\/product\/12972","targetHints":{"allow":["GET"]}}],"collection":[{"href":"https:\/\/arqitecture.fr\/en\/wp-json\/wp\/v2\/product"}],"about":[{"href":"https:\/\/arqitecture.fr\/en\/wp-json\/wp\/v2\/types\/product"}],"wp:featuredmedia":[{"embeddable":true,"href":"https:\/\/arqitecture.fr\/en\/wp-json\/wp\/v2\/media\/12968"}],"wp:attachment":[{"href":"https:\/\/arqitecture.fr\/en\/wp-json\/wp\/v2\/media?parent=12972"}],"wp:term":[{"taxonomy":"product_brand","embeddable":true,"href":"https:\/\/arqitecture.fr\/en\/wp-json\/wp\/v2\/product_brand?post=12972"},{"taxonomy":"product_cat","embeddable":true,"href":"https:\/\/arqitecture.fr\/en\/wp-json\/wp\/v2\/product_cat?post=12972"},{"taxonomy":"product_tag","embeddable":true,"href":"https:\/\/arqitecture.fr\/en\/wp-json\/wp\/v2\/product_tag?post=12972"}],"curies":[{"name":"wp","href":"https:\/\/api.w.org\/{rel}","templated":true}]}}