{"id":12967,"date":"2024-03-23T17:14:04","date_gmt":"2024-03-23T16:14:04","guid":{"rendered":"https:\/\/site-test.jd-web-et-design.fr\/produit\/bague-pierre-de-lune-bijoux-main-argent\/"},"modified":"2024-10-17T16:16:51","modified_gmt":"2024-10-17T14:16:51","slug":"bague-pierre-de-lune-bijoux-main-argent","status":"publish","type":"product","link":"https:\/\/arqitecture.fr\/en\/product\/bague-pierre-de-lune-bijoux-main-argent\/","title":{"rendered":"Round Moonstone Ring"},"content":{"rendered":"<p><span style=\"font-family: times new roman,times; font-size: 12pt;\">This stone is sacred in India. It is said to generate a lucky future, protect against accidents and develop intuition.<\/span><\/p>\n<p><span style=\"font-family: times new roman,times; font-size: 12pt;\">We associate it with the femininity that it symbolizes as well as maternal tenderness and lovers.<span style=\"font-family: times new roman,times font-size: 12pt;\"> It also has the reputation of bringing gentleness, tolerance and marital happiness.<\/span><\/span><\/p>\n<p><span style=\"font-family: times new roman,times; font-size: 12pt;\"> It is also believed to have virtues to promote the hormonal balance of women and therefore to stimulate fertility, support pregnancies, soothe the pain of menstruation and regulate the effects of menopause.<\/span><br \/>\n<span style=\"font-family: times new roman,times; font-size: 12pt;\"> It is also known for its positive effects on digestion and stomach pain.<\/span><br \/>\n<span style=\"font-family: times new roman,times; font-size: 12pt;\"> She also has a poetic power that could help artists struggling with inspiration.<\/span><br \/>\n<span style=\"font-family: times new roman,times; font-size: 12pt;\"> Cette pierre est associ\u00e9e au 4\u00e8me chakra (chakra du coeur ou cardiaque) et aurait la vertu d&rsquo;en faciliter l&rsquo;ouverture. Elle aurait \u00e9galement un effet positif sur le 6\u00e8me chakra (chakra du 3\u00e8me \u0153il ou frontal).<\/span><\/p>\n<h2><span style=\"font-family: times new roman,times; font-size: 12pt;\">\u00a0<\/span><\/h2>","protected":false},"excerpt":{"rendered":"<p>Discreet and daring, this silver ring set with a round moonstone will delight every woman. A timeless gift!<\/p>\n<p>size 54 or 17.19 mm<\/p>","protected":false},"featured_media":12964,"template":"","meta":{"_et_pb_use_builder":"","_et_pb_old_content":"","_et_gb_content_width":""},"product_brand":[],"product_cat":[7415,7406],"product_tag":[8193,8296,8334,8129,8164,8336,8335],"class_list":{"0":"post-12967","1":"product","2":"type-product","3":"status-publish","4":"has-post-thumbnail","6":"product_cat-deco-terre","7":"product_cat-tous-les-produits","8":"product_tag-argent","9":"product_tag-bague","10":"product_tag-beaute","11":"product_tag-bijoux","12":"product_tag-main","13":"product_tag-pierre-de-lune","14":"product_tag-soiree","16":"first","17":"instock","18":"taxable","19":"shipping-taxable","20":"purchasable","21":"product-type-simple"},"aioseo_notices":[],"_links":{"self":[{"href":"https:\/\/arqitecture.fr\/en\/wp-json\/wp\/v2\/product\/12967","targetHints":{"allow":["GET"]}}],"collection":[{"href":"https:\/\/arqitecture.fr\/en\/wp-json\/wp\/v2\/product"}],"about":[{"href":"https:\/\/arqitecture.fr\/en\/wp-json\/wp\/v2\/types\/product"}],"wp:featuredmedia":[{"embeddable":true,"href":"https:\/\/arqitecture.fr\/en\/wp-json\/wp\/v2\/media\/12964"}],"wp:attachment":[{"href":"https:\/\/arqitecture.fr\/en\/wp-json\/wp\/v2\/media?parent=12967"}],"wp:term":[{"taxonomy":"product_brand","embeddable":true,"href":"https:\/\/arqitecture.fr\/en\/wp-json\/wp\/v2\/product_brand?post=12967"},{"taxonomy":"product_cat","embeddable":true,"href":"https:\/\/arqitecture.fr\/en\/wp-json\/wp\/v2\/product_cat?post=12967"},{"taxonomy":"product_tag","embeddable":true,"href":"https:\/\/arqitecture.fr\/en\/wp-json\/wp\/v2\/product_tag?post=12967"}],"curies":[{"name":"wp","href":"https:\/\/api.w.org\/{rel}","templated":true}]}}