{"id":12962,"date":"2024-03-23T14:16:14","date_gmt":"2024-03-23T13:16:14","guid":{"rendered":"https:\/\/site-test.jd-web-et-design.fr\/produit\/bague-onyx-rectangle-caractere-eclat-bijoux-noir\/"},"modified":"2024-10-30T13:50:43","modified_gmt":"2024-10-30T12:50:43","slug":"bague-onyx-rectangle-caractere-eclat-bijoux-noir","status":"publish","type":"product","link":"https:\/\/arqitecture.fr\/en\/product\/bague-onyx-rectangle-caractere-eclat-bijoux-noir\/","title":{"rendered":"Rectangle Onyx Ring"},"content":{"rendered":"<p>\u25ba Elle fera le plus bel effet \u00e0 votre main<\/p>\n<p>\u25ba Favorise l&rsquo;\u00e9quilibre sensoriel<\/p>\n<p>\u25ba Pour une touche de charme \u00e0 votre tenue<\/p>\n<p>\u25ba Cadeau id\u00e9al pour les amateurs ou passionn\u00e9s de pierre pr\u00e9cieuse<\/p>\n<p>\u25ba Cadeau pour une St Valentin, un anniversaire, une f\u00eates ou un mariage<\/p>\n<p>&nbsp;<\/p>\n<p>Increases emotional balance and self-control by allowing you to work in depth on yourself.<\/p>\n<p>Dirige nos forces dans l\u2019instant pr\u00e9sent et d\u00e9veloppe le sens de l\u2019exactitude, de la logique, de la responsabilit\u00e9 et de la pens\u00e9e.<\/p>\n<p>Stimulates and amplifies physical energy.<\/p>\n<p>Black onyx is said to be good for repelling negativity and deflecting negativity from others.<\/p>\n<p>It is a gem that helps improve determination and perseverance.<\/p>","protected":false},"excerpt":{"rendered":"<p>Bague de caract\u00e8re en argent\u00a0 avec une grosse pierre Onyx facett\u00e9es rectangle.<\/p>\n<p>Coup d&rsquo;\u00e9clat garanti!<\/p>\n<p>size 56 or 17.83 mm<\/p>\n<p>Provenance: Uruguay<\/p>","protected":false},"featured_media":12958,"template":"","meta":{"_et_pb_use_builder":"","_et_pb_old_content":"","_et_gb_content_width":""},"product_brand":[],"product_cat":[7415,7406],"product_tag":[8193,8296,8334,8129,8164,8040,8330,8335],"class_list":{"0":"post-12962","1":"product","2":"type-product","3":"status-publish","4":"has-post-thumbnail","6":"product_cat-deco-terre","7":"product_cat-tous-les-produits","8":"product_tag-argent","9":"product_tag-bague","10":"product_tag-beaute","11":"product_tag-bijoux","12":"product_tag-main","13":"product_tag-noir","14":"product_tag-onyx","15":"product_tag-soiree","17":"first","18":"instock","19":"taxable","20":"shipping-taxable","21":"purchasable","22":"product-type-simple"},"aioseo_notices":[],"_links":{"self":[{"href":"https:\/\/arqitecture.fr\/en\/wp-json\/wp\/v2\/product\/12962","targetHints":{"allow":["GET"]}}],"collection":[{"href":"https:\/\/arqitecture.fr\/en\/wp-json\/wp\/v2\/product"}],"about":[{"href":"https:\/\/arqitecture.fr\/en\/wp-json\/wp\/v2\/types\/product"}],"wp:featuredmedia":[{"embeddable":true,"href":"https:\/\/arqitecture.fr\/en\/wp-json\/wp\/v2\/media\/12958"}],"wp:attachment":[{"href":"https:\/\/arqitecture.fr\/en\/wp-json\/wp\/v2\/media?parent=12962"}],"wp:term":[{"taxonomy":"product_brand","embeddable":true,"href":"https:\/\/arqitecture.fr\/en\/wp-json\/wp\/v2\/product_brand?post=12962"},{"taxonomy":"product_cat","embeddable":true,"href":"https:\/\/arqitecture.fr\/en\/wp-json\/wp\/v2\/product_cat?post=12962"},{"taxonomy":"product_tag","embeddable":true,"href":"https:\/\/arqitecture.fr\/en\/wp-json\/wp\/v2\/product_tag?post=12962"}],"curies":[{"name":"wp","href":"https:\/\/api.w.org\/{rel}","templated":true}]}}