{"id":12957,"date":"2024-03-23T12:47:57","date_gmt":"2024-03-23T11:47:57","guid":{"rendered":"https:\/\/site-test.jd-web-et-design.fr\/produit\/bague-onyx-carree-argent-cadeau-femme\/"},"modified":"2024-10-30T13:51:41","modified_gmt":"2024-10-30T12:51:41","slug":"bague-onyx-carree-argent-cadeau-femme","status":"publish","type":"product","link":"https:\/\/arqitecture.fr\/en\/product\/bague-onyx-carree-argent-cadeau-femme\/","title":{"rendered":"Square Onyx Ring"},"content":{"rendered":"<p>\u25ba Elle fera le plus bel effet \u00e0 votre main<\/p>\n<p>\u25ba Favorise l&rsquo;\u00e9quilibre sensoriel<\/p>\n<p>\u25ba Pour une touche de charme \u00e0 votre tenue<\/p>\n<p>\u25ba Cadeau id\u00e9al pour les amateurs ou passionn\u00e9s de pierre pr\u00e9cieuse<\/p>\n<p>\u25ba Cadeau pour une St Valentin, un anniversaire, une f\u00eates ou un mariage<\/p>\n<p>&nbsp;<\/p>\n<p>Increases emotional balance and self-control.<\/p>\n<p>In-depth work on yourself.<\/p>\n<p>Develops logic, responsibility and thinking.<br \/>\nStimulates and amplifies physical energy.<\/p>\n<p>Black onyx is said to be good for repelling negativity and deflecting negativity from others.<br \/>\nHelps improve determination and perseverance.<\/p>","protected":false},"excerpt":{"rendered":"<p>Cette sublime bague en onyx carr\u00e9e se mariera parfaitement avec l\u2019argent pour un look frais et d\u00e9tonnant.<\/p>\n<p>Coup d&rsquo;\u00e9clat garanti!<\/p>\n<p>size 56 or 17.83 mm<\/p>\n<p>Provenance : Uruguay<\/p>","protected":false},"featured_media":12953,"template":"","meta":{"_et_pb_use_builder":"","_et_pb_old_content":"","_et_gb_content_width":""},"product_brand":[],"product_cat":[7415,7406],"product_tag":[8193,8296,8329,8332,8331,8333,8330],"class_list":{"0":"post-12957","1":"product","2":"type-product","3":"status-publish","4":"has-post-thumbnail","6":"product_cat-deco-terre","7":"product_cat-tous-les-produits","8":"product_tag-argent","9":"product_tag-bague","10":"product_tag-carre","11":"product_tag-controle-de-soi","12":"product_tag-emotion","13":"product_tag-logique","14":"product_tag-onyx","16":"first","17":"instock","18":"taxable","19":"shipping-taxable","20":"purchasable","21":"product-type-simple"},"aioseo_notices":[],"_links":{"self":[{"href":"https:\/\/arqitecture.fr\/en\/wp-json\/wp\/v2\/product\/12957","targetHints":{"allow":["GET"]}}],"collection":[{"href":"https:\/\/arqitecture.fr\/en\/wp-json\/wp\/v2\/product"}],"about":[{"href":"https:\/\/arqitecture.fr\/en\/wp-json\/wp\/v2\/types\/product"}],"wp:featuredmedia":[{"embeddable":true,"href":"https:\/\/arqitecture.fr\/en\/wp-json\/wp\/v2\/media\/12953"}],"wp:attachment":[{"href":"https:\/\/arqitecture.fr\/en\/wp-json\/wp\/v2\/media?parent=12957"}],"wp:term":[{"taxonomy":"product_brand","embeddable":true,"href":"https:\/\/arqitecture.fr\/en\/wp-json\/wp\/v2\/product_brand?post=12957"},{"taxonomy":"product_cat","embeddable":true,"href":"https:\/\/arqitecture.fr\/en\/wp-json\/wp\/v2\/product_cat?post=12957"},{"taxonomy":"product_tag","embeddable":true,"href":"https:\/\/arqitecture.fr\/en\/wp-json\/wp\/v2\/product_tag?post=12957"}],"curies":[{"name":"wp","href":"https:\/\/api.w.org\/{rel}","templated":true}]}}