{"id":12947,"date":"2024-03-23T12:45:14","date_gmt":"2024-03-23T11:45:14","guid":{"rendered":"https:\/\/site-test.jd-web-et-design.fr\/produit\/bague-oeil-du-tigre-argent-pierre-precieuse-propietes-cadeaux\/"},"modified":"2024-10-30T13:53:02","modified_gmt":"2024-10-30T12:53:02","slug":"bague-oeil-du-tigre-argent-pierre-precieuse-propietes-cadeaux","status":"publish","type":"product","link":"https:\/\/arqitecture.fr\/en\/product\/bague-oeil-du-tigre-argent-pierre-precieuse-propietes-cadeaux\/","title":{"rendered":"Bague \u0152il du Tigre"},"content":{"rendered":"<p>\u25ba Elle fera le plus bel effet \u00e0 votre main<\/p>\n<p>\u25ba Favorise l&rsquo;\u00e9quilibre \u00e9motionnel<\/p>\n<p>\u25ba Pour une touche de charme \u00e0 votre tenue<\/p>\n<p>\u25ba Cadeau id\u00e9al pour les amateurs ou passionn\u00e9s de pierre pr\u00e9cieuse<\/p>\n<p>\u25ba Cadeau pour une St Valentin, un anniversaire, une f\u00eates ou un mariage<\/p>\n<p>&nbsp;<\/p>\n<p>It strengthens bones and joints.<br \/>\nIt has a soothing effect in cases of shortness of breath and asthma.<br \/>\nIt calms the nerves.<br \/>\nIt strengthens and strengthens the liver.<br \/>\nSlows down the action of bacteria and regulates the adrenal gland.<br \/>\nThe tiger&#039;s eye protects against possible spells that may have been cast on you.<br \/>\nIt chases away negative vibes from home.<br \/>\nIts radiance sheds light on our blockages and helps us dissolve them.<br \/>\nIt raises awareness of the harm that an ill-intentioned person does to those around them by making them suffer in turn.<br \/>\nIt is a stone of good, do evil and it will reward you.<br \/>\nTiger&#039;s eye fills us with warmth and security.<br \/>\nPerfect for concentrating and recharging with energy.<br \/>\nTiger&#039;s eye is the stone of instinct.<br \/>\nIt sharpens intuition and helps prevent difficulties inherent in business and financial enterprises.<\/p>","protected":false},"excerpt":{"rendered":"<p>Discreet with smooth lines, this silver ring set with a Tiger&#039;s Eye stone remains timeless and intense in circumstances, to satisfy every woman.<\/p>\n<p>size 54 or 17.19 mm<\/p>\n<p>Provenance : Birmanie<\/p>\n<p>&nbsp;<\/p>","protected":false},"featured_media":12943,"template":"","meta":{"_et_pb_use_builder":"","_et_pb_old_content":"","_et_gb_content_width":""},"product_brand":[],"product_cat":[7415,7406],"product_tag":[8193,8296,8234,8324,7996,8242,8319],"class_list":{"0":"post-12947","1":"product","2":"type-product","3":"status-publish","4":"has-post-thumbnail","6":"product_cat-deco-terre","7":"product_cat-tous-les-produits","8":"product_tag-argent","9":"product_tag-bague","10":"product_tag-force","11":"product_tag-oeil-du-tigre","12":"product_tag-pierre","13":"product_tag-precieuse","14":"product_tag-vertu","16":"first","17":"instock","18":"taxable","19":"shipping-taxable","20":"purchasable","21":"product-type-simple"},"aioseo_notices":[],"_links":{"self":[{"href":"https:\/\/arqitecture.fr\/en\/wp-json\/wp\/v2\/product\/12947","targetHints":{"allow":["GET"]}}],"collection":[{"href":"https:\/\/arqitecture.fr\/en\/wp-json\/wp\/v2\/product"}],"about":[{"href":"https:\/\/arqitecture.fr\/en\/wp-json\/wp\/v2\/types\/product"}],"wp:featuredmedia":[{"embeddable":true,"href":"https:\/\/arqitecture.fr\/en\/wp-json\/wp\/v2\/media\/12943"}],"wp:attachment":[{"href":"https:\/\/arqitecture.fr\/en\/wp-json\/wp\/v2\/media?parent=12947"}],"wp:term":[{"taxonomy":"product_brand","embeddable":true,"href":"https:\/\/arqitecture.fr\/en\/wp-json\/wp\/v2\/product_brand?post=12947"},{"taxonomy":"product_cat","embeddable":true,"href":"https:\/\/arqitecture.fr\/en\/wp-json\/wp\/v2\/product_cat?post=12947"},{"taxonomy":"product_tag","embeddable":true,"href":"https:\/\/arqitecture.fr\/en\/wp-json\/wp\/v2\/product_tag?post=12947"}],"curies":[{"name":"wp","href":"https:\/\/api.w.org\/{rel}","templated":true}]}}