{"id":12942,"date":"2024-03-23T12:44:35","date_gmt":"2024-03-23T11:44:35","guid":{"rendered":"https:\/\/site-test.jd-web-et-design.fr\/produit\/bague-oeil-du-tigre-argent-pierre-cadeau-femme\/"},"modified":"2024-10-30T13:55:30","modified_gmt":"2024-10-30T12:55:30","slug":"bague-oeil-du-tigre-argent-pierre-cadeau-femme","status":"publish","type":"product","link":"https:\/\/arqitecture.fr\/en\/product\/bague-oeil-du-tigre-argent-pierre-cadeau-femme\/","title":{"rendered":"Bague \u0152il du Tigre ovale"},"content":{"rendered":"<p>\u25ba Elle fera le plus bel effet \u00e0 votre main<\/p>\n<p>\u25ba Favorise l&rsquo;\u00e9quilibre \u00e9motionnel<\/p>\n<p>\u25ba Pour une touche de charme \u00e0 votre tenue<\/p>\n<p>\u25ba Cadeau id\u00e9al pour les amateurs ou passionn\u00e9s de pierre pr\u00e9cieuse<\/p>\n<p>\u25ba Cadeau pour une St Valentin, un anniversaire, une f\u00eates ou un mariage<\/p>\n<p>It strengthens bones and joints.<br \/>\nIt has a soothing effect in cases of shortness of breath and asthma.<br \/>\nIt calms the nerves.<br \/>\nIt strengthens and strengthens the liver.<br \/>\nSlows down the action of bacteria and regulates the adrenal gland.<br \/>\nThe tiger&#039;s eye protects against possible spells that may have been cast on you.<br \/>\nIt chases away negative vibes from home.<br \/>\nIts radiance sheds light on our blockages and helps us dissolve them.<br \/>\nIt raises awareness of the harm that an ill-intentioned person does to those around them by making them suffer in turn.<br \/>\nIt is a stone of good, do evil and it will reward you.<br \/>\nTiger&#039;s eye fills us with warmth and security.<br \/>\nPerfect for concentrating and recharging with energy.<br \/>\nTiger&#039;s eye is the stone of instinct.<br \/>\nIt sharpens intuition and helps prevent difficulties inherent in business and financial enterprises.<\/p>","protected":false},"excerpt":{"rendered":"<p>Bague\u00a0argent 4,5g et pierre ovale \u0153il du tigre.<\/p>\n<p>size 54 or 17.19 mm<\/p>\n<p>Provenance : Birmanie<\/p>","protected":false},"featured_media":12938,"template":"","meta":{"_et_pb_use_builder":"","_et_pb_old_content":"","_et_gb_content_width":""},"product_brand":[],"product_cat":[7415,7406],"product_tag":[],"class_list":{"0":"post-12942","1":"product","2":"type-product","3":"status-publish","4":"has-post-thumbnail","6":"product_cat-deco-terre","7":"product_cat-tous-les-produits","9":"first","10":"instock","11":"taxable","12":"shipping-taxable","13":"purchasable","14":"product-type-simple"},"aioseo_notices":[],"_links":{"self":[{"href":"https:\/\/arqitecture.fr\/en\/wp-json\/wp\/v2\/product\/12942","targetHints":{"allow":["GET"]}}],"collection":[{"href":"https:\/\/arqitecture.fr\/en\/wp-json\/wp\/v2\/product"}],"about":[{"href":"https:\/\/arqitecture.fr\/en\/wp-json\/wp\/v2\/types\/product"}],"wp:featuredmedia":[{"embeddable":true,"href":"https:\/\/arqitecture.fr\/en\/wp-json\/wp\/v2\/media\/12938"}],"wp:attachment":[{"href":"https:\/\/arqitecture.fr\/en\/wp-json\/wp\/v2\/media?parent=12942"}],"wp:term":[{"taxonomy":"product_brand","embeddable":true,"href":"https:\/\/arqitecture.fr\/en\/wp-json\/wp\/v2\/product_brand?post=12942"},{"taxonomy":"product_cat","embeddable":true,"href":"https:\/\/arqitecture.fr\/en\/wp-json\/wp\/v2\/product_cat?post=12942"},{"taxonomy":"product_tag","embeddable":true,"href":"https:\/\/arqitecture.fr\/en\/wp-json\/wp\/v2\/product_tag?post=12942"}],"curies":[{"name":"wp","href":"https:\/\/api.w.org\/{rel}","templated":true}]}}