{"id":12927,"date":"2024-03-23T11:45:44","date_gmt":"2024-03-23T10:45:44","guid":{"rendered":"https:\/\/site-test.jd-web-et-design.fr\/produit\/bague-marcassite-argent-bijoux-cadeaux-femme\/"},"modified":"2024-10-30T13:35:27","modified_gmt":"2024-10-30T12:35:27","slug":"bague-marcassite-argent-bijoux-cadeaux-femme","status":"publish","type":"product","link":"https:\/\/arqitecture.fr\/en\/product\/bague-marcassite-argent-bijoux-cadeaux-femme\/","title":{"rendered":"Marcasite Ring"},"content":{"rendered":"<p>\u25ba Elle fera le plus bel effet \u00e0 votre main<\/p>\n<p>\u25ba Favorise l&rsquo;\u00e9quilibre mental<\/p>\n<p>\u25ba Pour une touche de charme \u00e0 votre tenue<\/p>\n<p>\u25ba Cadeau id\u00e9al pour les amateurs ou passionn\u00e9s de pierre pr\u00e9cieuse<\/p>\n<p>\u25ba Cadeau pour une St Valentin, un anniversaire, une f\u00eates ou un mariage<\/p>\n<p>&nbsp;<\/p>\n<p>Marcasite stimulates memory, stimulates intellectual faculties, mental stability and increases energy. <\/p>\n<p>It is purity of the soul and serenity.<\/p>\n<p>It acts on the respiratory tract by purifying and unclogging the bronchi.<br \/>\nThanks to its high iron content, it helps fight anemia.<br \/>\nIt develops fatigue resistance capabilities.<\/p>\n<p>Nettoyage \u00e0 la vapeur.<\/p>","protected":false},"excerpt":{"rendered":"<p>El\u00e9gante bague en argent sertie de Marcassites.<\/p>\n<p>La touche finale pour une allure distingu\u00e9e.<\/p>\n<p>size 62 or 19.74 mm<\/p>\n<p>Provenance: France<\/p>","protected":false},"featured_media":12923,"template":"","meta":{"_et_pb_use_builder":"","_et_pb_old_content":"","_et_gb_content_width":""},"product_brand":[],"product_cat":[7415,7406],"product_tag":[8193,8296,8129,8298,8320,8321],"class_list":{"0":"post-12927","1":"product","2":"type-product","3":"status-publish","4":"has-post-thumbnail","6":"product_cat-deco-terre","7":"product_cat-tous-les-produits","8":"product_tag-argent","9":"product_tag-bague","10":"product_tag-bijoux","11":"product_tag-energie","12":"product_tag-marcassite","13":"product_tag-memoire","15":"first","16":"instock","17":"taxable","18":"shipping-taxable","19":"purchasable","20":"product-type-simple"},"aioseo_notices":[],"_links":{"self":[{"href":"https:\/\/arqitecture.fr\/en\/wp-json\/wp\/v2\/product\/12927","targetHints":{"allow":["GET"]}}],"collection":[{"href":"https:\/\/arqitecture.fr\/en\/wp-json\/wp\/v2\/product"}],"about":[{"href":"https:\/\/arqitecture.fr\/en\/wp-json\/wp\/v2\/types\/product"}],"wp:featuredmedia":[{"embeddable":true,"href":"https:\/\/arqitecture.fr\/en\/wp-json\/wp\/v2\/media\/12923"}],"wp:attachment":[{"href":"https:\/\/arqitecture.fr\/en\/wp-json\/wp\/v2\/media?parent=12927"}],"wp:term":[{"taxonomy":"product_brand","embeddable":true,"href":"https:\/\/arqitecture.fr\/en\/wp-json\/wp\/v2\/product_brand?post=12927"},{"taxonomy":"product_cat","embeddable":true,"href":"https:\/\/arqitecture.fr\/en\/wp-json\/wp\/v2\/product_cat?post=12927"},{"taxonomy":"product_tag","embeddable":true,"href":"https:\/\/arqitecture.fr\/en\/wp-json\/wp\/v2\/product_tag?post=12927"}],"curies":[{"name":"wp","href":"https:\/\/api.w.org\/{rel}","templated":true}]}}