{"id":12911,"date":"2024-03-23T17:02:07","date_gmt":"2024-03-23T16:02:07","guid":{"rendered":"https:\/\/site-test.jd-web-et-design.fr\/produit\/lapis-lazuli-bague-argent-bijoux\/"},"modified":"2024-10-30T13:43:39","modified_gmt":"2024-10-30T12:43:39","slug":"lapis-lazuli-bague-argent-bijoux","status":"publish","type":"product","link":"https:\/\/arqitecture.fr\/en\/product\/lapis-lazuli-bague-argent-bijoux\/","title":{"rendered":"Lapis Lazuli Ring"},"content":{"rendered":"<p>\u25ba Elle fera le plus bel effet \u00e0 votre main<\/p>\n<p>\u25ba Favorise l&rsquo;\u00e9quilibre sensoriel<\/p>\n<p>\u25ba Pour une touche de charme \u00e0 votre tenue<\/p>\n<p>\u25ba Cadeau id\u00e9al pour les amateurs ou passionn\u00e9s de pierre pr\u00e9cieuse<\/p>\n<p>\u25ba Cadeau pour une St Valentin, un anniversaire, une f\u00eates ou un mariage<\/p>\n<p>&nbsp;<\/p>\n<p><span style=\"font-family: arial,helvetica,sans-serif;\">Effective for rashes, insect bites.<\/span><\/p>\n<p><span style=\"font-family: arial,helvetica,sans-serif;\">It fights allergies, eczema, herpes, dandruff.<\/span><\/p>\n<p><span style=\"font-family: arial,helvetica,sans-serif;\">Fights hair loss and gives healthy hair.<\/span><\/p>\n<p><span style=\"font-family: arial,helvetica,sans-serif;\">It relieves fever, headaches, ear pain and depressive states.<\/span><\/p>\n<p><span style=\"font-family: arial,helvetica,sans-serif;\">It stimulates the action of the lungs and eyes.<\/span><\/p>\n<p><span style=\"font-family: arial,helvetica,sans-serif;\">It remedies lymph and thyroid disorders.<\/span><\/p>\n<p><span style=\"font-family: arial,helvetica,sans-serif;\">Il soulage des obstructions au niveau de la gorge, soulage les douleurs caus\u00e9es par l&rsquo;arthrose cervicale<\/span><span style=\"font-family: arial,helvetica,sans-serif;\">.<\/span><\/p>\n<p><span style=\"font-family: arial,helvetica,sans-serif;\">It is particularly recommended for all nervous people on whom it has a very effective calming action.<\/span><\/p>\n<p><span style=\"font-family: arial,helvetica,sans-serif;\">It provides good sleep and develops intuition.<\/span><\/p>\n<p><span style=\"font-family: arial,helvetica,sans-serif;\">Symbol of cheerfulness and harmony, stone of love and friendship, it creates around its owner an aura of tenderness and sympathy.<\/span><\/p>\n<p><span style=\"font-family: arial,helvetica,sans-serif;\">Helps us to better assimilate our repressions.<\/span><\/p>\n<p><span style=\"font-family: arial,helvetica,sans-serif;\">It removes our sorrows, our anxieties and our blockages in the area of our emotions.<\/span><\/p>","protected":false},"excerpt":{"rendered":"<p>Generous round Lapis lazuli ring and solid silver ring. For an assertive style that is both rock and chic.<\/p>\n<p>Unique piece<\/p>\n<p>size 62 or 19.74 mm<\/p>\n<p>Provenance : Afghanistan<\/p>","protected":false},"featured_media":12907,"template":"","meta":{"_et_pb_use_builder":"","_et_pb_old_content":"","_et_gb_content_width":""},"product_brand":[],"product_cat":[7415,7406],"product_tag":[8193,8296,8129,8317],"class_list":{"0":"post-12911","1":"product","2":"type-product","3":"status-publish","4":"has-post-thumbnail","6":"product_cat-deco-terre","7":"product_cat-tous-les-produits","8":"product_tag-argent","9":"product_tag-bague","10":"product_tag-bijoux","11":"product_tag-lapis-lazuli","13":"first","14":"instock","15":"sale","16":"taxable","17":"shipping-taxable","18":"purchasable","19":"product-type-simple"},"aioseo_notices":[],"_links":{"self":[{"href":"https:\/\/arqitecture.fr\/en\/wp-json\/wp\/v2\/product\/12911","targetHints":{"allow":["GET"]}}],"collection":[{"href":"https:\/\/arqitecture.fr\/en\/wp-json\/wp\/v2\/product"}],"about":[{"href":"https:\/\/arqitecture.fr\/en\/wp-json\/wp\/v2\/types\/product"}],"wp:featuredmedia":[{"embeddable":true,"href":"https:\/\/arqitecture.fr\/en\/wp-json\/wp\/v2\/media\/12907"}],"wp:attachment":[{"href":"https:\/\/arqitecture.fr\/en\/wp-json\/wp\/v2\/media?parent=12911"}],"wp:term":[{"taxonomy":"product_brand","embeddable":true,"href":"https:\/\/arqitecture.fr\/en\/wp-json\/wp\/v2\/product_brand?post=12911"},{"taxonomy":"product_cat","embeddable":true,"href":"https:\/\/arqitecture.fr\/en\/wp-json\/wp\/v2\/product_cat?post=12911"},{"taxonomy":"product_tag","embeddable":true,"href":"https:\/\/arqitecture.fr\/en\/wp-json\/wp\/v2\/product_tag?post=12911"}],"curies":[{"name":"wp","href":"https:\/\/api.w.org\/{rel}","templated":true}]}}