{"id":12906,"date":"2024-03-23T17:59:24","date_gmt":"2024-03-23T16:59:24","guid":{"rendered":"https:\/\/site-test.jd-web-et-design.fr\/produit\/bague-labradorite-ronde-argent-cadeau-femme\/"},"modified":"2024-10-30T13:46:28","modified_gmt":"2024-10-30T12:46:28","slug":"bague-labradorite-ronde-argent-cadeau-femme","status":"publish","type":"product","link":"https:\/\/arqitecture.fr\/en\/product\/bague-labradorite-ronde-argent-cadeau-femme\/","title":{"rendered":"Round Labradorite Ring"},"content":{"rendered":"<p>\u25ba Elle fera le plus bel effet \u00e0 votre mains<\/p>\n<p>\u25ba Favorise l&rsquo;\u00e9quilibre \u00e9motionnel<\/p>\n<p>\u25ba Pour une touche de nature \u00e0 vos tenus<\/p>\n<p>\u25ba Pour une touche de charme \u00e0 votre tenue<\/p>\n<p>\u25ba Cadeau id\u00e9al pour les amateurs ou passionn\u00e9s de pierre pr\u00e9cieuse<\/p>\n<p>\u25ba Cadeau pour une St Valentin, un anniversaire, une f\u00eates ou un mariage<\/p>\n<p>It absorbs the negative energies, evils and sorrows of others.<br \/>\nIt will develop self-healing abilities.<br \/>\nIt stimulates blood circulation.<br \/>\nVery useful for relieving rheumatism.<br \/>\nAffixed to the spine, it rebalances the vertebrae.<br \/>\nIt is the stone that creates friendships because it amplifies the gift of pleasing others.<br \/>\nExcellent energy catalyst tool for the dowser.<br \/>\nIt rests during great physical and intellectual fatigue.<\/p>","protected":false},"excerpt":{"rendered":"<p>Cette \u00e9l\u00e9gante bague sertie d&rsquo;une Labradorite ronde se marie parfaitement avec l&rsquo;argent de son anneau.<\/p>\n<p>Un bijou captivant.<\/p>\n<p>size 56 or 17.83 mm<\/p>\n<p>Provenance : Madagascar<\/p>","protected":false},"featured_media":12902,"template":"","meta":{"_et_pb_use_builder":"","_et_pb_old_content":"","_et_gb_content_width":""},"product_brand":[],"product_cat":[7415,7406],"product_tag":[8193,8296,8314,8315,8053,8311],"class_list":{"0":"post-12906","1":"product","2":"type-product","3":"status-publish","4":"has-post-thumbnail","6":"product_cat-deco-terre","7":"product_cat-tous-les-produits","8":"product_tag-argent","9":"product_tag-bague","10":"product_tag-labradorite","11":"product_tag-reequilibre","12":"product_tag-ronde","13":"product_tag-stimule","15":"first","16":"instock","17":"taxable","18":"shipping-taxable","19":"purchasable","20":"product-type-simple"},"aioseo_notices":[],"_links":{"self":[{"href":"https:\/\/arqitecture.fr\/en\/wp-json\/wp\/v2\/product\/12906","targetHints":{"allow":["GET"]}}],"collection":[{"href":"https:\/\/arqitecture.fr\/en\/wp-json\/wp\/v2\/product"}],"about":[{"href":"https:\/\/arqitecture.fr\/en\/wp-json\/wp\/v2\/types\/product"}],"wp:featuredmedia":[{"embeddable":true,"href":"https:\/\/arqitecture.fr\/en\/wp-json\/wp\/v2\/media\/12902"}],"wp:attachment":[{"href":"https:\/\/arqitecture.fr\/en\/wp-json\/wp\/v2\/media?parent=12906"}],"wp:term":[{"taxonomy":"product_brand","embeddable":true,"href":"https:\/\/arqitecture.fr\/en\/wp-json\/wp\/v2\/product_brand?post=12906"},{"taxonomy":"product_cat","embeddable":true,"href":"https:\/\/arqitecture.fr\/en\/wp-json\/wp\/v2\/product_cat?post=12906"},{"taxonomy":"product_tag","embeddable":true,"href":"https:\/\/arqitecture.fr\/en\/wp-json\/wp\/v2\/product_tag?post=12906"}],"curies":[{"name":"wp","href":"https:\/\/api.w.org\/{rel}","templated":true}]}}