{"id":12896,"date":"2024-03-23T18:06:28","date_gmt":"2024-03-23T17:06:28","guid":{"rendered":"https:\/\/site-test.jd-web-et-design.fr\/produit\/bague-labradorite-argent-stimule-cadeau-femme-2\/"},"modified":"2024-10-30T12:01:38","modified_gmt":"2024-10-30T11:01:38","slug":"bague-labradorite-argent-stimule-cadeau-femme-2","status":"publish","type":"product","link":"https:\/\/arqitecture.fr\/en\/product\/bague-labradorite-argent-stimule-cadeau-femme-2\/","title":{"rendered":"Bague 3 pierres Labradorites"},"content":{"rendered":"<p>\u25ba Elle fera le plus bel effet \u00e0 votre main<\/p>\n<p>\u25ba Favorise l&rsquo;\u00e9quilibre sensoriel<\/p>\n<p>\u25ba Pour une touche de charme \u00e0 votre tenue<\/p>\n<p>\u25ba Cadeau id\u00e9al pour les amateurs ou passionn\u00e9s de pierre pr\u00e9cieuse<\/p>\n<p>\u25ba Cadeau pour une St Valentin, un anniversaire, une f\u00eates ou un mariage<\/p>\n<p>It absorbs the negative energies, evils and sorrows of others.<br \/>\nThis property makes it a good accessory for all diseases.<br \/>\nIt will develop self-healing abilities.<br \/>\nIt stimulates blood circulation.<br \/>\nVery useful for relieving rheumatism.<br \/>\nAffixed to the spine, it rebalances the vertebrae.<br \/>\nIt is the stone that creates friendships because it amplifies the gift of pleasing others.<br \/>\nExcellent energy catalyst tool for the dowser.<br \/>\nIt rests during great physical and intellectual fatigue.<\/p>","protected":false},"excerpt":{"rendered":"<p>Cette bague sertie de 3 pierres de Labradorite se marie parfaitement avec l&rsquo;argent de son anneau.<\/p>\n<p>Un bijou captivant.<\/p>\n<p>size 56 or 17.83 mm<\/p>\n<p>Provenance : Madagascar<\/p>","protected":false},"featured_media":12892,"template":"","meta":{"_et_pb_use_builder":"","_et_pb_old_content":"","_et_gb_content_width":""},"product_brand":[],"product_cat":[7415,7406],"product_tag":[8193,8296,8304,8314,8315,8311],"class_list":{"0":"post-12896","1":"product","2":"type-product","3":"status-publish","4":"has-post-thumbnail","6":"product_cat-deco-terre","7":"product_cat-tous-les-produits","8":"product_tag-argent","9":"product_tag-bague","10":"product_tag-fiancaille","11":"product_tag-labradorite","12":"product_tag-reequilibre","13":"product_tag-stimule","15":"first","16":"instock","17":"taxable","18":"shipping-taxable","19":"purchasable","20":"product-type-simple"},"aioseo_notices":[],"_links":{"self":[{"href":"https:\/\/arqitecture.fr\/en\/wp-json\/wp\/v2\/product\/12896","targetHints":{"allow":["GET"]}}],"collection":[{"href":"https:\/\/arqitecture.fr\/en\/wp-json\/wp\/v2\/product"}],"about":[{"href":"https:\/\/arqitecture.fr\/en\/wp-json\/wp\/v2\/types\/product"}],"wp:featuredmedia":[{"embeddable":true,"href":"https:\/\/arqitecture.fr\/en\/wp-json\/wp\/v2\/media\/12892"}],"wp:attachment":[{"href":"https:\/\/arqitecture.fr\/en\/wp-json\/wp\/v2\/media?parent=12896"}],"wp:term":[{"taxonomy":"product_brand","embeddable":true,"href":"https:\/\/arqitecture.fr\/en\/wp-json\/wp\/v2\/product_brand?post=12896"},{"taxonomy":"product_cat","embeddable":true,"href":"https:\/\/arqitecture.fr\/en\/wp-json\/wp\/v2\/product_cat?post=12896"},{"taxonomy":"product_tag","embeddable":true,"href":"https:\/\/arqitecture.fr\/en\/wp-json\/wp\/v2\/product_tag?post=12896"}],"curies":[{"name":"wp","href":"https:\/\/api.w.org\/{rel}","templated":true}]}}