{"id":12881,"date":"2024-03-23T11:49:39","date_gmt":"2024-03-23T10:49:39","guid":{"rendered":"https:\/\/site-test.jd-web-et-design.fr\/produit\/bague-kyanit-argent-stimule-reves-mental\/"},"modified":"2024-10-30T14:00:30","modified_gmt":"2024-10-30T13:00:30","slug":"bague-kyanit-argent-stimule-reves-mental","status":"publish","type":"product","link":"https:\/\/arqitecture.fr\/en\/product\/bague-kyanit-argent-stimule-reves-mental\/","title":{"rendered":"Bague Kyanite"},"content":{"rendered":"<p>\u25ba Elle fera le plus bel effet \u00e0 votre main<\/p>\n<p>\u25ba Pour une touche de charme \u00e0 votre tenue<\/p>\n<p>\u25ba Cadeau id\u00e9al pour les amateurs ou passionn\u00e9s de pierre pr\u00e9cieuse<\/p>\n<p>\u25ba Cadeau pour une St Valentin, un anniversaire, une f\u00eates ou un mariage<\/p>\n<p>La kyanite stimule l&rsquo;attention et le d\u00e9veloppement psychique sup\u00e9rieur.<\/p>\n<p>Kyanite can promote healing dreams and connect you with your spirit guides.<\/p>\n<p>It is an excellent stone for dissolving psychic barriers, eliminating fears, and stimulating the function of the higher mind. The benefits are seen in improved communication and better reasoning.<\/p>","protected":false},"excerpt":{"rendered":"<p>El\u00e9gante bague sertie d&rsquo;une Kyanite , la couleur bleu de cette pierre illumine l&rsquo;argent de l&rsquo;anneau. <\/p>\n<p>F\u00e9minine et raffin\u00e9e, pour combler chacune des femmes.<\/p>\n<p>Silver 4.1g<\/p>\n<p>size 62 or 19.74 mm<\/p>\n<p>Provenance : Kenya<\/p>","protected":false},"featured_media":12877,"template":"","meta":{"_et_pb_use_builder":"","_et_pb_old_content":"","_et_gb_content_width":""},"product_brand":[],"product_cat":[7415,7406],"product_tag":[8193,8296,8310,8309,8313,8312,8311],"class_list":{"0":"post-12881","1":"product","2":"type-product","3":"status-publish","4":"has-post-thumbnail","6":"product_cat-deco-terre","7":"product_cat-tous-les-produits","8":"product_tag-argent","9":"product_tag-bague","10":"product_tag-facette","11":"product_tag-kyanit","12":"product_tag-mental","13":"product_tag-reve","14":"product_tag-stimule","16":"first","17":"instock","18":"taxable","19":"shipping-taxable","20":"purchasable","21":"product-type-simple"},"aioseo_notices":[],"_links":{"self":[{"href":"https:\/\/arqitecture.fr\/en\/wp-json\/wp\/v2\/product\/12881","targetHints":{"allow":["GET"]}}],"collection":[{"href":"https:\/\/arqitecture.fr\/en\/wp-json\/wp\/v2\/product"}],"about":[{"href":"https:\/\/arqitecture.fr\/en\/wp-json\/wp\/v2\/types\/product"}],"wp:featuredmedia":[{"embeddable":true,"href":"https:\/\/arqitecture.fr\/en\/wp-json\/wp\/v2\/media\/12877"}],"wp:attachment":[{"href":"https:\/\/arqitecture.fr\/en\/wp-json\/wp\/v2\/media?parent=12881"}],"wp:term":[{"taxonomy":"product_brand","embeddable":true,"href":"https:\/\/arqitecture.fr\/en\/wp-json\/wp\/v2\/product_brand?post=12881"},{"taxonomy":"product_cat","embeddable":true,"href":"https:\/\/arqitecture.fr\/en\/wp-json\/wp\/v2\/product_cat?post=12881"},{"taxonomy":"product_tag","embeddable":true,"href":"https:\/\/arqitecture.fr\/en\/wp-json\/wp\/v2\/product_tag?post=12881"}],"curies":[{"name":"wp","href":"https:\/\/api.w.org\/{rel}","templated":true}]}}