{"id":12871,"date":"2024-03-23T11:21:27","date_gmt":"2024-03-23T10:21:27","guid":{"rendered":"https:\/\/site-test.jd-web-et-design.fr\/produit\/bague-grenat-argent-cadeau-femme\/"},"modified":"2024-10-30T14:23:41","modified_gmt":"2024-10-30T13:23:41","slug":"bague-grenat-argent-cadeau-femme","status":"publish","type":"product","link":"https:\/\/arqitecture.fr\/en\/product\/bague-grenat-argent-cadeau-femme\/","title":{"rendered":"Bague Grenat"},"content":{"rendered":"<p>\u25ba Elle fera le plus bel effet \u00e0 votre main<\/p>\n<p>\u25ba Favorise l&rsquo;\u00e9quilibre \u00e9motionnel<\/p>\n<p>\u25ba Pour une touche de charme \u00e0 votre tenue<\/p>\n<p>\u25ba Cadeau id\u00e9al pour les amateurs ou passionn\u00e9s de pierre pr\u00e9cieuse<\/p>\n<p>\u25ba Cadeau pour une St Valentin, un anniversaire, une f\u00eates ou un mariage<\/p>\n<p>&nbsp;<\/p>\n<p>Consid\u00e9r\u00e9e comme la pierre de la d\u00e9votion.<\/p>\n<p>Stimule les sens, la vitalit\u00e9 et augmenter l&rsquo;endurance.<\/p>\n<p>Le grenat aide, dit-on, \u00e0 attirer la chance dans les entreprises.<\/p>","protected":false},"excerpt":{"rendered":"<p>This dazzling silver ring set with 5 garnets will add the finishing touch to your outfit.<\/p>\n<p>size 54 or 17.19 mm<\/p>\n<p>Provenance : Sri Lanka<\/p>","protected":false},"featured_media":12867,"template":"","meta":{"_et_pb_use_builder":"","_et_pb_old_content":"","_et_gb_content_width":""},"product_brand":[],"product_cat":[7415,7406],"product_tag":[8193,8296,8064,8306,8081,8305],"class_list":{"0":"post-12871","1":"product","2":"type-product","3":"status-publish","4":"has-post-thumbnail","6":"product_cat-deco-terre","7":"product_cat-tous-les-produits","8":"product_tag-argent","9":"product_tag-bague","10":"product_tag-cadeau","11":"product_tag-eclatante","12":"product_tag-femme","13":"product_tag-grenat","15":"first","16":"instock","17":"taxable","18":"shipping-taxable","19":"purchasable","20":"product-type-simple"},"aioseo_notices":[],"_links":{"self":[{"href":"https:\/\/arqitecture.fr\/en\/wp-json\/wp\/v2\/product\/12871","targetHints":{"allow":["GET"]}}],"collection":[{"href":"https:\/\/arqitecture.fr\/en\/wp-json\/wp\/v2\/product"}],"about":[{"href":"https:\/\/arqitecture.fr\/en\/wp-json\/wp\/v2\/types\/product"}],"wp:featuredmedia":[{"embeddable":true,"href":"https:\/\/arqitecture.fr\/en\/wp-json\/wp\/v2\/media\/12867"}],"wp:attachment":[{"href":"https:\/\/arqitecture.fr\/en\/wp-json\/wp\/v2\/media?parent=12871"}],"wp:term":[{"taxonomy":"product_brand","embeddable":true,"href":"https:\/\/arqitecture.fr\/en\/wp-json\/wp\/v2\/product_brand?post=12871"},{"taxonomy":"product_cat","embeddable":true,"href":"https:\/\/arqitecture.fr\/en\/wp-json\/wp\/v2\/product_cat?post=12871"},{"taxonomy":"product_tag","embeddable":true,"href":"https:\/\/arqitecture.fr\/en\/wp-json\/wp\/v2\/product_tag?post=12871"}],"curies":[{"name":"wp","href":"https:\/\/api.w.org\/{rel}","templated":true}]}}