{"id":12840,"date":"2024-03-23T16:52:03","date_gmt":"2024-03-23T15:52:03","guid":{"rendered":"https:\/\/site-test.jd-web-et-design.fr\/produit\/bague-agate-rouge-argent-cadeau-femme\/"},"modified":"2024-10-30T13:44:54","modified_gmt":"2024-10-30T12:44:54","slug":"bague-agate-rouge-argent-cadeau-femme","status":"publish","type":"product","link":"https:\/\/arqitecture.fr\/en\/product\/bague-agate-rouge-argent-cadeau-femme\/","title":{"rendered":"Red Agate Ring"},"content":{"rendered":"<p>\u25ba Elle fera le plus bel effet \u00e0 votre main<\/p>\n<p>\u25ba Favorise l&rsquo;\u00e9quilibre sensoriel<\/p>\n<p>\u25ba Pour une touche de charme \u00e0 votre tenue<\/p>\n<p>\u25ba Cadeau id\u00e9al pour les amateurs ou passionn\u00e9s de pierre pr\u00e9cieuse<\/p>\n<p>\u25ba Cadeau pour une St Valentin, un anniversaire, une f\u00eates ou un mariage<\/p>\n<p>&nbsp;<\/p>\n<p class=\"summary\"><span style=\"font-family: arial,helvetica,sans-serif;\">Beneficial and soothing effects on the environment.<\/span><\/p>\n<p><span style=\"font-family: arial,helvetica,sans-serif;\">Agate stimulates the sense of hearing. Acts on<span style=\"font-family: arial,helvetica,sans-serif;\"> headaches, cramps and back pain. <\/span><\/span><\/p>\n<p><span style=\"font-family: arial,helvetica,sans-serif;\">It acts on eye diseases and weaknesses.<\/span><\/p>\n<p><span style=\"font-family: arial,helvetica,sans-serif;\">It is a restorative for all reproductive organs, which is why it is very effective during the pregnancy period.<\/span><\/p>\n<p><span style=\"font-family: arial,helvetica,sans-serif;\">On peut \u00e9galement l&rsquo;utiliser pour soigner l&rsquo;\u00e9pilepsie, les maladies des reins, de l&rsquo;intestin et pour la prostate, les congestions et les enflures. <\/span><\/p>\n<p><span style=\"font-family: arial,helvetica,sans-serif;\">Elle fortifie les poumons, l&rsquo;estomac, le foie et le cerveau. <\/span><\/p>\n<p><span style=\"font-family: arial,helvetica,sans-serif;\">Elle stimule la digestion et favorise l&rsquo;\u00e9locution.<\/span><\/p>\n<p><span style=\"font-family: arial,helvetica,sans-serif;\">Its vibrations dissolve blockages and dams inside the body.<\/span><\/p>\n<p><span style=\"font-family: arial,helvetica,sans-serif;\">It keeps negative energies away from us.\u00a0<\/span><\/p>","protected":false},"excerpt":{"rendered":"<p>Tr\u00e8s\u00a0belle et bienveillante bague en argent massif mont\u00e9e d&rsquo;une g\u00e9n\u00e9reuse agate rouge.<\/p>\n<p>The perfect touch for a flamboyant look.<\/p>\n<p>Size 62 or 19.74 mm<\/p>\n<p>Unique piece.<\/p>\n<p>Provenance: Br\u00e9sil<\/p>\n<p>Provenance : Br\u00e9sil<\/p>","protected":false},"featured_media":12834,"template":"","meta":{"_et_pb_use_builder":"","_et_pb_old_content":"","_et_gb_content_width":""},"product_brand":[],"product_cat":[7415,7406],"product_tag":[8297,8193,8296,8064,8298,8081,8098],"class_list":{"0":"post-12840","1":"product","2":"type-product","3":"status-publish","4":"has-post-thumbnail","6":"product_cat-deco-terre","7":"product_cat-tous-les-produits","8":"product_tag-agate","9":"product_tag-argent","10":"product_tag-bague","11":"product_tag-cadeau","12":"product_tag-energie","13":"product_tag-femme","14":"product_tag-rouge","16":"first","17":"instock","18":"taxable","19":"shipping-taxable","20":"purchasable","21":"product-type-simple"},"aioseo_notices":[],"_links":{"self":[{"href":"https:\/\/arqitecture.fr\/en\/wp-json\/wp\/v2\/product\/12840","targetHints":{"allow":["GET"]}}],"collection":[{"href":"https:\/\/arqitecture.fr\/en\/wp-json\/wp\/v2\/product"}],"about":[{"href":"https:\/\/arqitecture.fr\/en\/wp-json\/wp\/v2\/types\/product"}],"wp:featuredmedia":[{"embeddable":true,"href":"https:\/\/arqitecture.fr\/en\/wp-json\/wp\/v2\/media\/12834"}],"wp:attachment":[{"href":"https:\/\/arqitecture.fr\/en\/wp-json\/wp\/v2\/media?parent=12840"}],"wp:term":[{"taxonomy":"product_brand","embeddable":true,"href":"https:\/\/arqitecture.fr\/en\/wp-json\/wp\/v2\/product_brand?post=12840"},{"taxonomy":"product_cat","embeddable":true,"href":"https:\/\/arqitecture.fr\/en\/wp-json\/wp\/v2\/product_cat?post=12840"},{"taxonomy":"product_tag","embeddable":true,"href":"https:\/\/arqitecture.fr\/en\/wp-json\/wp\/v2\/product_tag?post=12840"}],"curies":[{"name":"wp","href":"https:\/\/api.w.org\/{rel}","templated":true}]}}