{"id":12823,"date":"2024-04-07T11:26:21","date_gmt":"2024-04-07T09:26:21","guid":{"rendered":"https:\/\/site-test.jd-web-et-design.fr\/produit\/vase-soliflor-aluminium-deco-tendance\/"},"modified":"2024-10-25T18:55:25","modified_gmt":"2024-10-25T16:55:25","slug":"vase-soliflor-aluminium-deco-tendance","status":"publish","type":"product","link":"https:\/\/arqitecture.fr\/en\/product\/vase-soliflor-aluminium-deco-tendance\/","title":{"rendered":"Sculpture vase Ovale soliflore H24cm, Design m\u00e9tal"},"content":{"rendered":"<p><a href=\"https:\/\/www.facebook.com\/les5elements\/photos\/a.10150417558735067.407554.40377720066\/10150719048330067\/?type=3&amp;theater\" target=\"_blank\" rel=\"noopener\">Product photo in store<\/a><\/p>\n<p>\u25ba Il fera le plus bel effet \u263c sur un bureau, une table ou une commode<\/p>\n<p>\u25ba Pour une ambiance design<\/p>\n<p>\u25ba D\u00e9coration d&rsquo;entr\u00e9e, de bureau, cuisine, salle \u00e0 manger ou de salon<\/p>\n<p>\u25ba Cadeau de remerciement, de mariage, f\u00eate des m\u00e8res, pendaison de cr\u00e9maill\u00e8re, pour une invitation \u00e0 diner ou une St Valentin<\/p>\n<p>\u25ba Pour agr\u00e9menter une d\u00e9coration de mariage<\/p>","protected":false},"excerpt":{"rendered":"<p>Mettez en avant vos plus belles fleurs du jour avec cet \u00e9l\u00e9gant vase soliflore.<\/p>\n<p>Incassable en aluminium poli<\/p>\n<p>Un \u00e9l\u00e9ment de d\u00e9coration \u00e0 lui tout seul.<\/p>\n<p>H 24 cm; L 29 cm; D 6 cm<\/p>","protected":false},"featured_media":16770,"template":"","meta":{"_et_pb_use_builder":"","_et_pb_old_content":"","_et_gb_content_width":""},"product_brand":[],"product_cat":[7413,7411,7406],"product_tag":[8010,8271,8756,8193,8064,8764,7995,7992,8227,8791,7994,8774,8755,7999,8352,8792,8775,8000,8903,8266,8024],"class_list":{"0":"post-12823","1":"product","2":"type-product","3":"status-publish","4":"has-post-thumbnail","6":"product_cat-deco-bois","7":"product_cat-deco-metal","8":"product_cat-tous-les-produits","9":"product_tag-aluminium","10":"product_tag-ambiance","11":"product_tag-apaisant","12":"product_tag-argent","13":"product_tag-cadeau","14":"product_tag-chaleureux","15":"product_tag-deco","16":"product_tag-decoration","17":"product_tag-design","18":"product_tag-detente","19":"product_tag-feng-shui","20":"product_tag-hotels","21":"product_tag-luminosite","22":"product_tag-metal","23":"product_tag-nature","24":"product_tag-repos","25":"product_tag-restaurants","26":"product_tag-sculpture","27":"product_tag-soliflore","28":"product_tag-vase","29":"product_tag-zen","31":"first","32":"instock","33":"taxable","34":"shipping-taxable","35":"purchasable","36":"product-type-simple"},"aioseo_notices":[],"_links":{"self":[{"href":"https:\/\/arqitecture.fr\/en\/wp-json\/wp\/v2\/product\/12823","targetHints":{"allow":["GET"]}}],"collection":[{"href":"https:\/\/arqitecture.fr\/en\/wp-json\/wp\/v2\/product"}],"about":[{"href":"https:\/\/arqitecture.fr\/en\/wp-json\/wp\/v2\/types\/product"}],"wp:featuredmedia":[{"embeddable":true,"href":"https:\/\/arqitecture.fr\/en\/wp-json\/wp\/v2\/media\/16770"}],"wp:attachment":[{"href":"https:\/\/arqitecture.fr\/en\/wp-json\/wp\/v2\/media?parent=12823"}],"wp:term":[{"taxonomy":"product_brand","embeddable":true,"href":"https:\/\/arqitecture.fr\/en\/wp-json\/wp\/v2\/product_brand?post=12823"},{"taxonomy":"product_cat","embeddable":true,"href":"https:\/\/arqitecture.fr\/en\/wp-json\/wp\/v2\/product_cat?post=12823"},{"taxonomy":"product_tag","embeddable":true,"href":"https:\/\/arqitecture.fr\/en\/wp-json\/wp\/v2\/product_tag?post=12823"}],"curies":[{"name":"wp","href":"https:\/\/api.w.org\/{rel}","templated":true}]}}