{"id":12818,"date":"2024-04-05T11:26:17","date_gmt":"2024-04-05T09:26:17","guid":{"rendered":"https:\/\/site-test.jd-web-et-design.fr\/produit\/chandelier-design-deco-sculpture-metal\/"},"modified":"2024-10-31T09:45:19","modified_gmt":"2024-10-31T08:45:19","slug":"chandelier-design-deco-sculpture-metal","status":"publish","type":"product","link":"https:\/\/arqitecture.fr\/en\/product\/chandelier-design-deco-sculpture-metal\/","title":{"rendered":"Geometric curve candelabra candlestick (2 sizes)"},"content":{"rendered":"<p>\u25ba It will attract all eyes<\/p>\n<p>\u25ba Ajoutera de la hauteur et de la clart\u00e9 \u00e0 votre int\u00e9rieur<\/p>\n<p>\u25ba Modern and minimalist style<\/p>\n<p>\u25ba D\u00e9coration de salon ou de bureau<\/p>\n<p>\u25ba Id\u00e9e cadeau-d\u00e9co pour mariage, anniversaire ou cr\u00e9maill\u00e8re<\/p>\n<p>\u25ba Pour agr\u00e9menter la d\u00e9coration d&rsquo;un bar, caf\u00e9, h\u00f4tel\u2026<\/p>","protected":false},"excerpt":{"rendered":"<p>Profitez de la douceur de la lumi\u00e8re de la flamme avec ce magnifique chandelier sculpture en aluminium \u00e0 la forme \u00e0 la fois lin\u00e9aire et g\u00e9om\u00e9trique. <\/p>\n<p>Superbe \u00e9l\u00e9ment design, \u00e9l\u00e9gant et romantique pour des soir\u00e9es \u00e9blouissantes.<\/p>\n<p>For your table decoration or placed on a piece of furniture.<\/p>\n<p>Robust and durable material for a tall and thin candle.<\/p>\n<p><span style=\"text-decoration: underline;\">2 sizes to choose from<\/span> :<\/p>\n<p><strong>2 sizes to choose from<br \/>\n<\/strong><\/p>","protected":false},"featured_media":16762,"template":"","meta":{"_et_pb_use_builder":"","_et_pb_old_content":"","_et_gb_content_width":""},"product_brand":[],"product_cat":[7412,7411,7406],"product_tag":[8010,8271,8756,8193,8211,8031,8064,8325,8764,8212,8284,7995,7992,8227,8755,7999,8775,8787,8035,8024],"class_list":{"0":"post-12818","1":"product","2":"type-product","3":"status-publish","4":"has-post-thumbnail","6":"product_cat-deco-feu","7":"product_cat-deco-metal","8":"product_cat-tous-les-produits","9":"product_tag-aluminium","10":"product_tag-ambiance","11":"product_tag-apaisant","12":"product_tag-argent","13":"product_tag-bougeoir","14":"product_tag-bougie","15":"product_tag-cadeau","16":"product_tag-calme","17":"product_tag-chaleureux","18":"product_tag-chandelier","19":"product_tag-courbe","20":"product_tag-deco","21":"product_tag-decoration","22":"product_tag-design","23":"product_tag-luminosite","24":"product_tag-metal","25":"product_tag-restaurants","26":"product_tag-salle-dattente","27":"product_tag-senteur","28":"product_tag-zen","29":"pa_dimensions-39cm","30":"pa_dimensions-46cm","32":"first","33":"instock","34":"taxable","35":"shipping-taxable","36":"purchasable","37":"product-type-variable","38":"has-default-attributes"},"aioseo_notices":[],"_links":{"self":[{"href":"https:\/\/arqitecture.fr\/en\/wp-json\/wp\/v2\/product\/12818","targetHints":{"allow":["GET"]}}],"collection":[{"href":"https:\/\/arqitecture.fr\/en\/wp-json\/wp\/v2\/product"}],"about":[{"href":"https:\/\/arqitecture.fr\/en\/wp-json\/wp\/v2\/types\/product"}],"wp:featuredmedia":[{"embeddable":true,"href":"https:\/\/arqitecture.fr\/en\/wp-json\/wp\/v2\/media\/16762"}],"wp:attachment":[{"href":"https:\/\/arqitecture.fr\/en\/wp-json\/wp\/v2\/media?parent=12818"}],"wp:term":[{"taxonomy":"product_brand","embeddable":true,"href":"https:\/\/arqitecture.fr\/en\/wp-json\/wp\/v2\/product_brand?post=12818"},{"taxonomy":"product_cat","embeddable":true,"href":"https:\/\/arqitecture.fr\/en\/wp-json\/wp\/v2\/product_cat?post=12818"},{"taxonomy":"product_tag","embeddable":true,"href":"https:\/\/arqitecture.fr\/en\/wp-json\/wp\/v2\/product_tag?post=12818"}],"curies":[{"name":"wp","href":"https:\/\/api.w.org\/{rel}","templated":true}]}}