{"id":12814,"date":"2024-04-05T11:26:15","date_gmt":"2024-04-05T09:26:15","guid":{"rendered":"https:\/\/site-test.jd-web-et-design.fr\/produit\/chandelier-deco-metal-branche-arbre\/"},"modified":"2024-10-31T09:43:20","modified_gmt":"2024-10-31T08:43:20","slug":"chandelier-deco-metal-branche-arbre","status":"publish","type":"product","link":"https:\/\/arqitecture.fr\/en\/product\/chandelier-deco-metal-branche-arbre\/","title":{"rendered":"Chandelier Branches 4 Flammes H46cm, Design m\u00e9tal"},"content":{"rendered":"<p><span style=\"text-decoration: underline;\"><strong><a href=\"https:\/\/www.facebook.com\/les5elements\/photos\/a.10150417558735067.407554.40377720066\/10151327070075067\/?type=3&amp;theater\" target=\"_blank\" rel=\"noopener\">Product photo in store<\/a><\/strong><\/span><\/p>\n<p>\u25ba It will attract all eyes<\/p>\n<p>\u25ba Ajoutera de la hauteur et de la clart\u00e9 \u00e0 votre int\u00e9rieur<\/p>\n<p>\u25ba Style moderne <\/p>\n<p>\u25ba D\u00e9coration de salon ou de bureau<\/p>\n<p>\u25ba Id\u00e9e cadeau-d\u00e9co pour mariage, anniversaire ou cr\u00e9maill\u00e8re<\/p>\n<p>\u25ba Pour agr\u00e9menter la d\u00e9coration d&rsquo;un bar, caf\u00e9, h\u00f4tel\u2026<\/p>","protected":false},"excerpt":{"rendered":"<p>Majestueux chandelier sculpture \u00e0 4 bougies en aluminium imitation branches d&rsquo;arbre. <\/p>\n<p>Superbe \u00e9l\u00e9ment design et romantique pour des soir\u00e9es \u00e9blouissantes.<\/p>\n<p>For your interior decoration on a table or on a piece of furniture.<\/p>\n<p>A great decorative gift idea.<\/p>\n<p>L 40 x H 46 x D 20<\/p>","protected":false},"featured_media":16882,"template":"","meta":{"_et_pb_use_builder":"","_et_pb_old_content":"","_et_gb_content_width":""},"product_brand":[],"product_cat":[7412,7411,7406],"product_tag":[8010,8271,8193,8728,8211,8031,8212,7995,7992,8791,7994,8755,7999,8352,8762,8775,8000,8100,8024],"class_list":{"0":"post-12814","1":"product","2":"type-product","3":"status-publish","4":"has-post-thumbnail","6":"product_cat-deco-feu","7":"product_cat-deco-metal","8":"product_cat-tous-les-produits","9":"product_tag-aluminium","10":"product_tag-ambiance","11":"product_tag-argent","12":"product_tag-art","13":"product_tag-bougeoir","14":"product_tag-bougie","15":"product_tag-chandelier","16":"product_tag-deco","17":"product_tag-decoration","18":"product_tag-detente","19":"product_tag-feng-shui","20":"product_tag-luminosite","21":"product_tag-metal","22":"product_tag-nature","23":"product_tag-oeuvre","24":"product_tag-restaurants","25":"product_tag-sculpture","26":"product_tag-table","27":"product_tag-zen","29":"first","30":"instock","31":"taxable","32":"shipping-taxable","33":"purchasable","34":"product-type-simple"},"aioseo_notices":[],"_links":{"self":[{"href":"https:\/\/arqitecture.fr\/en\/wp-json\/wp\/v2\/product\/12814","targetHints":{"allow":["GET"]}}],"collection":[{"href":"https:\/\/arqitecture.fr\/en\/wp-json\/wp\/v2\/product"}],"about":[{"href":"https:\/\/arqitecture.fr\/en\/wp-json\/wp\/v2\/types\/product"}],"wp:featuredmedia":[{"embeddable":true,"href":"https:\/\/arqitecture.fr\/en\/wp-json\/wp\/v2\/media\/16882"}],"wp:attachment":[{"href":"https:\/\/arqitecture.fr\/en\/wp-json\/wp\/v2\/media?parent=12814"}],"wp:term":[{"taxonomy":"product_brand","embeddable":true,"href":"https:\/\/arqitecture.fr\/en\/wp-json\/wp\/v2\/product_brand?post=12814"},{"taxonomy":"product_cat","embeddable":true,"href":"https:\/\/arqitecture.fr\/en\/wp-json\/wp\/v2\/product_cat?post=12814"},{"taxonomy":"product_tag","embeddable":true,"href":"https:\/\/arqitecture.fr\/en\/wp-json\/wp\/v2\/product_tag?post=12814"}],"curies":[{"name":"wp","href":"https:\/\/api.w.org\/{rel}","templated":true}]}}