{"id":12797,"date":"2024-04-07T11:26:02","date_gmt":"2024-04-07T09:26:02","guid":{"rendered":"https:\/\/site-test.jd-web-et-design.fr\/produit\/vase-courbe-aluminium-decoration-elegant-tendance\/"},"modified":"2024-10-25T18:55:26","modified_gmt":"2024-10-25T16:55:26","slug":"vase-courbe-aluminium-decoration-elegant-tendance","status":"publish","type":"product","link":"https:\/\/arqitecture.fr\/en\/product\/vase-courbe-aluminium-decoration-elegant-tendance\/","title":{"rendered":"Sculpture Vase courbe H50cm, Design m\u00e9tal"},"content":{"rendered":"<p>27 x 6 x 50 cm<\/p>\n<p><a href=\"\/\/www.facebook.com\/photo.php?fbid=10150710139145067&amp;set=a.10150417558735067.407554.40377720066&amp;type=3&amp;theater&quot;\" target=\"&quot;_blank&quot;\" rel=\"noopener\"><strong>Click here to see the presentation photo<\/strong><\/a><\/p>\n<p>\u25ba Il fera le plus bel effet \u263c sur un bureau, une table ou une commode<\/p>\n<p>\u25ba Pour une ambiance design<\/p>\n<p>\u25ba D\u00e9coration d&rsquo;entr\u00e9e, de bureau, cuisine, salle \u00e0 manger ou de salon<\/p>\n<p>\u25ba Cadeau de remerciement, de mariage, f\u00eate des m\u00e8res, pendaison de cr\u00e9maill\u00e8re, pour une invitation \u00e0 diner ou une St Valentin<\/p>\n<p>\u25ba Pour agr\u00e9menter une d\u00e9coration de mariage<\/p>","protected":false},"excerpt":{"rendered":"<p>This sculpture vase will bring a modern look to your interior decoration.<\/p>\n<p>Its solid material, aluminum, will reflect light in your interior like a mirror effect.<\/p>\n<p>Its shine gives it an elegant and designer appearance.<\/p>\n<p>Accessoire d&rsquo;int\u00e9rieur ultrabranch\u00e9, en accord avec les tendances du moment.<\/p>\n<p>Son extr\u00e9mit\u00e9 \u00e9troite en fait un vase soliflore des plus originaux.<\/p>\n<p>Un \u00e9l\u00e9ment de d\u00e9coration \u00e0 lui tout seul.<\/p>","protected":false},"featured_media":16757,"template":"","meta":{"_et_pb_use_builder":"","_et_pb_old_content":"","_et_gb_content_width":""},"product_brand":[],"product_cat":[7413,7411,7406],"product_tag":[8010,8284,8283,8266],"class_list":{"0":"post-12797","1":"product","2":"type-product","3":"status-publish","4":"has-post-thumbnail","6":"product_cat-deco-bois","7":"product_cat-deco-metal","8":"product_cat-tous-les-produits","9":"product_tag-aluminium","10":"product_tag-courbe","11":"product_tag-soliflor","12":"product_tag-vase","14":"first","15":"instock","16":"taxable","17":"shipping-taxable","18":"purchasable","19":"product-type-simple"},"aioseo_notices":[],"_links":{"self":[{"href":"https:\/\/arqitecture.fr\/en\/wp-json\/wp\/v2\/product\/12797","targetHints":{"allow":["GET"]}}],"collection":[{"href":"https:\/\/arqitecture.fr\/en\/wp-json\/wp\/v2\/product"}],"about":[{"href":"https:\/\/arqitecture.fr\/en\/wp-json\/wp\/v2\/types\/product"}],"wp:featuredmedia":[{"embeddable":true,"href":"https:\/\/arqitecture.fr\/en\/wp-json\/wp\/v2\/media\/16757"}],"wp:attachment":[{"href":"https:\/\/arqitecture.fr\/en\/wp-json\/wp\/v2\/media?parent=12797"}],"wp:term":[{"taxonomy":"product_brand","embeddable":true,"href":"https:\/\/arqitecture.fr\/en\/wp-json\/wp\/v2\/product_brand?post=12797"},{"taxonomy":"product_cat","embeddable":true,"href":"https:\/\/arqitecture.fr\/en\/wp-json\/wp\/v2\/product_cat?post=12797"},{"taxonomy":"product_tag","embeddable":true,"href":"https:\/\/arqitecture.fr\/en\/wp-json\/wp\/v2\/product_tag?post=12797"}],"curies":[{"name":"wp","href":"https:\/\/api.w.org\/{rel}","templated":true}]}}