{"id":12794,"date":"2024-06-04T11:26:00","date_gmt":"2024-06-04T09:26:00","guid":{"rendered":"https:\/\/site-test.jd-web-et-design.fr\/produit\/sculpture-flamme-objet-decoration-ceramique-deco-interieur-feng-shui\/"},"modified":"2024-10-30T15:47:49","modified_gmt":"2024-10-30T14:47:49","slug":"sculpture-flamme-objet-decoration-ceramique-deco-interieur-feng-shui","status":"publish","type":"product","link":"https:\/\/arqitecture.fr\/en\/product\/sculpture-flamme-objet-decoration-ceramique-deco-interieur-feng-shui\/","title":{"rendered":"Sculpture Flamme blanche H58cm, Design contemporain"},"content":{"rendered":"<p>\u25ba Elle attirera tous les regards<\/p>\n<p>\u25ba Ajoutera de la hauteur et de la clart\u00e9 \u00e0 votre int\u00e9rieur<\/p>\n<p>\u25ba Modern and minimalist style<\/p>\n<p>\u25ba Inspiring and relaxing atmosphere<\/p>\n<p>\u25ba D\u00e9coration de salon, bureau, h\u00f4tels ou chambre \u00e0 coucher<\/p>","protected":false},"excerpt":{"rendered":"<p>Sculpture \u00e9l\u00e9gante d\u00e9corative en forme de flamme.<\/p>\n<p>In hollow ecru white ceramic.<\/p>\n<p>24.3 x 13.10 x H 58 cm<\/p>","protected":false},"featured_media":16740,"template":"","meta":{"_et_pb_use_builder":"","_et_pb_old_content":"","_et_gb_content_width":""},"product_brand":[],"product_cat":[7412,7406],"product_tag":[8271,8756,8728,8282,8064,8325,8117,8764,7995,7992,8227,8791,7994,8261,8774,8755,8352,8762,8792,8775,8787,8000,8024],"class_list":{"0":"post-12794","1":"product","2":"type-product","3":"status-publish","4":"has-post-thumbnail","6":"product_cat-deco-feu","7":"product_cat-tous-les-produits","8":"product_tag-ambiance","9":"product_tag-apaisant","10":"product_tag-art","11":"product_tag-blanche","12":"product_tag-cadeau","13":"product_tag-calme","14":"product_tag-ceramique","15":"product_tag-chaleureux","16":"product_tag-deco","17":"product_tag-decoration","18":"product_tag-design","19":"product_tag-detente","20":"product_tag-feng-shui","21":"product_tag-flamme","22":"product_tag-hotels","23":"product_tag-luminosite","24":"product_tag-nature","25":"product_tag-oeuvre","26":"product_tag-repos","27":"product_tag-restaurants","28":"product_tag-salle-dattente","29":"product_tag-sculpture","30":"product_tag-zen","32":"first","33":"instock","34":"taxable","35":"shipping-taxable","36":"purchasable","37":"product-type-simple"},"aioseo_notices":[],"_links":{"self":[{"href":"https:\/\/arqitecture.fr\/en\/wp-json\/wp\/v2\/product\/12794","targetHints":{"allow":["GET"]}}],"collection":[{"href":"https:\/\/arqitecture.fr\/en\/wp-json\/wp\/v2\/product"}],"about":[{"href":"https:\/\/arqitecture.fr\/en\/wp-json\/wp\/v2\/types\/product"}],"wp:featuredmedia":[{"embeddable":true,"href":"https:\/\/arqitecture.fr\/en\/wp-json\/wp\/v2\/media\/16740"}],"wp:attachment":[{"href":"https:\/\/arqitecture.fr\/en\/wp-json\/wp\/v2\/media?parent=12794"}],"wp:term":[{"taxonomy":"product_brand","embeddable":true,"href":"https:\/\/arqitecture.fr\/en\/wp-json\/wp\/v2\/product_brand?post=12794"},{"taxonomy":"product_cat","embeddable":true,"href":"https:\/\/arqitecture.fr\/en\/wp-json\/wp\/v2\/product_cat?post=12794"},{"taxonomy":"product_tag","embeddable":true,"href":"https:\/\/arqitecture.fr\/en\/wp-json\/wp\/v2\/product_tag?post=12794"}],"curies":[{"name":"wp","href":"https:\/\/api.w.org\/{rel}","templated":true}]}}