{"id":12785,"date":"2024-03-09T11:25:54","date_gmt":"2024-03-09T10:25:54","guid":{"rendered":"https:\/\/site-test.jd-web-et-design.fr\/produit\/boule-deco-aluminium-decoration-maison-feng-shui-table\/"},"modified":"2024-10-25T17:02:41","modified_gmt":"2024-10-25T15:02:41","slug":"boule-deco-aluminium-decoration-maison-feng-shui-table","status":"publish","type":"product","link":"https:\/\/arqitecture.fr\/en\/product\/boule-deco-aluminium-decoration-maison-feng-shui-table\/","title":{"rendered":"Boule trou\u00e9e Racines, Design m\u00e9tal"},"content":{"rendered":"<p><a href=\"https:\/\/www.facebook.com\/photo.php?fbid=10151216519765067&amp;set=a.10150417558735067.407554.40377720066&amp;type=3&amp;theater\" target=\"_blank\" rel=\"noopener\"><strong>Click here to see the presentation photo<\/strong><\/a><\/p>\n<p>Sold separately<\/p>\n<p>\u25ba Elle fera le plus bel effet \u263c sur une table ou \u00e0 m\u00eame le sol<\/p>\n<p>\u25ba Pour une atmosph\u00e8re design<\/p>\n<p>\u25ba Pour d\u00e9corer une entr\u00e9e, un bureau, une cuisine, un salon, un salle \u00e0 manger, dans une v\u00e9randa ou terrasse<\/p>\n<p>\u25ba Cadeau de remerciements, de St Valentin ou d&rsquo;invitation \u00e0 diner<\/p>\n<p>\u25ba Pour agr\u00e9menter une d\u00e9coration de mariage<\/p>","protected":false},"excerpt":{"rendered":"<p>Sph\u00e8re d\u00e9corative creuse soud\u00e9e formant des vagues ou racines entrem\u00eal\u00e9es.<\/p>\n<p>En acier aluminium, tr\u00e8s r\u00e9sistance.<\/p>","protected":false},"featured_media":19844,"template":"","meta":{"_et_pb_use_builder":"","_et_pb_old_content":"","_et_gb_content_width":""},"product_brand":[],"product_cat":[7411,7406],"product_tag":[8010,8238,7992],"class_list":{"0":"post-12785","1":"product","2":"type-product","3":"status-publish","4":"has-post-thumbnail","6":"product_cat-deco-metal","7":"product_cat-tous-les-produits","8":"product_tag-aluminium","9":"product_tag-boule","10":"product_tag-decoration","11":"pa_dimensions-14cm","12":"pa_dimensions-17cm","14":"first","15":"instock","16":"taxable","17":"shipping-taxable","18":"purchasable","19":"product-type-variable","20":"has-default-attributes"},"aioseo_notices":[],"_links":{"self":[{"href":"https:\/\/arqitecture.fr\/en\/wp-json\/wp\/v2\/product\/12785","targetHints":{"allow":["GET"]}}],"collection":[{"href":"https:\/\/arqitecture.fr\/en\/wp-json\/wp\/v2\/product"}],"about":[{"href":"https:\/\/arqitecture.fr\/en\/wp-json\/wp\/v2\/types\/product"}],"wp:featuredmedia":[{"embeddable":true,"href":"https:\/\/arqitecture.fr\/en\/wp-json\/wp\/v2\/media\/19844"}],"wp:attachment":[{"href":"https:\/\/arqitecture.fr\/en\/wp-json\/wp\/v2\/media?parent=12785"}],"wp:term":[{"taxonomy":"product_brand","embeddable":true,"href":"https:\/\/arqitecture.fr\/en\/wp-json\/wp\/v2\/product_brand?post=12785"},{"taxonomy":"product_cat","embeddable":true,"href":"https:\/\/arqitecture.fr\/en\/wp-json\/wp\/v2\/product_cat?post=12785"},{"taxonomy":"product_tag","embeddable":true,"href":"https:\/\/arqitecture.fr\/en\/wp-json\/wp\/v2\/product_tag?post=12785"}],"curies":[{"name":"wp","href":"https:\/\/api.w.org\/{rel}","templated":true}]}}