{"id":12780,"date":"2024-06-01T11:25:50","date_gmt":"2024-06-01T09:25:50","guid":{"rendered":"https:\/\/site-test.jd-web-et-design.fr\/produit\/lampe-ronde-decoration-feng-shui-maison\/"},"modified":"2024-10-31T17:22:30","modified_gmt":"2024-10-31T16:22:30","slug":"lampe-ronde-decoration-feng-shui-maison","status":"publish","type":"product","link":"https:\/\/arqitecture.fr\/en\/product\/lampe-ronde-decoration-feng-shui-maison\/","title":{"rendered":"Lampe Sph\u00e8re int\u00e9rieur &#8211; ext\u00e9rieur H29cm"},"content":{"rendered":"<p>Made from polyethylene using cutting-edge technology, this sphere is resistant and durable over time.<\/p>\n<p>Vendu sans ampoule<\/p>\n<p><a href=\"\/\/www.facebook.com\/photo.php?fbid=10150875054425067&amp;set=a.10150417558735067.407554.40377720066&amp;type=3&amp;theater&quot;\" target=\"&quot;_blank&quot;\" rel=\"noopener\"><strong>Click here to see the presentation photo<\/strong><\/a><\/p>\n<p>\u25ba Apporte une touche de douceur<\/p>\n<p>\u25ba Ambiance chaleureuse et g\u00e9n\u00e9reuse<\/p>\n<p>\u25ba Mobilier de salon ou terrasse<\/p>\n<p>\u25ba Id\u00e9e cadeau-d\u00e9co pour mariage, anniversaire ou cr\u00e9maill\u00e8re<\/p>","protected":false},"excerpt":{"rendered":"<p>Cette lampe globe r\u00e9siste aux chocs pour plus de l\u00e9g\u00e8ret\u00e9. <\/p>\n<p>Apportez \u00e0 votre d\u00e9coration une sph\u00e8re design qui habillera avec \u00e9l\u00e9gance votre jardin ou votre terrasse. <\/p>\n<p>L&rsquo;hiver, vous pourrez la rentrer chez vous puisque la sph\u00e8re\u00a0convient aussi bien pour l&rsquo;ext\u00e9rieur que l&rsquo;int\u00e9rieur.<\/p>\n<p>Decorating tip: change the atmosphere by varying the color of the bulbs.<\/p>\n<p>H 29 cm<\/p>\n<p>Bulb E27 230\/240V 50HZ<\/p>","protected":false},"featured_media":17256,"template":"","meta":{"_et_pb_use_builder":"","_et_pb_old_content":"","_et_gb_content_width":""},"product_brand":[],"product_cat":[7412,7406],"product_tag":[8238,8280,8228,8268,8053,8237],"class_list":{"0":"post-12780","1":"product","2":"type-product","3":"status-publish","4":"has-post-thumbnail","6":"product_cat-deco-feu","7":"product_cat-tous-les-produits","8":"product_tag-boule","9":"product_tag-globe","10":"product_tag-lampe","11":"product_tag-qualite","12":"product_tag-ronde","13":"product_tag-sphere","15":"first","16":"instock","17":"taxable","18":"shipping-taxable","19":"purchasable","20":"product-type-simple"},"aioseo_notices":[],"_links":{"self":[{"href":"https:\/\/arqitecture.fr\/en\/wp-json\/wp\/v2\/product\/12780","targetHints":{"allow":["GET"]}}],"collection":[{"href":"https:\/\/arqitecture.fr\/en\/wp-json\/wp\/v2\/product"}],"about":[{"href":"https:\/\/arqitecture.fr\/en\/wp-json\/wp\/v2\/types\/product"}],"wp:featuredmedia":[{"embeddable":true,"href":"https:\/\/arqitecture.fr\/en\/wp-json\/wp\/v2\/media\/17256"}],"wp:attachment":[{"href":"https:\/\/arqitecture.fr\/en\/wp-json\/wp\/v2\/media?parent=12780"}],"wp:term":[{"taxonomy":"product_brand","embeddable":true,"href":"https:\/\/arqitecture.fr\/en\/wp-json\/wp\/v2\/product_brand?post=12780"},{"taxonomy":"product_cat","embeddable":true,"href":"https:\/\/arqitecture.fr\/en\/wp-json\/wp\/v2\/product_cat?post=12780"},{"taxonomy":"product_tag","embeddable":true,"href":"https:\/\/arqitecture.fr\/en\/wp-json\/wp\/v2\/product_tag?post=12780"}],"curies":[{"name":"wp","href":"https:\/\/api.w.org\/{rel}","templated":true}]}}