{"id":12777,"date":"2024-06-01T11:25:48","date_gmt":"2024-06-01T09:25:48","guid":{"rendered":"https:\/\/site-test.jd-web-et-design.fr\/produit\/lampe-cube-decoration-maison-feng-shui\/"},"modified":"2024-10-31T17:37:47","modified_gmt":"2024-10-31T16:37:47","slug":"lampe-cube-decoration-maison-feng-shui","status":"publish","type":"product","link":"https:\/\/arqitecture.fr\/en\/product\/lampe-cube-decoration-maison-feng-shui\/","title":{"rendered":"Lampe Cube 29cm, Design"},"content":{"rendered":"<p>Made from polyethylene using cutting-edge technology, this cube is resistant and durable over time.<\/p>\n<p><a href=\"https:\/\/www.facebook.com\/photo.php?fbid=10150544458465067&amp;set=a.10150417558735067.407554.40377720066&amp;type=3&amp;theater\" target=\"_blank\" rel=\"noopener\"><strong>Click here to see the presentation photo<\/strong><\/a><\/p>\n<p>\u25ba Apporte une touche de douceur<\/p>\n<p>\u25ba Ambiance chaleureuse et lumineuse<\/p>\n<p>\u25ba Mobilier de salon ou terrasse<\/p>\n<p>\u25ba Id\u00e9e cadeau-d\u00e9co pour mariage, anniversaire ou cr\u00e9maill\u00e8re<\/p>","protected":false},"excerpt":{"rendered":"<p>Cette lampe cube r\u00e9siste aux chocs pour plus de l\u00e9g\u00e8ret\u00e9. <\/p>\n<p>Un design qui habillera avec douceur votre jardin ou votre terrasse. <\/p>\n<p>L&rsquo;hiver, vous pourrez la rentrer chez vous puisque le cube convient aussi bien pour l&rsquo;ext\u00e9rieur que l&rsquo;int\u00e9rieur.<\/p>\n<p>Decorating tip: change the atmosphere by varying the color of the bulbs and it can also be used as a decorative table<\/p>\n<p>Carr\u00e9 de 29 cm<\/p>\n<p>Bulb E27 230\/240V 50HZ<\/p>","protected":false},"featured_media":12774,"template":"","meta":{"_et_pb_use_builder":"","_et_pb_old_content":"","_et_gb_content_width":""},"product_brand":[],"product_cat":[7412,7406],"product_tag":[8254,7992,8227,8228,8208,8268],"class_list":{"0":"post-12777","1":"product","2":"type-product","3":"status-publish","4":"has-post-thumbnail","6":"product_cat-deco-feu","7":"product_cat-tous-les-produits","8":"product_tag-cube","9":"product_tag-decoration","10":"product_tag-design","11":"product_tag-lampe","12":"product_tag-lumineux","13":"product_tag-qualite","15":"first","16":"instock","17":"taxable","18":"shipping-taxable","19":"purchasable","20":"product-type-simple"},"aioseo_notices":[],"_links":{"self":[{"href":"https:\/\/arqitecture.fr\/en\/wp-json\/wp\/v2\/product\/12777","targetHints":{"allow":["GET"]}}],"collection":[{"href":"https:\/\/arqitecture.fr\/en\/wp-json\/wp\/v2\/product"}],"about":[{"href":"https:\/\/arqitecture.fr\/en\/wp-json\/wp\/v2\/types\/product"}],"wp:featuredmedia":[{"embeddable":true,"href":"https:\/\/arqitecture.fr\/en\/wp-json\/wp\/v2\/media\/12774"}],"wp:attachment":[{"href":"https:\/\/arqitecture.fr\/en\/wp-json\/wp\/v2\/media?parent=12777"}],"wp:term":[{"taxonomy":"product_brand","embeddable":true,"href":"https:\/\/arqitecture.fr\/en\/wp-json\/wp\/v2\/product_brand?post=12777"},{"taxonomy":"product_cat","embeddable":true,"href":"https:\/\/arqitecture.fr\/en\/wp-json\/wp\/v2\/product_cat?post=12777"},{"taxonomy":"product_tag","embeddable":true,"href":"https:\/\/arqitecture.fr\/en\/wp-json\/wp\/v2\/product_tag?post=12777"}],"curies":[{"name":"wp","href":"https:\/\/api.w.org\/{rel}","templated":true}]}}