{"id":12769,"date":"2024-01-04T17:25:42","date_gmt":"2024-01-04T16:25:42","guid":{"rendered":"https:\/\/site-test.jd-web-et-design.fr\/produit\/rose-fuchsia-fleurs-artificielle-decoration-ambiance-zen\/"},"modified":"2024-10-29T14:04:52","modified_gmt":"2024-10-29T13:04:52","slug":"rose-fuchsia-fleurs-artificielle-decoration-ambiance-zen","status":"publish","type":"product","link":"https:\/\/arqitecture.fr\/en\/product\/rose-fuchsia-fleurs-artificielle-decoration-ambiance-zen\/","title":{"rendered":"Fleur Rose fuchsia H50cm"},"content":{"rendered":"<p>\u25ba Elle fera le plus bel effet \u263c dans vos vases, en bouquet ou dans une composition florale<\/p>\n<p>\u25ba A pr\u00e9senter seule dans un vase type soliflore ou par petit groupe<\/p>\n<p>\u25ba Donnera une \u00e2me \u00e0 votre int\u00e9rieur<\/p>\n<p>\u25ba Pour une touche de nature et de couleurs<\/p>\n<p>\u25ba A mettre dans un vase ou une jarre<\/p>\n<p>\u25ba Pour d\u00e9corer une entr\u00e9e, une cuisine, un salon, un salle \u00e0 manger, dans une v\u00e9randa ou terrasse<\/p>\n<p>\u25ba Cadeau id\u00e9al pour les amateurs de jardin et passionn\u00e9s de nature et de ses plantes<\/p>\n<p>\u25ba Pour agr\u00e9menter une d\u00e9coration de mariage<\/p>","protected":false},"excerpt":{"rendered":"<p>De fabrication haut de gamme, cette rose artificielle est constitu\u00e9e d&rsquo;une tige principale, 50 cm avec quelques \u00e9pines (inoffensives) garnie de feuilles synth\u00e9tiques. <\/p>\n<p>Elle est surmont\u00e9e d&rsquo;une tr\u00e8s jolie fleur de rose fuchsia artificielle, entre le bouton et la fleur ouverte. <\/p>\n<p>Vous serez s\u00e9duit par cette fleur arborant des d\u00e9grad\u00e9s de couleur prune et de violet.<\/p>","protected":false},"featured_media":12767,"template":"","meta":{"_et_pb_use_builder":"","_et_pb_old_content":"","_et_gb_content_width":""},"product_brand":[],"product_cat":[7413,7406],"product_tag":[],"class_list":{"0":"post-12769","1":"product","2":"type-product","3":"status-publish","4":"has-post-thumbnail","6":"product_cat-deco-bois","7":"product_cat-tous-les-produits","9":"first","10":"instock","11":"taxable","12":"shipping-taxable","13":"purchasable","14":"product-type-simple"},"aioseo_notices":[],"_links":{"self":[{"href":"https:\/\/arqitecture.fr\/en\/wp-json\/wp\/v2\/product\/12769","targetHints":{"allow":["GET"]}}],"collection":[{"href":"https:\/\/arqitecture.fr\/en\/wp-json\/wp\/v2\/product"}],"about":[{"href":"https:\/\/arqitecture.fr\/en\/wp-json\/wp\/v2\/types\/product"}],"wp:featuredmedia":[{"embeddable":true,"href":"https:\/\/arqitecture.fr\/en\/wp-json\/wp\/v2\/media\/12767"}],"wp:attachment":[{"href":"https:\/\/arqitecture.fr\/en\/wp-json\/wp\/v2\/media?parent=12769"}],"wp:term":[{"taxonomy":"product_brand","embeddable":true,"href":"https:\/\/arqitecture.fr\/en\/wp-json\/wp\/v2\/product_brand?post=12769"},{"taxonomy":"product_cat","embeddable":true,"href":"https:\/\/arqitecture.fr\/en\/wp-json\/wp\/v2\/product_cat?post=12769"},{"taxonomy":"product_tag","embeddable":true,"href":"https:\/\/arqitecture.fr\/en\/wp-json\/wp\/v2\/product_tag?post=12769"}],"curies":[{"name":"wp","href":"https:\/\/api.w.org\/{rel}","templated":true}]}}