{"id":12763,"date":"2024-01-04T17:25:39","date_gmt":"2024-01-04T16:25:39","guid":{"rendered":"https:\/\/site-test.jd-web-et-design.fr\/produit\/renoncule-fleurs-artificielle-decoration-maison-ambiance-zen\/"},"modified":"2024-10-29T14:05:24","modified_gmt":"2024-10-29T13:05:24","slug":"renoncule-fleurs-artificielle-decoration-maison-ambiance-zen","status":"publish","type":"product","link":"https:\/\/arqitecture.fr\/en\/product\/renoncule-fleurs-artificielle-decoration-maison-ambiance-zen\/","title":{"rendered":"Fleur Renoncule H53cm"},"content":{"rendered":"<p>\u25ba Elle fera le plus bel effet \u263c dans vos vases, en bouquet ou dans une composition florale<\/p>\n<p>\u25ba Donnera une \u00e2me \u00e0 votre int\u00e9rieur<\/p>\n<p>\u25ba Pour une touche de nature et d&rsquo;harmonie<\/p>\n<p>\u25ba Pour d\u00e9corer une entr\u00e9e, une cuisine, un salon, un salle \u00e0 manger, dans une v\u00e9randa ou terrasse<\/p>\n<p>\u25ba Cadeau id\u00e9al pour les amateurs de jardin et passionn\u00e9s de nature et de ses plantes<\/p>\n<p>\u25ba Pour agr\u00e9menter une d\u00e9coration de mariage<\/p>","protected":false},"excerpt":{"rendered":"<p align=\"justify\"><span style=\"font-family: Verdana;\">Pretty artificial fuchsia ranunculus flowers.<br \/>\n<\/span><\/p>\n<p align=\"justify\"><span style=\"font-family: Verdana;\">Made up of a large head with numerous delicately curved petals which give it great originality and a very charming side, and very fluffy green synthetic foliage.<\/span><span style=\"text-align: left; background-color: initial;\">.\u00a0<\/span><\/p>\n<p align=\"justify\"><span style=\"font-family: Verdana;\">Alone or in a bouquet, it will give maximum effect.<\/span><\/p>\n<p>H 53 cm<\/p>","protected":false},"featured_media":12761,"template":"","meta":{"_et_pb_use_builder":"","_et_pb_old_content":"","_et_gb_content_width":""},"product_brand":[],"product_cat":[7413,7406],"product_tag":[],"class_list":{"0":"post-12763","1":"product","2":"type-product","3":"status-publish","4":"has-post-thumbnail","6":"product_cat-deco-bois","7":"product_cat-tous-les-produits","9":"first","10":"instock","11":"taxable","12":"shipping-taxable","13":"purchasable","14":"product-type-simple"},"aioseo_notices":[],"_links":{"self":[{"href":"https:\/\/arqitecture.fr\/en\/wp-json\/wp\/v2\/product\/12763","targetHints":{"allow":["GET"]}}],"collection":[{"href":"https:\/\/arqitecture.fr\/en\/wp-json\/wp\/v2\/product"}],"about":[{"href":"https:\/\/arqitecture.fr\/en\/wp-json\/wp\/v2\/types\/product"}],"wp:featuredmedia":[{"embeddable":true,"href":"https:\/\/arqitecture.fr\/en\/wp-json\/wp\/v2\/media\/12761"}],"wp:attachment":[{"href":"https:\/\/arqitecture.fr\/en\/wp-json\/wp\/v2\/media?parent=12763"}],"wp:term":[{"taxonomy":"product_brand","embeddable":true,"href":"https:\/\/arqitecture.fr\/en\/wp-json\/wp\/v2\/product_brand?post=12763"},{"taxonomy":"product_cat","embeddable":true,"href":"https:\/\/arqitecture.fr\/en\/wp-json\/wp\/v2\/product_cat?post=12763"},{"taxonomy":"product_tag","embeddable":true,"href":"https:\/\/arqitecture.fr\/en\/wp-json\/wp\/v2\/product_tag?post=12763"}],"curies":[{"name":"wp","href":"https:\/\/api.w.org\/{rel}","templated":true}]}}