{"id":12752,"date":"2024-01-04T17:25:29","date_gmt":"2024-01-04T16:25:29","guid":{"rendered":"https:\/\/site-test.jd-web-et-design.fr\/produit\/feuille-monstera-fleurs-decoration-maison-feng-shui\/"},"modified":"2024-10-30T11:35:46","modified_gmt":"2024-10-30T10:35:46","slug":"feuille-monstera-fleurs-decoration-maison-feng-shui","status":"publish","type":"product","link":"https:\/\/arqitecture.fr\/en\/product\/feuille-monstera-fleurs-decoration-maison-feng-shui\/","title":{"rendered":"Feuille verte Monstera H75cm"},"content":{"rendered":"<p>\u25ba Elle fera le plus bel effet \u263c dans vos vases, en bouquet ou dans une composition florale<\/p>\n<p>\u25ba Donnera une \u00e2me \u00e0 votre int\u00e9rieur<\/p>\n<p>\u25ba Pour une touche nature<\/p>\n<p>\u25ba A mettre dans un vase ou une jarre<\/p>\n<p>\u25ba Pour d\u00e9corer une entr\u00e9e, une cuisine, un salon, un salle \u00e0 manger, dans une v\u00e9randa ou terrasse<\/p>\n<p>\u25ba Cadeau id\u00e9al pour les amateurs de jardin et passionn\u00e9s de nature et de ses plantes<\/p>\n<p>\u25ba Pour agr\u00e9menter une d\u00e9coration de mariage<\/p>","protected":false},"excerpt":{"rendered":"<p>Splendide feuille synth\u00e9tique Monstera finition haut de gamme pour installer une ambiance florale pure et zen.<\/p>\n<p>D\u00e9tails tr\u00e8s soign\u00e9s.<\/p>\n<p>Tige totalement arm\u00e9e d&rsquo;un fin fil de fer afin de pouvoir adopter la forme et la position id\u00e9ale.<\/p>\n<p>To present alone flat on a piece of furniture with a simple decoration around it or to accompany the flowers in a vase.<\/p>\n<p>H 75 cm<\/p>","protected":false},"featured_media":12749,"template":"","meta":{"_et_pb_use_builder":"","_et_pb_old_content":"","_et_gb_content_width":""},"product_brand":[],"product_cat":[7413,7406],"product_tag":[8275,7992,8278,8052,8279,8266,8187],"class_list":{"0":"post-12752","1":"product","2":"type-product","3":"status-publish","4":"has-post-thumbnail","6":"product_cat-deco-bois","7":"product_cat-tous-les-produits","8":"product_tag-artificielle","9":"product_tag-decoration","10":"product_tag-feuille","11":"product_tag-fleurs","12":"product_tag-synthetique","13":"product_tag-vase","14":"product_tag-vert","16":"first","17":"instock","18":"taxable","19":"shipping-taxable","20":"purchasable","21":"product-type-simple"},"aioseo_notices":[],"_links":{"self":[{"href":"https:\/\/arqitecture.fr\/en\/wp-json\/wp\/v2\/product\/12752","targetHints":{"allow":["GET"]}}],"collection":[{"href":"https:\/\/arqitecture.fr\/en\/wp-json\/wp\/v2\/product"}],"about":[{"href":"https:\/\/arqitecture.fr\/en\/wp-json\/wp\/v2\/types\/product"}],"wp:featuredmedia":[{"embeddable":true,"href":"https:\/\/arqitecture.fr\/en\/wp-json\/wp\/v2\/media\/12749"}],"wp:attachment":[{"href":"https:\/\/arqitecture.fr\/en\/wp-json\/wp\/v2\/media?parent=12752"}],"wp:term":[{"taxonomy":"product_brand","embeddable":true,"href":"https:\/\/arqitecture.fr\/en\/wp-json\/wp\/v2\/product_brand?post=12752"},{"taxonomy":"product_cat","embeddable":true,"href":"https:\/\/arqitecture.fr\/en\/wp-json\/wp\/v2\/product_cat?post=12752"},{"taxonomy":"product_tag","embeddable":true,"href":"https:\/\/arqitecture.fr\/en\/wp-json\/wp\/v2\/product_tag?post=12752"}],"curies":[{"name":"wp","href":"https:\/\/api.w.org\/{rel}","templated":true}]}}