{"id":12732,"date":"2024-01-04T17:25:14","date_gmt":"2024-01-04T16:25:14","guid":{"rendered":"https:\/\/site-test.jd-web-et-design.fr\/produit\/oiseau-de-paradis-fleurs-decoration-maison-feng-shui-artificielle\/"},"modified":"2024-10-29T14:05:59","modified_gmt":"2024-10-29T13:05:59","slug":"oiseau-de-paradis-fleurs-decoration-maison-feng-shui-artificielle","status":"publish","type":"product","link":"https:\/\/arqitecture.fr\/en\/product\/oiseau-de-paradis-fleurs-decoration-maison-feng-shui-artificielle\/","title":{"rendered":"Fleur Oiseaux de paradis H70cm"},"content":{"rendered":"<p>\u25ba Elle fera le plus bel effet \u263c dans vos vases, en bouquet ou dans une composition florale<\/p>\n<p>\u25ba Donnera une \u00e2me \u00e0 votre int\u00e9rieur<\/p>\n<p>\u25ba Pour une touche de nature et de dynamisme<\/p>\n<p>\u25ba A mettre dans un vase ou une jarre<\/p>\n<p>\u25ba Pour d\u00e9corer une entr\u00e9e, une cuisine, un salon, un salle \u00e0 manger, dans une v\u00e9randa ou terrasse<\/p>\n<p>\u25ba Cadeau id\u00e9al pour les amateurs de jardin et passionn\u00e9s de nature et de ses plantes<\/p>\n<p>\u25ba Pour agr\u00e9menter une d\u00e9coration de mariage<\/p>","protected":false},"excerpt":{"rendered":"<p align=\"justify\"><span style=\"font-family: Verdana;\">Jolie fleur d&rsquo;un r\u00e9alisme surprenant. <\/span><\/p>\n<p align=\"justify\"><span style=\"font-family: Verdana;\">Sa longue tige d&rsquo;un vert brillant et sa g\u00e9n\u00e9reuse fleur \u00e0 cr\u00eates multiples tr\u00e8s color\u00e9e et lumineuse vous s\u00e9duira.<\/span><\/p>\n<p align=\"justify\"><span style=\"font-family: Verdana;\">This artificial bird of paradise flower can be presented alone or in small numbers with giant artificial leaves simply immersed in a vase for a zen and refined decoration.<\/span><\/p>\n<p>H 70 cm<\/p>\n<p>Material: tergal, very resistant.<\/p>","protected":false},"featured_media":12729,"template":"","meta":{"_et_pb_use_builder":"","_et_pb_old_content":"","_et_gb_content_width":""},"product_brand":[],"product_cat":[7413,7406],"product_tag":[],"class_list":{"0":"post-12732","1":"product","2":"type-product","3":"status-publish","4":"has-post-thumbnail","6":"product_cat-deco-bois","7":"product_cat-tous-les-produits","9":"first","10":"instock","11":"taxable","12":"shipping-taxable","13":"purchasable","14":"product-type-simple"},"aioseo_notices":[],"_links":{"self":[{"href":"https:\/\/arqitecture.fr\/en\/wp-json\/wp\/v2\/product\/12732","targetHints":{"allow":["GET"]}}],"collection":[{"href":"https:\/\/arqitecture.fr\/en\/wp-json\/wp\/v2\/product"}],"about":[{"href":"https:\/\/arqitecture.fr\/en\/wp-json\/wp\/v2\/types\/product"}],"wp:featuredmedia":[{"embeddable":true,"href":"https:\/\/arqitecture.fr\/en\/wp-json\/wp\/v2\/media\/12729"}],"wp:attachment":[{"href":"https:\/\/arqitecture.fr\/en\/wp-json\/wp\/v2\/media?parent=12732"}],"wp:term":[{"taxonomy":"product_brand","embeddable":true,"href":"https:\/\/arqitecture.fr\/en\/wp-json\/wp\/v2\/product_brand?post=12732"},{"taxonomy":"product_cat","embeddable":true,"href":"https:\/\/arqitecture.fr\/en\/wp-json\/wp\/v2\/product_cat?post=12732"},{"taxonomy":"product_tag","embeddable":true,"href":"https:\/\/arqitecture.fr\/en\/wp-json\/wp\/v2\/product_tag?post=12732"}],"curies":[{"name":"wp","href":"https:\/\/api.w.org\/{rel}","templated":true}]}}