{"id":12711,"date":"2024-06-10T11:24:57","date_gmt":"2024-06-10T09:24:57","guid":{"rendered":"https:\/\/site-test.jd-web-et-design.fr\/produit\/bougie-jardin-decoration-exterieur\/"},"modified":"2024-10-25T16:24:50","modified_gmt":"2024-10-25T14:24:50","slug":"porte-bougie-flambeau-ceramique-verte","status":"publish","type":"product","link":"https:\/\/arqitecture.fr\/en\/product\/porte-bougie-flambeau-ceramique-verte\/","title":{"rendered":"Porte bougie Flambeau d17cm, C\u00e9ramique verte"},"content":{"rendered":"<p>\u25ba Il fera le plus bel effet \u263c sur une table ou \u00e0 m\u00eame le sol<\/p>\n<p>\u25ba Pour une atmosph\u00e8re chaleureuse et festive <\/p>\n<p>\u25ba Pour illuminer les soir\u00e9es d&rsquo;\u00e9t\u00e9 en terrasse ou sur un balcon<\/p>\n<p>\u25ba Pour d\u00e9corer une entr\u00e9e, une cuisine, un salon, un salle \u00e0 manger, dans une v\u00e9randa ou terrasse<\/p>\n<p>\u25ba Cadeau de remerciements, de St Valentin ou d&rsquo;invitation \u00e0 diner<\/p>\n<p>\u25ba Pour agr\u00e9menter une d\u00e9coration de mariage<\/p>","protected":false},"excerpt":{"rendered":"<p>Porte bougie d&rsquo;ext\u00e9rieur \u00e0 la fois fonctionnel et d\u00e9coratif. <\/p>\n<p>La flamme est tr\u00e8s intense\u00a0:10 \u00e0 15 cm de hauteur. <\/p>\n<p>Once the candle is consumed it can be used as a container for decoration or other candles.<\/p>\n<p>In green ceramic offering a pretty play of lights.<\/p>\n<p>Diameter: 17 cm, duration: 10 hours<\/p>","protected":false},"featured_media":16982,"template":"","meta":{"_et_pb_use_builder":"","_et_pb_old_content":"","_et_gb_content_width":""},"product_brand":[],"product_cat":[7412,7415,7406],"product_tag":[7995,8265,8264,8262,8261,8260,8197,8263],"class_list":{"0":"post-12711","1":"product","2":"type-product","3":"status-publish","4":"has-post-thumbnail","6":"product_cat-deco-feu","7":"product_cat-deco-terre","8":"product_cat-tous-les-produits","9":"product_tag-deco","10":"product_tag-eclair","11":"product_tag-festif","12":"product_tag-flambeau","13":"product_tag-flamme","14":"product_tag-jardin","15":"product_tag-porte-bougie","16":"product_tag-torche","18":"first","19":"instock","20":"taxable","21":"shipping-taxable","22":"purchasable","23":"product-type-simple"},"aioseo_notices":[],"_links":{"self":[{"href":"https:\/\/arqitecture.fr\/en\/wp-json\/wp\/v2\/product\/12711","targetHints":{"allow":["GET"]}}],"collection":[{"href":"https:\/\/arqitecture.fr\/en\/wp-json\/wp\/v2\/product"}],"about":[{"href":"https:\/\/arqitecture.fr\/en\/wp-json\/wp\/v2\/types\/product"}],"wp:featuredmedia":[{"embeddable":true,"href":"https:\/\/arqitecture.fr\/en\/wp-json\/wp\/v2\/media\/16982"}],"wp:attachment":[{"href":"https:\/\/arqitecture.fr\/en\/wp-json\/wp\/v2\/media?parent=12711"}],"wp:term":[{"taxonomy":"product_brand","embeddable":true,"href":"https:\/\/arqitecture.fr\/en\/wp-json\/wp\/v2\/product_brand?post=12711"},{"taxonomy":"product_cat","embeddable":true,"href":"https:\/\/arqitecture.fr\/en\/wp-json\/wp\/v2\/product_cat?post=12711"},{"taxonomy":"product_tag","embeddable":true,"href":"https:\/\/arqitecture.fr\/en\/wp-json\/wp\/v2\/product_tag?post=12711"}],"curies":[{"name":"wp","href":"https:\/\/api.w.org\/{rel}","templated":true}]}}