{"id":12678,"date":"2024-04-16T11:24:35","date_gmt":"2024-04-16T09:24:35","guid":{"rendered":"https:\/\/site-test.jd-web-et-design.fr\/produit\/le-carre-sculpture-aluminium-decoration-maison-feng-shui-boutique\/"},"modified":"2024-10-31T14:58:12","modified_gmt":"2024-10-31T13:58:12","slug":"le-carre-sculpture-aluminium-decoration-maison-feng-shui-boutique","status":"publish","type":"product","link":"https:\/\/arqitecture.fr\/en\/product\/le-carre-sculpture-aluminium-decoration-maison-feng-shui-boutique\/","title":{"rendered":"Sculpture Le Carr\u00e9 H36,5cm,  Design Moderne"},"content":{"rendered":"<p><a href=\"https:\/\/www.facebook.com\/photo.php?fbid=10151107845260067&amp;set=a.10150417558735067.407554.40377720066&amp;type=3&amp;theater\" target=\"_blank\" rel=\"noopener\"><strong>Click here to see the presentation photo<\/strong><\/a><\/p>\n<p>\u25ba Il attirera tous les regards et renverra la lumi\u00e8re<\/p>\n<p>\u25ba Apporte dynamisme et rigueur \u00e0 une pi\u00e8ce<\/p>\n<p>\u25ba Ambiance moderne<\/p>\n<p>\u25ba Inspiring and relaxing atmosphere<\/p>\n<p>\u25ba Mobilier d&rsquo;entr\u00e9e, de salon, bureau ou h\u00f4tels<\/p>\n<p>\u25ba Id\u00e9e cadeau-d\u00e9co pour mariage, anniversaire ou cr\u00e9maill\u00e8re<\/p>","protected":false},"excerpt":{"rendered":"<p>Sculpture of a square which will bring a modern look to your interior decoration. Its material will reflect light in your interior like a mirror effect. Its glossy finish gives it an elegant and designer appearance.<\/p>\n<p>Nickel plated aluminum.<\/p>\n<p>H 36.5 cm with base, length 35 cm. Base diameter 17 cm.<\/p>","protected":false},"featured_media":16750,"template":"","meta":{"_et_pb_use_builder":"","_et_pb_old_content":"","_et_gb_content_width":""},"product_brand":[],"product_cat":[7411,7406],"product_tag":[8010,7995,7992,8245,8000],"class_list":{"0":"post-12678","1":"product","2":"type-product","3":"status-publish","4":"has-post-thumbnail","6":"product_cat-deco-metal","7":"product_cat-tous-les-produits","8":"product_tag-aluminium","9":"product_tag-deco","10":"product_tag-decoration","11":"product_tag-le-carre","12":"product_tag-sculpture","14":"first","15":"instock","16":"taxable","17":"shipping-taxable","18":"purchasable","19":"product-type-simple"},"aioseo_notices":[],"_links":{"self":[{"href":"https:\/\/arqitecture.fr\/en\/wp-json\/wp\/v2\/product\/12678","targetHints":{"allow":["GET"]}}],"collection":[{"href":"https:\/\/arqitecture.fr\/en\/wp-json\/wp\/v2\/product"}],"about":[{"href":"https:\/\/arqitecture.fr\/en\/wp-json\/wp\/v2\/types\/product"}],"wp:featuredmedia":[{"embeddable":true,"href":"https:\/\/arqitecture.fr\/en\/wp-json\/wp\/v2\/media\/16750"}],"wp:attachment":[{"href":"https:\/\/arqitecture.fr\/en\/wp-json\/wp\/v2\/media?parent=12678"}],"wp:term":[{"taxonomy":"product_brand","embeddable":true,"href":"https:\/\/arqitecture.fr\/en\/wp-json\/wp\/v2\/product_brand?post=12678"},{"taxonomy":"product_cat","embeddable":true,"href":"https:\/\/arqitecture.fr\/en\/wp-json\/wp\/v2\/product_cat?post=12678"},{"taxonomy":"product_tag","embeddable":true,"href":"https:\/\/arqitecture.fr\/en\/wp-json\/wp\/v2\/product_tag?post=12678"}],"curies":[{"name":"wp","href":"https:\/\/api.w.org\/{rel}","templated":true}]}}