{"id":12666,"date":"2024-03-02T11:24:27","date_gmt":"2024-03-02T10:24:27","guid":{"rendered":"https:\/\/site-test.jd-web-et-design.fr\/produit\/fluorite-pierre-decoration-maison-feng-shui-boutique\/"},"modified":"2024-10-30T14:44:35","modified_gmt":"2024-10-30T13:44:35","slug":"fluorite-pierre-decoration-maison-feng-shui-boutique","status":"publish","type":"product","link":"https:\/\/arqitecture.fr\/en\/product\/fluorite-pierre-decoration-maison-feng-shui-boutique\/","title":{"rendered":"Stone on base, Fluorite"},"content":{"rendered":"<p>\u25ba Elle fera le plus bel effet sur un meuble ou dans une vitrine<\/p>\n<p>\u25ba Favorise l&rsquo;\u00e9quilibre sensoriel<\/p>\n<p>\u25ba Cadeau id\u00e9al pour les amateurs ou passionn\u00e9s de pierre pr\u00e9cieuse<\/p>\n<p>\u25ba Cadeau pour une St Valentin, un anniversaire, une f\u00eates ou un mariage<\/p>\n<p>Pens\u00e9e cr\u00e9ative et de la communication.<br \/>\nUtile au bien-\u00eatre, elle apporte que du positif.<br \/>\nPaix, harmonie et cr\u00e9ativit\u00e9.<br \/>\nSur le plan spirituel, la fluorite tisse le lien entre le ciel et la terre, elle favorise les r\u00eaves pr\u00e9monitoires, la t\u00e9l\u00e9pathie et stabilise l&rsquo;aura (le corps magn\u00e9tique, \u00e9th\u00e9rique et astral).<br \/>\nPlac\u00e9e dans l&rsquo;espace du champ \u00e9lectromagn\u00e9tique de l&rsquo;ordinateur, la fluorite vous prot\u00e8ge des radiations.<\/p>","protected":false},"excerpt":{"rendered":"<p>Fluorite from Mexico on base.<\/p>\n<p>Stone: H 7 cm; L 3-4cm<\/p>","protected":false},"featured_media":17449,"template":"","meta":{"_et_pb_use_builder":"","_et_pb_old_content":"","_et_gb_content_width":""},"product_brand":[],"product_cat":[7415,7406],"product_tag":[],"class_list":{"0":"post-12666","1":"product","2":"type-product","3":"status-publish","4":"has-post-thumbnail","6":"product_cat-deco-terre","7":"product_cat-tous-les-produits","9":"first","10":"instock","11":"taxable","12":"shipping-taxable","13":"purchasable","14":"product-type-simple"},"aioseo_notices":[],"_links":{"self":[{"href":"https:\/\/arqitecture.fr\/en\/wp-json\/wp\/v2\/product\/12666","targetHints":{"allow":["GET"]}}],"collection":[{"href":"https:\/\/arqitecture.fr\/en\/wp-json\/wp\/v2\/product"}],"about":[{"href":"https:\/\/arqitecture.fr\/en\/wp-json\/wp\/v2\/types\/product"}],"wp:featuredmedia":[{"embeddable":true,"href":"https:\/\/arqitecture.fr\/en\/wp-json\/wp\/v2\/media\/17449"}],"wp:attachment":[{"href":"https:\/\/arqitecture.fr\/en\/wp-json\/wp\/v2\/media?parent=12666"}],"wp:term":[{"taxonomy":"product_brand","embeddable":true,"href":"https:\/\/arqitecture.fr\/en\/wp-json\/wp\/v2\/product_brand?post=12666"},{"taxonomy":"product_cat","embeddable":true,"href":"https:\/\/arqitecture.fr\/en\/wp-json\/wp\/v2\/product_cat?post=12666"},{"taxonomy":"product_tag","embeddable":true,"href":"https:\/\/arqitecture.fr\/en\/wp-json\/wp\/v2\/product_tag?post=12666"}],"curies":[{"name":"wp","href":"https:\/\/api.w.org\/{rel}","templated":true}]}}