{"id":12661,"date":"2024-03-02T11:24:24","date_gmt":"2024-03-02T10:24:24","guid":{"rendered":"https:\/\/site-test.jd-web-et-design.fr\/produit\/geode-de-celestite-pierre-decoration-maison-feng-shui-boutique\/"},"modified":"2024-10-30T14:47:23","modified_gmt":"2024-10-30T13:47:23","slug":"geode-de-celestite-pierre-decoration-maison-feng-shui-boutique","status":"publish","type":"product","link":"https:\/\/arqitecture.fr\/en\/product\/geode-de-celestite-pierre-decoration-maison-feng-shui-boutique\/","title":{"rendered":"Pierre H10cm, G\u00e9ode de c\u00e9lestite"},"content":{"rendered":"<p>\u25ba Elle fera le plus bel effet sur un meuble ou dans une vitrine<\/p>\n<p>\u25ba Favorise l&rsquo;\u00e9quilibre \u00e9motionnel<\/p>\n<p>\u25ba Cadeau id\u00e9al pour les amateurs ou passionn\u00e9s de pierre pr\u00e9cieuse<\/p>\n<p>\u25ba Cadeau pour une St Valentin, un anniversaire, une f\u00eates ou un mariage<\/p>\n<p>Ce merveilleux cristal, plein d&rsquo;amour et de sagesse rapproche l&rsquo;humain au divin.<br \/>\nPar sa couleur douce et apaisante, elle apporte la paix spirituelle et la puret\u00e9 du c\u0153ur.<br \/>\nElle ouvre les portes \u00e0 la divination, \u00e0 la clairvoyance, facilite les voyages extra-corporels et donne un sens \u00e0 nos r\u00eaves.<br \/>\nEndowed with a celestial vibration, it helps to communicate with the beyond, which is favorable to Mediums.<br \/>\nElle maintient la paix et l&rsquo;harmonie, am\u00e9liore les relations amicales et amoureuses, \u00e9vite les conflits en mettant en avant la raison et le tact.<br \/>\nS\u00e9r\u00e9nit\u00e9 et la cr\u00e9ativit\u00e9 (artistes peintres, sculpteurs, cr\u00e9ateurs). Elle apaise, calme les \u00e9motions, rend l&rsquo;esprit vif, dissipe les inqui\u00e9tudes, lib\u00e8re le mental et aide \u00e0 la m\u00e9ditation.<\/p>","protected":false},"excerpt":{"rendered":"<p>Celestite geode from Madagascar on base.<\/p>\n<p>Stone: H 10 cm, L: 3-4 cm<\/p>","protected":false},"featured_media":17452,"template":"","meta":{"_et_pb_use_builder":"","_et_pb_old_content":"","_et_gb_content_width":""},"product_brand":[],"product_cat":[7415,7406],"product_tag":[],"class_list":{"0":"post-12661","1":"product","2":"type-product","3":"status-publish","4":"has-post-thumbnail","6":"product_cat-deco-terre","7":"product_cat-tous-les-produits","9":"first","10":"instock","11":"taxable","12":"shipping-taxable","13":"purchasable","14":"product-type-simple"},"aioseo_notices":[],"_links":{"self":[{"href":"https:\/\/arqitecture.fr\/en\/wp-json\/wp\/v2\/product\/12661","targetHints":{"allow":["GET"]}}],"collection":[{"href":"https:\/\/arqitecture.fr\/en\/wp-json\/wp\/v2\/product"}],"about":[{"href":"https:\/\/arqitecture.fr\/en\/wp-json\/wp\/v2\/types\/product"}],"wp:featuredmedia":[{"embeddable":true,"href":"https:\/\/arqitecture.fr\/en\/wp-json\/wp\/v2\/media\/17452"}],"wp:attachment":[{"href":"https:\/\/arqitecture.fr\/en\/wp-json\/wp\/v2\/media?parent=12661"}],"wp:term":[{"taxonomy":"product_brand","embeddable":true,"href":"https:\/\/arqitecture.fr\/en\/wp-json\/wp\/v2\/product_brand?post=12661"},{"taxonomy":"product_cat","embeddable":true,"href":"https:\/\/arqitecture.fr\/en\/wp-json\/wp\/v2\/product_cat?post=12661"},{"taxonomy":"product_tag","embeddable":true,"href":"https:\/\/arqitecture.fr\/en\/wp-json\/wp\/v2\/product_tag?post=12661"}],"curies":[{"name":"wp","href":"https:\/\/api.w.org\/{rel}","templated":true}]}}