{"id":12637,"date":"2024-03-02T11:24:04","date_gmt":"2024-03-02T10:24:04","guid":{"rendered":"https:\/\/site-test.jd-web-et-design.fr\/produit\/galene-pierre-decoration-maison-feng-shui\/"},"modified":"2024-10-30T14:48:24","modified_gmt":"2024-10-30T13:48:24","slug":"galene-pierre-decoration-maison-feng-shui","status":"publish","type":"product","link":"https:\/\/arqitecture.fr\/en\/product\/galene-pierre-decoration-maison-feng-shui\/","title":{"rendered":"Pierre sur socle, Gal\u00e8ne H4cm"},"content":{"rendered":"<p>\u25ba Elle fera le plus bel effet sur un meuble ou dans une vitrine<\/p>\n<p>\u25ba Favorise l&rsquo;\u00e9quilibre \u00e9motionnel<\/p>\n<p>\u25ba Cadeau id\u00e9al pour les amateurs ou passionn\u00e9s de pierre pr\u00e9cieuse<\/p>\n<p>\u25ba Cadeau pour une St Valentin, un anniversaire, une f\u00eates ou un mariage<\/p>\n<p>La gal\u00e8ne est la pierre d&rsquo;harmonie, elle apporte la stabilit\u00e9, l&rsquo;\u00e9quilibre physique et mental. Elle harmonise les corps subtils (Aura physique, corps \u00e9motionnel, mental et spirituel), elle permet d&rsquo;\u00eatre \u00e0 l&rsquo;\u00e9coute des autres, d&rsquo;avoir les id\u00e9es claires en \u00e9tant d\u00e9cisif.<br \/>\nC&rsquo;est une excellente pierre d&rsquo;ancrage qui convient particuli\u00e8rement aux personnes dont la profession touche l&rsquo;intellect, (m\u00e9decins, hom\u00e9opathes, acuponcteurs, chercheurs scientifiques et autres).<\/p>\n<p>Elle permet de prendre conscience de la vie en g\u00e9n\u00e9rale, de mieux la g\u00e9rer afin d&rsquo;avancer.<\/p>","protected":false},"excerpt":{"rendered":"<p>Galena from the USA (illinois) on mini wooden candle holder base.<\/p>\n<p>Stone: H: 4 cm<\/p>","protected":false},"featured_media":17454,"template":"","meta":{"_et_pb_use_builder":"","_et_pb_old_content":"","_et_gb_content_width":""},"product_brand":[],"product_cat":[7415,7406],"product_tag":[],"class_list":{"0":"post-12637","1":"product","2":"type-product","3":"status-publish","4":"has-post-thumbnail","6":"product_cat-deco-terre","7":"product_cat-tous-les-produits","9":"first","10":"instock","11":"taxable","12":"shipping-taxable","13":"purchasable","14":"product-type-simple"},"aioseo_notices":[],"_links":{"self":[{"href":"https:\/\/arqitecture.fr\/en\/wp-json\/wp\/v2\/product\/12637","targetHints":{"allow":["GET"]}}],"collection":[{"href":"https:\/\/arqitecture.fr\/en\/wp-json\/wp\/v2\/product"}],"about":[{"href":"https:\/\/arqitecture.fr\/en\/wp-json\/wp\/v2\/types\/product"}],"wp:featuredmedia":[{"embeddable":true,"href":"https:\/\/arqitecture.fr\/en\/wp-json\/wp\/v2\/media\/17454"}],"wp:attachment":[{"href":"https:\/\/arqitecture.fr\/en\/wp-json\/wp\/v2\/media?parent=12637"}],"wp:term":[{"taxonomy":"product_brand","embeddable":true,"href":"https:\/\/arqitecture.fr\/en\/wp-json\/wp\/v2\/product_brand?post=12637"},{"taxonomy":"product_cat","embeddable":true,"href":"https:\/\/arqitecture.fr\/en\/wp-json\/wp\/v2\/product_cat?post=12637"},{"taxonomy":"product_tag","embeddable":true,"href":"https:\/\/arqitecture.fr\/en\/wp-json\/wp\/v2\/product_tag?post=12637"}],"curies":[{"name":"wp","href":"https:\/\/api.w.org\/{rel}","templated":true}]}}