{"id":12609,"date":"2024-01-19T11:23:50","date_gmt":"2024-01-19T10:23:50","guid":{"rendered":"https:\/\/site-test.jd-web-et-design.fr\/produit\/statue-zen-meditation-femme-decoration-feng-shui\/"},"modified":"2025-03-04T14:38:56","modified_gmt":"2025-03-04T13:38:56","slug":"statue-zen-meditation-femme-decoration-feng-shui","status":"publish","type":"product","link":"https:\/\/arqitecture.fr\/en\/product\/statue-zen-meditation-femme-decoration-feng-shui\/","title":{"rendered":"Statue Femme nue Yoga, Pri\u00e8re H35cm, R\u00e9sine"},"content":{"rendered":"<p><a href=\"https:\/\/www.facebook.com\/photo.php?fbid=10151276744415067&amp;set=a.10150417558735067.407554.40377720066&amp;type=3&amp;theater\" target=\"_blank\" rel=\"noopener\"><strong>Click here to see the presentation photo<\/strong><\/a><\/p>\n<p>\u25ba Elle attirera tous les regards et apaisera<\/p>\n<p>\u25ba Apporte calme et ancrage<\/p>\n<p>\u25ba Ambiance zen<\/p>\n<p>\u25ba Mobilier d&rsquo;entr\u00e9e, de salon, bureau ou chambre<\/p>\n<p>\u25ba Id\u00e9e cadeau-d\u00e9co pour mariage, anniversaire ou cr\u00e9maill\u00e8re<\/p>","protected":false},"excerpt":{"rendered":"<p>Statue tr\u00e8s r\u00e9aliste et \u00e9l\u00e9gante d&rsquo;une femme \u00ab\u00a0Zena\u00a0\u00bb en pleine m\u00e9ditation. <\/p>\n<p>En polyr\u00e9sine de qualit\u00e9, la minutie des d\u00e9tails, la finesse des traits rel\u00e8ve sa beaut\u00e9. <\/p>\n<p>Elle apporte paix et s\u00e9r\u00e9nit\u00e9. <\/p>\n<p>Pour agr\u00e9menter sa d\u00e9coration de salon, bureau, espace de d\u00e9tente, ou une chambre. <\/p>\n<p>A disposer sur une table basse, une commode, un buffet, une \u00e9tag\u00e8re mais jamais dos \u00e0 une porte.<\/p>\n<p>Noir Mat.<\/p>\n<p>H 35 x 31 cm<\/p>","protected":false},"featured_media":17091,"template":"","meta":{"_et_pb_use_builder":"","_et_pb_old_content":"","_et_gb_content_width":""},"product_brand":[],"product_cat":[7408,7406],"product_tag":[8064,7995,9146,8081,8236,8040,9147,8000,8005,8176,8024],"class_list":{"0":"post-12609","1":"product","2":"type-product","3":"status-publish","4":"has-post-thumbnail","6":"product_cat-deco-yin","7":"product_cat-tous-les-produits","8":"product_tag-cadeau","9":"product_tag-deco","10":"product_tag-deco-black","11":"product_tag-femme","12":"product_tag-meditation","13":"product_tag-noir","14":"product_tag-priere","15":"product_tag-sculpture","16":"product_tag-statue","17":"product_tag-yoga","18":"product_tag-zen","20":"first","21":"instock","22":"taxable","23":"shipping-taxable","24":"purchasable","25":"product-type-simple"},"aioseo_notices":[],"_links":{"self":[{"href":"https:\/\/arqitecture.fr\/en\/wp-json\/wp\/v2\/product\/12609","targetHints":{"allow":["GET"]}}],"collection":[{"href":"https:\/\/arqitecture.fr\/en\/wp-json\/wp\/v2\/product"}],"about":[{"href":"https:\/\/arqitecture.fr\/en\/wp-json\/wp\/v2\/types\/product"}],"wp:featuredmedia":[{"embeddable":true,"href":"https:\/\/arqitecture.fr\/en\/wp-json\/wp\/v2\/media\/17091"}],"wp:attachment":[{"href":"https:\/\/arqitecture.fr\/en\/wp-json\/wp\/v2\/media?parent=12609"}],"wp:term":[{"taxonomy":"product_brand","embeddable":true,"href":"https:\/\/arqitecture.fr\/en\/wp-json\/wp\/v2\/product_brand?post=12609"},{"taxonomy":"product_cat","embeddable":true,"href":"https:\/\/arqitecture.fr\/en\/wp-json\/wp\/v2\/product_cat?post=12609"},{"taxonomy":"product_tag","embeddable":true,"href":"https:\/\/arqitecture.fr\/en\/wp-json\/wp\/v2\/product_tag?post=12609"}],"curies":[{"name":"wp","href":"https:\/\/api.w.org\/{rel}","templated":true}]}}