{"id":12570,"date":"2024-05-07T11:23:22","date_gmt":"2024-05-07T09:23:22","guid":{"rendered":"https:\/\/site-test.jd-web-et-design.fr\/produit\/paravent-bambous-decoration-maison-feng-shui\/"},"modified":"2024-09-17T11:28:45","modified_gmt":"2024-09-17T09:28:45","slug":"paravent-bambous-decoration-maison-feng-shui","status":"publish","type":"product","link":"https:\/\/arqitecture.fr\/en\/product\/paravent-bambous-decoration-maison-feng-shui\/","title":{"rendered":"Paravent Bambous H180cm, Bois"},"content":{"rendered":"<p>\u25ba A placer dans une pi\u00e8ce pour subdiviser, pour masquer ou embellir un mur, pour l&rsquo;intimit\u00e9 ou se prot\u00e9ger des courants d&rsquo;air<\/p>\n<p>\u25ba Permet de cr\u00e9er dans le salon\u00a0 un coin cosy ou un vestibule<\/p>\n<p>\u25ba It will attract all eyes<\/p>\n<p>\u25ba Allie chic et nature<\/p>\n<p>\u25ba Forme et couleur revigorante<\/p>\n<p>\u25ba Modern and minimalist style<\/p>\n<p>\u25ba Ambiance zen<\/p>\n<p>\u25ba Mobilier de salon, couloir, bureau, h\u00f4tels ou chambre \u00e0 coucher<\/p>\n<p>&nbsp;<\/p>\n<p>C&rsquo;est en Chine dans les familles nobles que les 1ers paravents apparurent au III\u00e8me si\u00e8cle avant notre \u00e8re.<\/p>\n<p>Dans certaines cultures le paravent servait \u00e0 se prot\u00e9ger des d\u00e9mons.<\/p>","protected":false},"excerpt":{"rendered":"<p class=\"p1\">Cloison amovible faite de plusieurs bambous verts verticaux (large diam\u00e8tre) sur un socle en fer noir.<\/p>\n<p class=\"p1\">180 x 120 x 20 cm<\/p>","protected":false},"featured_media":17430,"template":"","meta":{"_et_pb_use_builder":"","_et_pb_old_content":"","_et_gb_content_width":""},"product_brand":[],"product_cat":[7413,7406],"product_tag":[8756,8728,8754,8219,8776,8046,8064,8764,7995,7992,8015,8227,8470,8786,7994,8774,8755,7999,8674,8352,8762,8218,8775,8000,8785,8014,8187,8024],"class_list":{"0":"post-12570","1":"product","2":"type-product","3":"status-publish","4":"has-post-thumbnail","6":"product_cat-deco-bois","7":"product_cat-tous-les-produits","8":"product_tag-apaisant","9":"product_tag-art","10":"product_tag-art-mural","11":"product_tag-bambou","12":"product_tag-bars","13":"product_tag-bois","14":"product_tag-cadeau","15":"product_tag-chaleureux","16":"product_tag-deco","17":"product_tag-decoration","18":"product_tag-decoration-murale","19":"product_tag-design","20":"product_tag-dynamique","21":"product_tag-espace","22":"product_tag-feng-shui","23":"product_tag-hotels","24":"product_tag-luminosite","25":"product_tag-metal","26":"product_tag-mur-decoration","27":"product_tag-nature","28":"product_tag-oeuvre","29":"product_tag-paravent","30":"product_tag-restaurants","31":"product_tag-sculpture","32":"product_tag-separateur-piece","33":"product_tag-tableau","34":"product_tag-vert","35":"product_tag-zen","37":"first","38":"instock","39":"taxable","40":"shipping-taxable","41":"purchasable","42":"product-type-simple"},"aioseo_notices":[],"_links":{"self":[{"href":"https:\/\/arqitecture.fr\/en\/wp-json\/wp\/v2\/product\/12570","targetHints":{"allow":["GET"]}}],"collection":[{"href":"https:\/\/arqitecture.fr\/en\/wp-json\/wp\/v2\/product"}],"about":[{"href":"https:\/\/arqitecture.fr\/en\/wp-json\/wp\/v2\/types\/product"}],"wp:featuredmedia":[{"embeddable":true,"href":"https:\/\/arqitecture.fr\/en\/wp-json\/wp\/v2\/media\/17430"}],"wp:attachment":[{"href":"https:\/\/arqitecture.fr\/en\/wp-json\/wp\/v2\/media?parent=12570"}],"wp:term":[{"taxonomy":"product_brand","embeddable":true,"href":"https:\/\/arqitecture.fr\/en\/wp-json\/wp\/v2\/product_brand?post=12570"},{"taxonomy":"product_cat","embeddable":true,"href":"https:\/\/arqitecture.fr\/en\/wp-json\/wp\/v2\/product_cat?post=12570"},{"taxonomy":"product_tag","embeddable":true,"href":"https:\/\/arqitecture.fr\/en\/wp-json\/wp\/v2\/product_tag?post=12570"}],"curies":[{"name":"wp","href":"https:\/\/api.w.org\/{rel}","templated":true}]}}