{"id":12444,"date":"2023-12-07T11:22:29","date_gmt":"2023-12-07T10:22:29","guid":{"rendered":"https:\/\/site-test.jd-web-et-design.fr\/produit\/fontaine-pyramide-decoration-maison\/"},"modified":"2024-09-17T11:04:23","modified_gmt":"2024-09-17T09:04:23","slug":"fontaine-pyramide-decoration-maison","status":"publish","type":"product","link":"https:\/\/arqitecture.fr\/en\/product\/fontaine-pyramide-decoration-maison\/","title":{"rendered":"Fontaine Pyramide, Ardoise naturelle H30cm"},"content":{"rendered":"<p><a href=\"https:\/\/www.facebook.com\/photo.php?fbid=10151386974500067&amp;set=a.10150417558735067.407554.40377720066&amp;type=3&amp;theater\" target=\"_blank\" rel=\"noopener\"><strong>Click here to see the presentation photo<\/strong><\/a><\/p>\n<p>\u25ba Elle fera le plus bel effet \u263c sur un meuble, une \u00e9tag\u00e8re ou une table basse<\/p>\n<p>\u25ba Ambiance d\u00e9tendue gr\u00e2ce \u00e0 l&rsquo;association naturelle de la pierre et de l&rsquo;eau<\/p>\n<p>\u25ba Decoration of entrance, office or living room<\/p>\n<p>\u25ba Thank you gift, Valentine&#039;s Day, Mother&#039;s Day<\/p>\n<p>&nbsp;<\/p>\n<p><span class=\"ILfuVd\" lang=\"fr\"><span class=\"d9FyLd\"><b>\u262f <\/b><\/span><\/span>D\u00e9coration Feng shui primordiale<\/p>\n<p>Symbole de richesse, l&rsquo;eau est un \u00e9l\u00e9ment Yang.<\/p>\n<p>L&rsquo;eau est la force la plus puissante en Feng Shui.<\/p>\n<p>\u00ab\u00a0Un lieu qui capte l&rsquo;eau est plus fort que celui qui capte le vent.\u00a0\u00bb<\/p>\n<p>L&rsquo;eau retient le Qi, le capte, elle l&rsquo;active, le cumul, en d\u00e9cuple les effets et le renforce.<\/p>\n<p>&nbsp;<\/p>\n<p>\u25ba Une fontaine avec de l&rsquo;eau mobile est \u00e0 placer uniquement dans un secteur o\u00f9 cet \u00e9l\u00e9ment est recommand\u00e9 (charte maison + \u00e9toiles volantes de l&rsquo;ann\u00e9e).<\/p>\n<p>\u25ba L&rsquo;Eau gouverne les aspects professionnelles, la carri\u00e8re, les finances et l&rsquo;ascension sociale.<\/p>\n<p>Correctement positionner succ\u00e8s et fortune assur\u00e9e, on parle ici plus de rivi\u00e8re o\u00f9 le sens et la direction de l&rsquo;\u00e9coulement est important (en fonction de la porte d&rsquo;entr\u00e9e ou fa\u00e7ade).<\/p>\n<p>Le Feng Shui compte plus d&rsquo;une dizaine de crit\u00e8res et formules afin de choisir le bon emplacement&#8230;<\/p>\n<p>&nbsp;<\/p>\n<p>Une fontaine d&rsquo;int\u00e9rieur purifie l&rsquo;air en captant les poussi\u00e8res pr\u00e9sentes dans l&rsquo;air.<\/p>\n<p>Utiliser de l&rsquo;eau distill\u00e9e, d\u00e9min\u00e9ralis\u00e9e pour limiter les algues et tartre ou changer l&rsquo;eau r\u00e9guli\u00e8rement.<\/p>\n<p>&nbsp;<\/p>","protected":false},"excerpt":{"rendered":"<p>Fontaine en pierre naturelle de schiste multicolore, alliant nuances de vert, d&rsquo;orange, de gris, pigment\u00e9es d&rsquo;inclusions brunes.<\/p>\n<p>Dimension : 30 x 30 x h 30 cm<\/p>\n<p>La pompe immerg\u00e9e dans le bac fait remonter l&rsquo;eau en haut de la pyramide pour que l&rsquo;eau redescende naturellement vers le bas.<\/p>\n<p>La fontaine est silencieuse car l&rsquo;eau ruisselle par \u00e9tape peu espac\u00e9e donc la chute de l&rsquo;eau est tr\u00e8s agr\u00e9able.<\/p>\n<p>Weight: 9.6 kg<\/p>\n<p>Delivered with AP500 pump<\/p>\n<p>Small decorative pebbles provided<\/p>\n<p>&nbsp;<\/p>","protected":false},"featured_media":12442,"template":"","meta":{"_et_pb_use_builder":"","_et_pb_old_content":"","_et_gb_content_width":""},"product_brand":[],"product_cat":[7414,7406],"product_tag":[8025,7996,8198],"class_list":{"0":"post-12444","1":"product","2":"type-product","3":"status-publish","4":"has-post-thumbnail","6":"product_cat-deco-eau","7":"product_cat-tous-les-produits","8":"product_tag-fontaine","9":"product_tag-pierre","10":"product_tag-pyramide","12":"first","13":"instock","14":"taxable","15":"shipping-taxable","16":"purchasable","17":"product-type-simple"},"aioseo_notices":[],"_links":{"self":[{"href":"https:\/\/arqitecture.fr\/en\/wp-json\/wp\/v2\/product\/12444","targetHints":{"allow":["GET"]}}],"collection":[{"href":"https:\/\/arqitecture.fr\/en\/wp-json\/wp\/v2\/product"}],"about":[{"href":"https:\/\/arqitecture.fr\/en\/wp-json\/wp\/v2\/types\/product"}],"wp:featuredmedia":[{"embeddable":true,"href":"https:\/\/arqitecture.fr\/en\/wp-json\/wp\/v2\/media\/12442"}],"wp:attachment":[{"href":"https:\/\/arqitecture.fr\/en\/wp-json\/wp\/v2\/media?parent=12444"}],"wp:term":[{"taxonomy":"product_brand","embeddable":true,"href":"https:\/\/arqitecture.fr\/en\/wp-json\/wp\/v2\/product_brand?post=12444"},{"taxonomy":"product_cat","embeddable":true,"href":"https:\/\/arqitecture.fr\/en\/wp-json\/wp\/v2\/product_cat?post=12444"},{"taxonomy":"product_tag","embeddable":true,"href":"https:\/\/arqitecture.fr\/en\/wp-json\/wp\/v2\/product_tag?post=12444"}],"curies":[{"name":"wp","href":"https:\/\/api.w.org\/{rel}","templated":true}]}}