{"id":12423,"date":"2024-04-18T11:22:07","date_gmt":"2024-04-18T09:22:07","guid":{"rendered":"https:\/\/site-test.jd-web-et-design.fr\/produit\/abre-d-ete-tableau-sculpture-decoration-murale\/"},"modified":"2025-09-24T10:52:14","modified_gmt":"2025-09-24T08:52:14","slug":"arbre-d-ete-tableau-sculpture-decoration-murale","status":"publish","type":"product","link":"https:\/\/arqitecture.fr\/en\/product\/arbre-d-ete-tableau-sculpture-decoration-murale\/","title":{"rendered":"Tableau sculpture Arbre d&rsquo;\u00e9t\u00e9 L127cm, Art mural Design"},"content":{"rendered":"<p>Delivery 2 weeks<\/p>\n<p>\u25ba A la fois discret et imposante<\/p>\n<p>\u25ba Ambiance nature et moderne<\/p>\n<p>\u25ba Superbe d\u00e9coration de salon, de bureau, salle de d\u00e9tente ou de restaurants \/ h\u00f4tels<\/p>\n<p>\u25ba Tr\u00e8s beau cadeau pour votre femme, ami(e), ou une occasion telle qu&rsquo;un anniversaire, un mariage, une cr\u00e9maill\u00e8re<br \/>\nou un d\u00e9part en retraite<\/p>","protected":false},"excerpt":{"rendered":"<p>D\u00e9coration murale d&rsquo;un arbre aux grandes branches grises fonc\u00e9es et aux multitudes de feuilles dor\u00e9es.<\/p>\n<p>En acier inoxydable tr\u00e8s travaill\u00e9e aux parfaites finitions et avec un grand soucis du d\u00e9tail.<\/p>\n<p>Welcoming and warm atmosphere.<\/p>\n<p>Limited edition. Certificate of authenticity and signature. <\/p>\n<p>Reproduction forbidden.<\/p>","protected":false},"featured_media":12418,"template":"","meta":{"_et_pb_use_builder":"","_et_pb_old_content":"","_et_gb_content_width":""},"product_brand":[],"product_cat":[7413,7411,7406],"product_tag":[8094,8756,8194,8728,8754,8776,8064,8764,7995,7992,8015,8227,8470,8195,7994,8774,8755,7999,8674,8352,8762,8775,8000,8014,8024],"class_list":{"0":"post-12423","1":"product","2":"type-product","3":"status-publish","4":"has-post-thumbnail","6":"product_cat-deco-bois","7":"product_cat-deco-metal","8":"product_cat-tous-les-produits","9":"product_tag-acier","10":"product_tag-apaisant","11":"product_tag-arbre","12":"product_tag-art","13":"product_tag-art-mural","14":"product_tag-bars","15":"product_tag-cadeau","16":"product_tag-chaleureux","17":"product_tag-deco","18":"product_tag-decoration","19":"product_tag-decoration-murale","20":"product_tag-design","21":"product_tag-dynamique","22":"product_tag-ete","23":"product_tag-feng-shui","24":"product_tag-hotels","25":"product_tag-luminosite","26":"product_tag-metal","27":"product_tag-mur-decoration","28":"product_tag-nature","29":"product_tag-oeuvre","30":"product_tag-restaurants","31":"product_tag-sculpture","32":"product_tag-tableau","33":"product_tag-zen","34":"pa_hauteur-64cm","35":"pa_longueur-127cm","36":"pa_profondeur-8cm","38":"first","39":"instock","40":"taxable","41":"shipping-taxable","42":"purchasable","43":"product-type-simple"},"aioseo_notices":[],"_links":{"self":[{"href":"https:\/\/arqitecture.fr\/en\/wp-json\/wp\/v2\/product\/12423","targetHints":{"allow":["GET"]}}],"collection":[{"href":"https:\/\/arqitecture.fr\/en\/wp-json\/wp\/v2\/product"}],"about":[{"href":"https:\/\/arqitecture.fr\/en\/wp-json\/wp\/v2\/types\/product"}],"wp:featuredmedia":[{"embeddable":true,"href":"https:\/\/arqitecture.fr\/en\/wp-json\/wp\/v2\/media\/12418"}],"wp:attachment":[{"href":"https:\/\/arqitecture.fr\/en\/wp-json\/wp\/v2\/media?parent=12423"}],"wp:term":[{"taxonomy":"product_brand","embeddable":true,"href":"https:\/\/arqitecture.fr\/en\/wp-json\/wp\/v2\/product_brand?post=12423"},{"taxonomy":"product_cat","embeddable":true,"href":"https:\/\/arqitecture.fr\/en\/wp-json\/wp\/v2\/product_cat?post=12423"},{"taxonomy":"product_tag","embeddable":true,"href":"https:\/\/arqitecture.fr\/en\/wp-json\/wp\/v2\/product_tag?post=12423"}],"curies":[{"name":"wp","href":"https:\/\/api.w.org\/{rel}","templated":true}]}}