{"id":12309,"date":"2024-08-11T11:20:45","date_gmt":"2024-08-11T09:20:45","guid":{"rendered":"https:\/\/site-test.jd-web-et-design.fr\/produit\/cameleon-decoration-maison-statue-resine\/"},"modified":"2024-10-30T15:23:31","modified_gmt":"2024-10-30T14:23:31","slug":"cameleon-decoration-maison-statue-resine","status":"publish","type":"product","link":"https:\/\/arqitecture.fr\/en\/product\/cameleon-decoration-maison-statue-resine\/","title":{"rendered":"Statue Cam\u00e9l\u00e9on argent\u00e9 L36cm, R\u00e9sine"},"content":{"rendered":"<p>\u25ba It will look great \u263c on a piece of furniture or a coffee table<\/p>\n<p>\u25ba Office or living room decoration<\/p>\n<p>\u25ba Ideal gift for lovers of this animal or to remember a vacation memory<\/p>\n<p><a href=\"https:\/\/www.facebook.com\/photo.php?fbid=10150932297875067&amp;set=a.10150417558735067.407554.40377720066&amp;type=3&amp;theater\" target=\"_blank\" rel=\"noopener\"><strong>Click here to see the presentation photo<\/strong><\/a><\/p>\n<p>C&rsquo;est le cam\u00e9l\u00e9on qui permet au soleil d&rsquo;entrer en communaut\u00e9 avec les hommes.<\/p>\n<p>Il monte au sommet des arbres; ainsi il est proche des dieux.<\/p>\n<p>C&rsquo;est un \u00eatre sociable, plein de tact, capable d&rsquo;entretenir un commerce agr\u00e9able avec n&rsquo;importe qui, il est capable de s&rsquo;adapter en toutes circonstances, d&rsquo;adopter les coutumes de tout milieu.<\/p>\n<p>Au sens nocturnes, c&rsquo;est un \u00eatre hypocrite, versatile, changeant au gr\u00e9 des int\u00e9r\u00eats sordides et des combinaisons inavouables; c&rsquo;est aussi maquer d&rsquo;originalit\u00e9 et de personnalit\u00e9.<\/p>\n<p>Il a l&rsquo;art de se tirer de toute impasse, et il a la facult\u00e9 de mentir et de se tapir longuement dans une embuscade pour mieux surprendre.<\/p>","protected":false},"excerpt":{"rendered":"<p>Statue d&rsquo;un Cam\u00e9l\u00e9on pour agr\u00e9menter sa d\u00e9coration d&rsquo;int\u00e9rieur.<\/p>\n<p>Ses yeux sont pr\u00e9dominants, sa queue est enroul\u00e9e sur elle m\u00eame et le toucher fera penser \u00e0 sa peau corn\u00e9e qui raccroche.<\/p>\n<p>Silver polyresin<\/p>\n<p>H 11.5 cm<\/p>\n<p>&nbsp;<\/p>","protected":false},"featured_media":17687,"template":"","meta":{"_et_pb_use_builder":"","_et_pb_old_content":"","_et_gb_content_width":""},"product_brand":[],"product_cat":[7410,7406],"product_tag":[8147,7992,8148,8149,8013,8005],"class_list":{"0":"post-12309","1":"product","2":"type-product","3":"status-publish","4":"has-post-thumbnail","6":"product_cat-deco-animaux","7":"product_cat-tous-les-produits","8":"product_tag-cameleon","9":"product_tag-decoration","10":"product_tag-lezard","11":"product_tag-reptile","12":"product_tag-resine","13":"product_tag-statue","14":"pa_longueur-36cm","16":"first","17":"instock","18":"sale","19":"taxable","20":"shipping-taxable","21":"purchasable","22":"product-type-simple"},"aioseo_notices":[],"_links":{"self":[{"href":"https:\/\/arqitecture.fr\/en\/wp-json\/wp\/v2\/product\/12309","targetHints":{"allow":["GET"]}}],"collection":[{"href":"https:\/\/arqitecture.fr\/en\/wp-json\/wp\/v2\/product"}],"about":[{"href":"https:\/\/arqitecture.fr\/en\/wp-json\/wp\/v2\/types\/product"}],"wp:featuredmedia":[{"embeddable":true,"href":"https:\/\/arqitecture.fr\/en\/wp-json\/wp\/v2\/media\/17687"}],"wp:attachment":[{"href":"https:\/\/arqitecture.fr\/en\/wp-json\/wp\/v2\/media?parent=12309"}],"wp:term":[{"taxonomy":"product_brand","embeddable":true,"href":"https:\/\/arqitecture.fr\/en\/wp-json\/wp\/v2\/product_brand?post=12309"},{"taxonomy":"product_cat","embeddable":true,"href":"https:\/\/arqitecture.fr\/en\/wp-json\/wp\/v2\/product_cat?post=12309"},{"taxonomy":"product_tag","embeddable":true,"href":"https:\/\/arqitecture.fr\/en\/wp-json\/wp\/v2\/product_tag?post=12309"}],"curies":[{"name":"wp","href":"https:\/\/api.w.org\/{rel}","templated":true}]}}