{"id":12145,"date":"2024-01-04T17:24:50","date_gmt":"2024-01-04T16:24:50","guid":{"rendered":"https:\/\/site-test.jd-web-et-design.fr\/produit\/magnolia-branche-rose-artificiel-decoration-maison-feng-shui\/"},"modified":"2024-10-30T13:26:52","modified_gmt":"2024-10-30T12:26:52","slug":"magnolia-branche-rose-artificiel-decoration-maison-feng-shui","status":"publish","type":"product","link":"https:\/\/arqitecture.fr\/en\/product\/magnolia-branche-rose-artificiel-decoration-maison-feng-shui\/","title":{"rendered":"Fleur Magnolia rose H28cm"},"content":{"rendered":"<p><a href=\"https:\/\/www.facebook.com\/photo.php?fbid=10150757915905067&amp;set=a.10150417558735067.407554.40377720066&amp;type=3&amp;theater\" target=\"_blank\" rel=\"noopener\"><strong>Click here to see the presentation photo<\/strong><\/a><\/p>\n<p>\u25ba Elle fera le plus bel effet \u263c dans vos vases, en bouquet ou dans une composition florale<\/p>\n<p>\u25ba Donnera une \u00e2me \u00e0 votre int\u00e9rieur<\/p>\n<p>\u25ba Pour une touche de nature et de couleurs<\/p>\n<p>\u25ba A mettre dans un vase ou une jarre<\/p>\n<p>\u25ba Pour d\u00e9corer une entr\u00e9e, une cuisine, un salon, un salle \u00e0 manger, dans une v\u00e9randa ou terrasse<\/p>\n<p>\u25ba Cadeau id\u00e9al pour les amateurs de jardin et passionn\u00e9s de nature et de ses plantes<\/p>\n<p>\u25ba Pour agr\u00e9menter une d\u00e9coration de mariage<\/p>","protected":false},"excerpt":{"rendered":"<p>Une magnifique branche de Magnolia et ses boutons roses synth\u00e9tiques pour agr\u00e9menter vos vases ou \u00e0 piquer dans un pot de fleurs, tige flexible.<\/p>\n<p>Une l\u00e9g\u00e8ret\u00e9 tr\u00e8s florale !<\/p>\n<p>En tissu Tergal de qualit\u00e9 sup\u00e9rieur.<\/p>\n<p>&nbsp;<\/p>","protected":false},"featured_media":12142,"template":"","meta":{"_et_pb_use_builder":"","_et_pb_old_content":"","_et_gb_content_width":""},"product_brand":[],"product_cat":[7413,7406],"product_tag":[8052,8050,8051],"class_list":{"0":"post-12145","1":"product","2":"type-product","3":"status-publish","4":"has-post-thumbnail","6":"product_cat-deco-bois","7":"product_cat-tous-les-produits","8":"product_tag-fleurs","9":"product_tag-magnolia","10":"product_tag-rose","11":"pa_hauteur-28cm","13":"first","14":"instock","15":"taxable","16":"shipping-taxable","17":"purchasable","18":"product-type-simple"},"aioseo_notices":[],"_links":{"self":[{"href":"https:\/\/arqitecture.fr\/en\/wp-json\/wp\/v2\/product\/12145","targetHints":{"allow":["GET"]}}],"collection":[{"href":"https:\/\/arqitecture.fr\/en\/wp-json\/wp\/v2\/product"}],"about":[{"href":"https:\/\/arqitecture.fr\/en\/wp-json\/wp\/v2\/types\/product"}],"wp:featuredmedia":[{"embeddable":true,"href":"https:\/\/arqitecture.fr\/en\/wp-json\/wp\/v2\/media\/12142"}],"wp:attachment":[{"href":"https:\/\/arqitecture.fr\/en\/wp-json\/wp\/v2\/media?parent=12145"}],"wp:term":[{"taxonomy":"product_brand","embeddable":true,"href":"https:\/\/arqitecture.fr\/en\/wp-json\/wp\/v2\/product_brand?post=12145"},{"taxonomy":"product_cat","embeddable":true,"href":"https:\/\/arqitecture.fr\/en\/wp-json\/wp\/v2\/product_cat?post=12145"},{"taxonomy":"product_tag","embeddable":true,"href":"https:\/\/arqitecture.fr\/en\/wp-json\/wp\/v2\/product_tag?post=12145"}],"curies":[{"name":"wp","href":"https:\/\/api.w.org\/{rel}","templated":true}]}}