{"id":12071,"date":"2024-03-03T11:18:00","date_gmt":"2024-03-03T10:18:00","guid":{"rendered":"https:\/\/site-test.jd-web-et-design.fr\/produit\/coeur-metal-dore-suspendre-ficelle\/"},"modified":"2025-09-17T10:51:15","modified_gmt":"2025-09-17T08:51:15","slug":"coeur-metal-dore-suspendre-ficelle","status":"publish","type":"product","link":"https:\/\/arqitecture.fr\/en\/product\/coeur-metal-dore-suspendre-ficelle\/","title":{"rendered":"Coeur or \u00e0 suspendre 2 tailles, Design dor\u00e9"},"content":{"rendered":"<p>Unpolished raw metal<\/p>\n<p>Effects vary by heart<\/p>\n<p>Sold separately<\/p>\n<p>\u25ba Modern and soothing atmosphere<\/p>\n<p>\u25ba Adds a note of tenderness, confidence and harmony to your interior<\/p>\n<p>\u25ba D\u00e9coration d&rsquo;entr\u00e9e, de couloir, de bureau, de salon ou de chambre<\/p>\n<p>\u25ba Romantic gift for Valentine&#039;s Day, wedding or for your partner<\/p>","protected":false},"excerpt":{"rendered":"<p><span style=\"font-size: 12pt;\">Un joli c\u0153ur bomb\u00e9 en m\u00e9tal dor\u00e9 \u00e0 suspendre gr\u00e2ce \u00e0 sa ficelle : au mur, \u00e0 vos poign\u00e9es de porte ou radiateurs&#8230;\u00a0<\/span><\/p>","protected":false},"featured_media":16912,"template":"","meta":{"_et_pb_use_builder":"","_et_pb_old_content":"","_et_gb_content_width":""},"product_brand":[],"product_cat":[7411,7406],"product_tag":[7991,7992,7994,7999],"class_list":{"0":"post-12071","1":"product","2":"type-product","3":"status-publish","4":"has-post-thumbnail","6":"product_cat-deco-metal","7":"product_cat-tous-les-produits","8":"product_tag-coeur","9":"product_tag-decoration","10":"product_tag-feng-shui","11":"product_tag-metal","12":"pa_dimensions-22x22cm","13":"pa_dimensions-30x27cm","14":"pa_hauteur-22cm","15":"pa_largeur-22cm","17":"first","18":"instock","19":"taxable","20":"shipping-taxable","21":"purchasable","22":"product-type-variable","23":"has-default-attributes"},"aioseo_notices":[],"_links":{"self":[{"href":"https:\/\/arqitecture.fr\/en\/wp-json\/wp\/v2\/product\/12071","targetHints":{"allow":["GET"]}}],"collection":[{"href":"https:\/\/arqitecture.fr\/en\/wp-json\/wp\/v2\/product"}],"about":[{"href":"https:\/\/arqitecture.fr\/en\/wp-json\/wp\/v2\/types\/product"}],"wp:featuredmedia":[{"embeddable":true,"href":"https:\/\/arqitecture.fr\/en\/wp-json\/wp\/v2\/media\/16912"}],"wp:attachment":[{"href":"https:\/\/arqitecture.fr\/en\/wp-json\/wp\/v2\/media?parent=12071"}],"wp:term":[{"taxonomy":"product_brand","embeddable":true,"href":"https:\/\/arqitecture.fr\/en\/wp-json\/wp\/v2\/product_brand?post=12071"},{"taxonomy":"product_cat","embeddable":true,"href":"https:\/\/arqitecture.fr\/en\/wp-json\/wp\/v2\/product_cat?post=12071"},{"taxonomy":"product_tag","embeddable":true,"href":"https:\/\/arqitecture.fr\/en\/wp-json\/wp\/v2\/product_tag?post=12071"}],"curies":[{"name":"wp","href":"https:\/\/api.w.org\/{rel}","templated":true}]}}