{"id":12053,"date":"2024-03-08T11:17:53","date_gmt":"2024-03-08T10:17:53","guid":{"rendered":"https:\/\/site-test.jd-web-et-design.fr\/produit\/champignon-decoration-terre-blanc\/"},"modified":"2024-10-29T15:39:54","modified_gmt":"2024-10-29T14:39:54","slug":"champignon-decoration-terre-blanc","status":"publish","type":"product","link":"https:\/\/arqitecture.fr\/en\/product\/champignon-decoration-terre-blanc\/","title":{"rendered":"Champignon blanc 2 tailles, Gr\u00e8s"},"content":{"rendered":"<p>\u25ba Il fera le plus bel effet \u263c aupr\u00e8s de pot de fleurs ou plantes<\/p>\n<p>\u25ba Pour une touche de nature<\/p>\n<p>\u25ba D\u00e9coration de salon et jardin<\/p>\n<p>\u25ba Pour d\u00e9corer votre cuisine, votre salle \u00e0 manger ou terrasse<\/p>\n<p>\u25ba Thank you gift or dinner invitation<\/p>\n<p>\u25ba Cadeau id\u00e9al pour les amateurs de jardin et passionn\u00e9s de nature<\/p>","protected":false},"excerpt":{"rendered":"<p>Champignon lourd fa\u00e7onn\u00e9 en gr\u00e8s blanc.<\/p>\n<p>Pour agr\u00e9menter sa d\u00e9coration d&rsquo;int\u00e9rieure et ext\u00e9rieure (&gt;0\u00b0).<\/p>\n<p><strong><a href=\"https:\/\/www.facebook.com\/photo.php?fbid=10151671004005067&amp;set=a.10150417558735067.407554.40377720066&amp;type=3&amp;theater\" target=\"_blank\" rel=\"noopener\">Click here to see the presentation photo<\/a><\/strong><\/p>\n<p><span style=\"text-decoration: underline;\">2 sizes to choose from<\/span><strong> :<br \/>\n<\/strong><\/p>","protected":false},"featured_media":12051,"template":"","meta":{"_et_pb_use_builder":"","_et_pb_old_content":"","_et_gb_content_width":""},"product_brand":[],"product_cat":[7415,7406],"product_tag":[7997,7992,7994,7998],"class_list":{"0":"post-12053","1":"product","2":"type-product","3":"status-publish","4":"has-post-thumbnail","6":"product_cat-deco-terre","7":"product_cat-tous-les-produits","8":"product_tag-champignon","9":"product_tag-decoration","10":"product_tag-feng-shui","11":"product_tag-maison","12":"pa_dimensions-16x20_5cm","13":"pa_dimensions-22x27cm","14":"pa_dimensions-26x32cm","16":"first","17":"instock","18":"taxable","19":"shipping-taxable","20":"purchasable","21":"product-type-variable","22":"has-default-attributes"},"aioseo_notices":[],"_links":{"self":[{"href":"https:\/\/arqitecture.fr\/en\/wp-json\/wp\/v2\/product\/12053","targetHints":{"allow":["GET"]}}],"collection":[{"href":"https:\/\/arqitecture.fr\/en\/wp-json\/wp\/v2\/product"}],"about":[{"href":"https:\/\/arqitecture.fr\/en\/wp-json\/wp\/v2\/types\/product"}],"wp:featuredmedia":[{"embeddable":true,"href":"https:\/\/arqitecture.fr\/en\/wp-json\/wp\/v2\/media\/12051"}],"wp:attachment":[{"href":"https:\/\/arqitecture.fr\/en\/wp-json\/wp\/v2\/media?parent=12053"}],"wp:term":[{"taxonomy":"product_brand","embeddable":true,"href":"https:\/\/arqitecture.fr\/en\/wp-json\/wp\/v2\/product_brand?post=12053"},{"taxonomy":"product_cat","embeddable":true,"href":"https:\/\/arqitecture.fr\/en\/wp-json\/wp\/v2\/product_cat?post=12053"},{"taxonomy":"product_tag","embeddable":true,"href":"https:\/\/arqitecture.fr\/en\/wp-json\/wp\/v2\/product_tag?post=12053"}],"curies":[{"name":"wp","href":"https:\/\/api.w.org\/{rel}","templated":true}]}}