{"id":12048,"date":"2024-03-03T10:17:51","date_gmt":"2024-03-03T09:17:51","guid":{"rendered":"https:\/\/site-test.jd-web-et-design.fr\/produit\/coeur-presse-papier-ardoise-decoration-magasin-feng-shui\/"},"modified":"2024-10-28T13:14:43","modified_gmt":"2024-10-28T12:14:43","slug":"coeur-presse-papier-ardoise-decoration-magasin-feng-shui","status":"publish","type":"product","link":"https:\/\/arqitecture.fr\/en\/product\/coeur-presse-papier-ardoise-decoration-magasin-feng-shui\/","title":{"rendered":"Coeur d\u00e9co pierre 2 tailles, Ardoise anthracite"},"content":{"rendered":"<p>Sold separately<\/p>\n<p>\u25ba Il fera le plus bel effet \u263c sur une \u00e9tag\u00e8re, une console, une commode ou un meuble bas<\/p>\n<p>\u25ba Modern, inspiring and soothing atmosphere<\/p>\n<p>\u25ba Adds a note of tenderness, confidence and harmony to your interior<\/p>\n<p>\u25ba Decoration of entrance, office, living room or bedroom<\/p>\n<p>\u25ba Remember good times together<\/p>\n<p>\u25ba Romantic gift for Valentine&#039;s Day, wedding or for your partner<\/p>","protected":false},"excerpt":{"rendered":"<p>Un tr\u00e8s joli c\u0153ur en ardoise de couleur anthracite \u00e0 poser sur vos meubles ou votre table de repas pour donner un esprit convivial et chaleureux \u00e0 votre d\u00e9coration. <\/p>\n<p>Tous les c\u0153urs sont diff\u00e9rents selon la pierre.<\/p>\n<p>Can be used as a paperweight.<\/p>\n<p>2 sizes to choose from:<\/p>","protected":false},"featured_media":17119,"template":"","meta":{"_et_pb_use_builder":"","_et_pb_old_content":"","_et_gb_content_width":""},"product_brand":[],"product_cat":[7415,7408,7406],"product_tag":[7993,7991,7995,7992,7994,7996],"class_list":{"0":"post-12048","1":"product","2":"type-product","3":"status-publish","4":"has-post-thumbnail","6":"product_cat-deco-terre","7":"product_cat-deco-yin","8":"product_cat-tous-les-produits","9":"product_tag-ardoise","10":"product_tag-coeur","11":"product_tag-deco","12":"product_tag-decoration","13":"product_tag-feng-shui","14":"product_tag-pierre","15":"pa_dimensions-11x11cm","16":"pa_dimensions-8x8cm","18":"first","19":"instock","20":"taxable","21":"shipping-taxable","22":"purchasable","23":"product-type-variable","24":"has-default-attributes"},"aioseo_notices":[],"_links":{"self":[{"href":"https:\/\/arqitecture.fr\/en\/wp-json\/wp\/v2\/product\/12048","targetHints":{"allow":["GET"]}}],"collection":[{"href":"https:\/\/arqitecture.fr\/en\/wp-json\/wp\/v2\/product"}],"about":[{"href":"https:\/\/arqitecture.fr\/en\/wp-json\/wp\/v2\/types\/product"}],"wp:featuredmedia":[{"embeddable":true,"href":"https:\/\/arqitecture.fr\/en\/wp-json\/wp\/v2\/media\/17119"}],"wp:attachment":[{"href":"https:\/\/arqitecture.fr\/en\/wp-json\/wp\/v2\/media?parent=12048"}],"wp:term":[{"taxonomy":"product_brand","embeddable":true,"href":"https:\/\/arqitecture.fr\/en\/wp-json\/wp\/v2\/product_brand?post=12048"},{"taxonomy":"product_cat","embeddable":true,"href":"https:\/\/arqitecture.fr\/en\/wp-json\/wp\/v2\/product_cat?post=12048"},{"taxonomy":"product_tag","embeddable":true,"href":"https:\/\/arqitecture.fr\/en\/wp-json\/wp\/v2\/product_tag?post=12048"}],"curies":[{"name":"wp","href":"https:\/\/api.w.org\/{rel}","templated":true}]}}