{"id":567,"date":"2022-03-09T13:03:17","date_gmt":"2022-03-09T12:03:17","guid":{"rendered":"https:\/\/sneakers-collect.com\/?page_id=567"},"modified":"2023-10-03T15:47:46","modified_gmt":"2023-10-03T13:47:46","slug":"politique-de-confidentialite","status":"publish","type":"page","link":"https:\/\/arqitecture.fr\/en\/politique-de-confidentialite\/","title":{"rendered":"Privacy Policy"},"content":{"rendered":"\n[et_pb_section fb_built=\u00a0\u00bb1&Prime; _builder_version=\u00a0\u00bb4.21.0&Prime; _module_preset=\u00a0\u00bbdefault\u00a0\u00bb use_background_color_gradient=\u00a0\u00bbon\u00a0\u00bb background_color_gradient_direction=\u00a0\u00bb90deg\u00a0\u00bb background_color_gradient_stops=\u00a0\u00bbrgba(0,0,0,0.82) 0%|rgba(0,0,0,0) 58%\u00a0\u00bb background_color_gradient_start=\u00a0\u00bbrgba(0,0,0,0.82)\u00a0\u00bb background_color_gradient_end=\u00a0\u00bbrgba(0,0,0,0)\u00a0\u00bb background_color_gradient_end_position=\u00a0\u00bb58%\u00a0\u00bb background_image=\u00a0\u00bbhttps:\/\/arqitecture.fr\/wp-content\/uploads\/2023\/08\/Petit-Fut3.jpg\u00a0\u00bb background_blend=\u00a0\u00bboverlay\u00a0\u00bb custom_padding=\u00a0\u00bb130px||130px||true|false\u00a0\u00bb global_colors_info=\u00a0\u00bb{}\u00a0\u00bb][et_pb_row _builder_version=\u00a0\u00bb4.16&Prime; _module_preset=\u00a0\u00bbdefault\u00a0\u00bb width=\u00a0\u00bb100%\u00a0\u00bb max_width=\u00a0\u00bb90%\u00a0\u00bb global_colors_info=\u00a0\u00bb{}\u00a0\u00bb][et_pb_column type=\u00a0\u00bb4_4&Prime; _builder_version=\u00a0\u00bb4.16&Prime; _module_preset=\u00a0\u00bbdefault\u00a0\u00bb global_colors_info=\u00a0\u00bb{}\u00a0\u00bb][et_pb_text module_class=\u00a0\u00bbh1-line\u00a0\u00bb _builder_version=\u00a0\u00bb4.21.0&Prime; _module_preset=\u00a0\u00bbdefault\u00a0\u00bb header_text_color=\u00a0\u00bb#FFFFFF\u00a0\u00bb header_font_size=\u00a0\u00bb40px\u00a0\u00bb header_text_align_tablet=\u00a0\u00bb\u00a0\u00bb header_text_align_phone=\u00a0\u00bb\u00a0\u00bb header_text_align_last_edited=\u00a0\u00bbon|phone\u00a0\u00bb header_font_size_tablet=\u00a0\u00bb37px\u00a0\u00bb header_font_size_phone=\u00a0\u00bb32px\u00a0\u00bb header_font_size_last_edited=\u00a0\u00bbon|phone\u00a0\u00bb global_colors_info=\u00a0\u00bb{}\u00a0\u00bb]<h1>Politique de confidentialit\u00e9<\/h1>[\/et_pb_text][\/et_pb_column][\/et_pb_row][\/et_pb_section][et_pb_section fb_built=\u00a0\u00bb1&Prime; module_class=\u00a0\u00bbmy-background mentions\u00a0\u00bb _builder_version=\u00a0\u00bb4.16&Prime; _module_preset=\u00a0\u00bbdefault\u00a0\u00bb global_colors_info=\u00a0\u00bb{}\u00a0\u00bb][et_pb_row _builder_version=\u00a0\u00bb4.16&Prime; _module_preset=\u00a0\u00bbdefault\u00a0\u00bb global_colors_info=\u00a0\u00bb{}\u00a0\u00bb][et_pb_column type=\u00a0\u00bb4_4&Prime; _builder_version=\u00a0\u00bb4.16&Prime; _module_preset=\u00a0\u00bbdefault\u00a0\u00bb global_colors_info=\u00a0\u00bb{}\u00a0\u00bb][et_pb_text _builder_version=\u00a0\u00bb4.22.1&Prime; _module_preset=\u00a0\u00bbdefault\u00a0\u00bb header_2_text_color=\u00a0\u00bb#00A19B\u00a0\u00bb header_2_font=\u00a0\u00bb|700|||||||\u00a0\u00bb header_2_font_size=\u00a0\u00bb20px\u00a0\u00bb module_class=\u00a0\u00bbpuce\u00a0\u00bb hover_enabled=\u00a0\u00bb0&Prime; sticky_enabled=\u00a0\u00bb0&Prime;]<p class=\"bold text-center italic\">Devant le d\u00e9veloppement des nouveaux outils de communication, il est n\u00e9cessaire de porter une attention particuli\u00e8re \u00e0 la protection de la vie priv\u00e9e. \n\t\tC&rsquo;est pourquoi, nous nous engageons \u00e0 respecter la confidentialit\u00e9 des renseignements personnels que nous collectons.\n\t\t<\/p>\n\t\t<h2>Collecte des renseignements personnels<\/h2>\n\t\t<p>\n\t\tNous collectons les renseignements suivants : \n\t\t<\/p>\n\t\t<ul>\n\t\t\t\t\t<li>Nom<\/li>\n\t\t\t\t\t<li>Pr\u00e9nom<\/li>\n\t\t\t\t\t<li>Adresse \u00e9lectronique<\/li>\n\t\t\t\t\t<li>Adresse postale<\/li>\n\t\t\t\t\t<li>Num\u00e9ro de t\u00e9l\u00e9phone \/ t\u00e9l\u00e9copieur<\/li>\n\t\t\t\t\t<li>Date de naissance<\/li>\n\t\t\t<\/ul>\n\n\t\t<p>\n\t\t\tLes renseignements personnels que nous collectons sont recueillis au travers de formulaires et gr\u00e2ce \u00e0 \n\t\t\tl&rsquo;interactivit\u00e9 \u00e9tablie entre vous et notre site Web.\n\t\t\tNous utilisons \u00e9galement, comme indiqu\u00e9 dans la section suivante, des fichiers t\u00e9moins et\/ou journaux \n\t\t\tpour r\u00e9unir des informations vous concernant.\n\t\t<\/p>\n\t\t<h2>Formulaires  et interactivit\u00e9:<\/h2>\n\t\t<p class=\"italic\">\n\t\t\tVos renseignements personnels sont collect\u00e9s par le biais de formulaire, \u00e0 savoir :\n\t\t<\/p>\n\t\t\t<ul>\n\t\t\t\t\t\t\t<li>Formulaire de contact du site Web<\/li>\n\t\t\t\t\t\t\t<li>Formulaire de cr\u00e9ation de compte<\/li>\n\t\t\t\t\t<\/ul>\n\t\t<p class=\"italic\">\n\t\t\tNous utilisons les renseignements ainsi collect\u00e9s pour les finalit\u00e9s suivantes :\n\t\t<\/p>\n\t\t<ul>\n\t\t\t<li>Contact<\/li>\n\t\t\t<li>Cr\u00e9ation de compte utilisateur<\/li>\n\n\t\t\t\t\t\n\t\t\t<\/ul>\n\t\t<p class=\"italic\">\n\t\t\tVos renseignements sont \u00e9galement collect\u00e9s par le biais de l&rsquo;interactivit\u00e9 pouvant s&rsquo;\u00e9tablir entre vous et notre site Web et ce, de la fa\u00e7on suivante:\n\t\t<\/p>\t\n\t\t\t<ul>\n\t\t\t\t<li>Cr\u00e9ation de compte utilisateur<\/li>\n\t\t\t<\/ul>\n\t\t<p class=\"italic\">\n\t\t\tNous utilisons les renseignements ainsi collect\u00e9s pour les finalit\u00e9s suivantes :<br \/>\n\t\t<\/p>\n\t\t\t<ul>\n\t\t\t\t<li>La mise en place de votre colis et livraison<\/li>\n\t\t\t\t<li>Vous contacter en cas de probl\u00e8me ou \u00e0 votre demande<\/li>\n\t\t\t<\/ul>\n\t\t\n\t\t<h2>Droit d&rsquo;opposition et de retrait<\/h2>\n\t\t<p>\n\t\t\tNous nous engageons \u00e0 vous offrir un droit d&rsquo;opposition et de retrait quant \u00e0 vos renseignements personnels.<br \/>\n\t\t\tLe droit d&rsquo;opposition s&rsquo;entend comme \u00e9tant la possiblit\u00e9 offerte aux internautes de refuser que leurs renseignements \n\t\t\tpersonnels soient utilis\u00e9es \u00e0 certaines fins mentionn\u00e9es lors de la collecte.<br \/>\n\t\t<\/p>\n\t\t<p>\n\t\t\tLe droit de retrait s&rsquo;entend comme \u00e9tant la possiblit\u00e9 offerte aux internautes de demander \u00e0 ce que leurs \n\t\t\trenseignements personnels ne figurent plus, par exemple, dans une liste de diffusion.<br \/>\n\t\t<\/p>\n\t\t<p>\n\t\t\tPour pouvoir exercer ces droits: <br \/>\n\t\t\tCode postal : 11 RUE DE LA CROIX JEAN MAIRE 54380 DIEULOUARD<br \/>\tCourriel : sarlarqitecture@gmail.com<br \/>\t\tSection du site web : https:\/\/arqitecture.fr<br \/>\t<\/p>\n\t\t<h2>Droit d&rsquo;acc\u00e8s<\/h2>\n\t\t<p>\n\t\t\tNous nous engageons \u00e0 reconna\u00eetre un droit d&rsquo;acc\u00e8s et de rectification aux personnes \n\t\t\tconcern\u00e9es d\u00e9sireuses de consulter, modifier, voire radier les informations les concernant.<br \/>\n\n\t\t\t\n\t\t\tL&rsquo;exercice de ce droit se fera :<br \/>\n\t\t\tCode postal : 11 RUE DE LA CROIX JEAN MAIRE 54380 DIEULOUARD<br \/>\tCourriel : sarlarqitecture@gmail.com<br \/>\t\tSection du site web : https:\/\/arqitecture.fr<br \/>\t<\/p>\n\t\t<h2>S\u00e9curit\u00e9<\/h2>\n\t\t<p>\n\n\t\t\tLes renseignements personnels que nous collectons sont conserv\u00e9s \n\t\t\tdans un environnement s\u00e9curis\u00e9. Les personnes travaillant pour nous sont tenues de respecter la confidentialit\u00e9 de vos informations.<br \/>\n\t\t\tPour assurer la s\u00e9curit\u00e9 de vos renseignements personnels, nous avons recours aux mesures suivantes :\n\t\t<\/p>\n\t\t\t<ul>\n\t\t\t\t\t\t\t\t\t\t\t<li>Protocole SSL (Secure Sockets Layer)<\/li>\n\t\t\t\t\t\t\t\t\t\t\t\t\t\t\n\t\t\t\t\t\t\t\t<\/ul>\n\n\t\t<p>\n\t\t\tNous nous engageons \u00e0 maintenir un haut degr\u00e9 de confidentialit\u00e9 en int\u00e9grant les derni\u00e8res innovations technologiques permettant d&rsquo;assurer \n\t\t\tla confidentialit\u00e9 de vos transactions. Toutefois, comme aucun m\u00e9canisme n&rsquo;offre une s\u00e9curit\u00e9 maximale, une part de risque est toujours pr\u00e9sente \n\t\t\tlorsque l&rsquo;on utilise Internet pour transmettre des renseignements personnels. \n\t\t<\/p>\n\t\t<h2>Enfants<\/h2>\n\t\t<p>\n\t\t\tNotre site Web contient des sections destin\u00e9es aux enfants. \n\t\t\tLa collecte de leurs renseignements personnels se fait avec \n\t\t\tle consentement des parents ou du repr\u00e9sentant l\u00e9gal de l&rsquo;enfant.\n\t\t\t\t\t\n\t\t\t<\/p>\n\t\t\t\n\t\t<h2>Label<\/h2>\n\t\t<p>\n\t\t\tNos engagements en mati\u00e8re de protection des renseignements personnels r\u00e9pondent aux exigences du programme suivant :\n\t\t<\/p>\n\t\t<ul>\n\t\t\t\t\t\t\t<\/ul>\n\t\t<h2>L\u00e9gislation<\/h2>\n\t\t<p>\n\t\t\tNous nous engageons \u00e0 respecter les dispositions l\u00e9gislatives \u00e9nonc\u00e9es dans :\n\t\t\t<br \/>la l\u00e9gislation Fran\u00e7aise.\n\t\t<\/p>[\/et_pb_text][\/et_pb_column][\/et_pb_row][\/et_pb_section]\n","protected":false},"excerpt":{"rendered":"<p>Politique de confidentialit\u00e9Devant le d\u00e9veloppement des nouveaux outils de communication, il est n\u00e9cessaire de porter une attention particuli\u00e8re \u00e0 la protection de la vie priv\u00e9e. C&rsquo;est pourquoi, nous nous engageons \u00e0 respecter la confidentialit\u00e9 des renseignements personnels que nous collectons. Collecte des renseignements personnels Nous collectons les renseignements suivants : Nom Pr\u00e9nom Adresse \u00e9lectronique Adresse [&hellip;]<\/p>\n","protected":false},"author":1,"featured_media":0,"parent":0,"menu_order":0,"comment_status":"closed","ping_status":"closed","template":"","meta":{"_et_pb_use_builder":"on","_et_pb_old_content":"","_et_gb_content_width":"","footnotes":""},"class_list":["post-567","page","type-page","status-publish","hentry"],"aioseo_notices":[],"_links":{"self":[{"href":"https:\/\/arqitecture.fr\/en\/wp-json\/wp\/v2\/pages\/567","targetHints":{"allow":["GET"]}}],"collection":[{"href":"https:\/\/arqitecture.fr\/en\/wp-json\/wp\/v2\/pages"}],"about":[{"href":"https:\/\/arqitecture.fr\/en\/wp-json\/wp\/v2\/types\/page"}],"author":[{"embeddable":true,"href":"https:\/\/arqitecture.fr\/en\/wp-json\/wp\/v2\/users\/1"}],"replies":[{"embeddable":true,"href":"https:\/\/arqitecture.fr\/en\/wp-json\/wp\/v2\/comments?post=567"}],"version-history":[{"count":0,"href":"https:\/\/arqitecture.fr\/en\/wp-json\/wp\/v2\/pages\/567\/revisions"}],"wp:attachment":[{"href":"https:\/\/arqitecture.fr\/en\/wp-json\/wp\/v2\/media?parent=567"}],"curies":[{"name":"wp","href":"https:\/\/api.w.org\/{rel}","templated":true}]}}