{"id":2392,"date":"2023-09-01T11:56:20","date_gmt":"2023-09-01T09:56:20","guid":{"rendered":"http:\/\/localhost\/arqitecture\/?page_id=2392"},"modified":"2026-01-30T12:26:11","modified_gmt":"2026-01-30T11:26:11","slug":"boutique","status":"publish","type":"page","link":"https:\/\/arqitecture.fr\/en\/boutique\/","title":{"rendered":"Menu"},"content":{"rendered":"<p>[et_pb_section fb_built=\u00a0\u00bb1&Prime; _builder_version=\u00a0\u00bb4.27.4&Prime; _module_preset=\u00a0\u00bbdefault\u00a0\u00bb use_background_color_gradient=\u00a0\u00bbon\u00a0\u00bb background_color_gradient_direction=\u00a0\u00bb90deg\u00a0\u00bb background_color_gradient_stops=\u00a0\u00bbrgba(0,0,0,0.8) 0%|rgba(0,0,0,0) 58%\u00a0\u00bb background_color_gradient_start=\u00a0\u00bbrgba(0,0,0,0.82)\u00a0\u00bb background_color_gradient_end=\u00a0\u00bbrgba(0,0,0,0)\u00a0\u00bb background_color_gradient_end_position=\u00a0\u00bb58%\u00a0\u00bb background_image=\u00a0\u00bbhttps:\/\/arqitecture.fr\/wp-content\/uploads\/2023\/08\/Petit-Fut.jpg\u00a0\u00bb background_blend=\u00a0\u00bboverlay\u00a0\u00bb custom_margin=\u00a0\u00bb||-124px|||\u00a0\u00bb custom_padding=\u00a0\u00bb130px||130px||true|false\u00a0\u00bb global_colors_info=\u00a0\u00bb{}\u00a0\u00bb][\/et_pb_section][et_pb_section fb_built=\u00a0\u00bb1&Prime; module_class=\u00a0\u00bbmy-background\u00a0\u00bb _builder_version=\u00a0\u00bb4.27.4&Prime; _module_preset=\u00a0\u00bbdefault\u00a0\u00bb background_color=\u00a0\u00bb#FFFFFF\u00a0\u00bb custom_padding=\u00a0\u00bb0px|||||\u00a0\u00bb global_colors_info=\u00a0\u00bb{}\u00a0\u00bb][et_pb_row _builder_version=\u00a0\u00bb4.27.4&Prime; _module_preset=\u00a0\u00bbdefault\u00a0\u00bb width=\u00a0\u00bb100%\u00a0\u00bb max_width=\u00a0\u00bb2560px\u00a0\u00bb custom_padding=\u00a0\u00bb0px|||||\u00a0\u00bb global_colors_info=\u00a0\u00bb{}\u00a0\u00bb][et_pb_column type=\u00a0\u00bb4_4&Prime; _builder_version=\u00a0\u00bb4.27.4&Prime; _module_preset=\u00a0\u00bbdefault\u00a0\u00bb global_colors_info=\u00a0\u00bb{}\u00a0\u00bb][et_pb_text _builder_version=\u00a0\u00bb4.27.4&Prime; _module_preset=\u00a0\u00bbdefault\u00a0\u00bb text_text_color=\u00a0\u00bb#FFFFFF\u00a0\u00bb background_color=\u00a0\u00bb#000000&Prime; text_orientation=\u00a0\u00bbcenter\u00a0\u00bb custom_margin=\u00a0\u00bb||||false|false\u00a0\u00bb custom_padding=\u00a0\u00bb15px|70px|5px|70px|false|false\u00a0\u00bb hover_enabled=\u00a0\u00bb0&Prime; global_colors_info=\u00a0\u00bb{}\u00a0\u00bb width=\u00a0\u00bb100%\u00a0\u00bb sticky_enabled=\u00a0\u00bb0&Prime;]<\/p>\n<h1><span style=\"color: #f9f9f9;\"><strong>Mobilier<\/strong>, objets de\u00a0<strong>d\u00e9coration<\/strong>\u00a0<em>et<\/em>\u00a0<\/span><span style=\"color: #f9f9f9;\">cadeaux |<strong>\u00a0Feng Shui<\/strong><\/span><\/h1>\n<p>[\/et_pb_text][\/et_pb_column][\/et_pb_row][et_pb_row _builder_version=\u00a0\u00bb4.27.4&Prime; _module_preset=\u00a0\u00bbdefault\u00a0\u00bb width=\u00a0\u00bb84.3%\u00a0\u00bb custom_padding=\u00a0\u00bb|||142px||\u00a0\u00bb global_colors_info=\u00a0\u00bb{}\u00a0\u00bb][et_pb_column type=\u00a0\u00bb4_4&Prime; _builder_version=\u00a0\u00bb4.27.4&Prime; _module_preset=\u00a0\u00bbdefault\u00a0\u00bb global_colors_info=\u00a0\u00bb{}\u00a0\u00bb][et_pb_text _builder_version=\u00a0\u00bb4.27.4&Prime; _module_preset=\u00a0\u00bbdefault\u00a0\u00bb custom_margin=\u00a0\u00bb|||-137px||\u00a0\u00bb custom_padding=\u00a0\u00bb|||0px||\u00a0\u00bb global_colors_info=\u00a0\u00bb{}\u00a0\u00bb]<\/p>\n<h2 style=\"text-align: center;\"><span style=\"color: #33cccc;\"><strong>Objets de d\u00e9coration, mobilier et id\u00e9es cadeaux pour <\/strong><\/span><\/h2>\n<h2 style=\"text-align: center;\"><span style=\"color: #33cccc;\"><strong>harmoniser <\/strong><\/span><span style=\"color: #33cccc;\"><strong>votre int\u00e9rieur<\/strong><\/span><\/h2>\n<p><span style=\"color: #33cccc;\"><strong><\/strong><\/span><\/p>\n<p>Yin, Yang et Cinq \u00c9l\u00e9ments pour soutenir la circulation de l\u2019\u00e9nergie Qi et l\u2019\u00e9quilibre des espaces.<br \/>D\u00e9couvrez une boutique en ligne sp\u00e9cialis\u00e9e en d\u00e9coration Feng Shui, d\u00e9di\u00e9e \u00e0 l\u2019harmonie des lieux, \u00e0 la structuration de l\u2019espace et \u00e0 une d\u00e9coration porteuse de sens.<\/p>\n<p>Chaque objet est s\u00e9lectionn\u00e9 pour soutenir l\u2019\u00e9nergie environnante, renforcer une ambiance et cr\u00e9er un int\u00e9rieur coh\u00e9rent, esth\u00e9tique et fonctionnel.<\/p>\n<p>[\/et_pb_text][\/et_pb_column][\/et_pb_row][et_pb_row _builder_version=\u00a0\u00bb4.27.4&Prime; _module_preset=\u00a0\u00bbdefault\u00a0\u00bb custom_margin=\u00a0\u00bb55px|auto||auto||\u00a0\u00bb custom_padding=\u00a0\u00bb21px||0px|||\u00a0\u00bb global_colors_info=\u00a0\u00bb{}\u00a0\u00bb][et_pb_column type=\u00a0\u00bb4_4&Prime; _builder_version=\u00a0\u00bb4.27.4&Prime; _module_preset=\u00a0\u00bbdefault\u00a0\u00bb global_colors_info=\u00a0\u00bb{}\u00a0\u00bb][et_pb_text _builder_version=\u00a0\u00bb4.27.4&Prime; _module_preset=\u00a0\u00bbdefault\u00a0\u00bb link_option_url=\u00a0\u00bbhttps:\/\/arqitecture.fr\/categorie-produit\/home\/deco-articles\/deco-yin\/\u00a0\u00bb global_colors_info=\u00a0\u00bb{}\u00a0\u00bb]<\/p>\n<div class=\"categories-woo fc fw jc-sb\">\n<div class=\"img-container\"><img decoding=\"async\" src=\"https:\/\/arqitecture.fr\/wp-content\/uploads\/2023\/10\/Fauteuil-noir-confortable-Metal-et-tissu-remboure.jpg\" alt=\"D\u00e9coration Feng Shui Yin \u2013 objets d\u00e9co et mobilier apaisant\" style=\"display: block; margin-left: auto; margin-right: auto;\" \/><\/div>\n<div class=\"texte\">\n<h2 style=\"text-align: center;\">D\u00e9co YIN \u2013 Calme et apaisement<\/h2>\n<p style=\"text-align: left;\">Les objets Yin favorisent le repos, la douceur et la stabilit\u00e9 \u00e9motionnelle.<br \/>Ils sont particuli\u00e8rement adapt\u00e9s aux chambres, espaces de d\u00e9tente, cabinets th\u00e9rapeutiques ou zones de repos.<\/p>\n<ul>\n<li style=\"text-align: left;\">Tableaux aux images calmes<\/li>\n<li style=\"text-align: left;\">Canap\u00e9s et coussins<\/li>\n<li style=\"text-align: left;\">Figurines Zen et Yoga<\/li>\n<li style=\"text-align: left;\">Statues de couple<\/li>\n<li style=\"text-align: left;\">Serre-livres<\/li>\n<li style=\"text-align: left;\">Bouddhas<\/li>\n<\/ul>\n<p>&nbsp;<\/p>\n<p><a href=\"https:\/\/arqitecture.fr\/categorie-produit\/home\/deco-articles\/deco-yin\/\" class=\"btn blue-btn\">Voir les produits D\u00e9co YIN<\/a><\/p>\n<\/div>\n<\/div>\n<p>[\/et_pb_text][\/et_pb_column][\/et_pb_row][et_pb_row _builder_version=\u00a0\u00bb4.27.4&Prime; _module_preset=\u00a0\u00bbdefault\u00a0\u00bb custom_padding=\u00a0\u00bb||2px|||\u00a0\u00bb global_colors_info=\u00a0\u00bb{}\u00a0\u00bb][et_pb_column type=\u00a0\u00bb4_4&Prime; _builder_version=\u00a0\u00bb4.27.4&Prime; _module_preset=\u00a0\u00bbdefault\u00a0\u00bb global_colors_info=\u00a0\u00bb{}\u00a0\u00bb][et_pb_text _builder_version=\u00a0\u00bb4.27.4&Prime; _module_preset=\u00a0\u00bbdefault\u00a0\u00bb link_option_url=\u00a0\u00bbhttps:\/\/arqitecture.fr\/categorie-produit\/home\/deco-articles\/deco-yang\/\u00a0\u00bb global_colors_info=\u00a0\u00bb{}\u00a0\u00bb]<\/p>\n<div class=\"categories-woo fc fw jc-sb\">\n<div class=\"img-container\"><img decoding=\"async\" src=\"https:\/\/arqitecture.fr\/wp-content\/uploads\/2023\/10\/Sculpture-metal-Saxophone-deco-musique-desin-1.jpg\" alt=\"D\u00e9coration Feng Shui Yang \u2013 objets d\u00e9co dynamiques\" style=\"display: block; margin-left: auto; margin-right: auto;\" \/><\/div>\n<div class=\"texte\">\n<h2 style=\"text-align: center;\">D\u00e9co YANG \u2013 Dynamisme et \u00e9nergie<\/h2>\n<p style=\"text-align: left;\">Les objets Yang stimulent l\u2019action, la cr\u00e9ativit\u00e9 et le mouvement.<br \/>Ils conviennent aux salons, bureaux, espaces professionnels et lieux recevant du public.<\/p>\n<ul>\n<li style=\"text-align: left;\">Tableaux aux couleurs et traits dynamiques<\/li>\n<li style=\"text-align: left;\">Instruments de musique (piano, guitare, saxophone, contrebasse, clef de sol)<\/li>\n<li style=\"text-align: left;\">Sculptures sportives (danse, karat\u00e9, cyclisme, \u00e9quitation, football, course \u00e0 pied)<\/li>\n<\/ul>\n<p>&nbsp;<\/p>\n<p><a href=\"https:\/\/arqitecture.fr\/categorie-produit\/home\/deco-articles\/deco-yang\/\" class=\"btn blue-btn\">Voir les produits D\u00e9co YANG<\/a><\/p>\n<\/div>\n<\/div>\n<p>[\/et_pb_text][\/et_pb_column][\/et_pb_row][et_pb_row _builder_version=\u00a0\u00bb4.27.4&Prime; _module_preset=\u00a0\u00bbdefault\u00a0\u00bb min_height=\u00a0\u00bb298.6px\u00a0\u00bb global_colors_info=\u00a0\u00bb{}\u00a0\u00bb][et_pb_column type=\u00a0\u00bb4_4&Prime; _builder_version=\u00a0\u00bb4.27.4&Prime; _module_preset=\u00a0\u00bbdefault\u00a0\u00bb global_colors_info=\u00a0\u00bb{}\u00a0\u00bb][et_pb_text _builder_version=\u00a0\u00bb4.27.4&Prime; _module_preset=\u00a0\u00bbdefault\u00a0\u00bb link_option_url=\u00a0\u00bbhttps:\/\/arqitecture.fr\/categorie-produit\/home\/deco-articles\/deco-animaux\/\u00a0\u00bb global_colors_info=\u00a0\u00bb{}\u00a0\u00bb]<\/p>\n<div class=\"categories-woo fc fw jc-sb\">\n<div class=\"img-container\"><img decoding=\"async\" src=\"https:\/\/arqitecture.fr\/wp-content\/uploads\/2023\/10\/Sculpture-verre-mini-chouette-oiseau-deco-art-design.jpg\" alt=\"D\u00e9coration Feng Shui Animaux \u2013 symbolique animale\" style=\"display: block; margin-left: auto; margin-right: auto;\" \/><\/div>\n<div class=\"texte\">\n<h2 style=\"text-align: center;\">D\u00e9co Animaux \u2013 Symbolique Feng Shui<\/h2>\n<p style=\"text-align: left;\">La symbolique animale joue un r\u00f4le central en Feng Shui.<br \/>Chaque animal v\u00e9hicule une \u00e9nergie sp\u00e9cifique li\u00e9e \u00e0 la protection, la chance, la r\u00e9ussite ou l\u2019ancrage.<\/p>\n<p style=\"text-align: left;\">Cheval, chien, chat, dragon, tortue, grenouille, \u00e9l\u00e9phant, hibou, poisson, panth\u00e8re, coccinelle, oiseaux, serpent, girafe, \u00e9cureuil\u2026<\/p>\n<p><a href=\"https:\/\/arqitecture.fr\/categorie-produit\/home\/deco-articles\/deco-animaux\/\" class=\"btn blue-btn\">Voir les produits D\u00e9co Animaux<\/a><\/p>\n<\/div>\n<\/div>\n<p>[\/et_pb_text][\/et_pb_column][\/et_pb_row][et_pb_row _builder_version=\u00a0\u00bb4.27.4&Prime; _module_preset=\u00a0\u00bbdefault\u00a0\u00bb global_colors_info=\u00a0\u00bb{}\u00a0\u00bb][et_pb_column type=\u00a0\u00bb4_4&Prime; _builder_version=\u00a0\u00bb4.27.4&Prime; _module_preset=\u00a0\u00bbdefault\u00a0\u00bb global_colors_info=\u00a0\u00bb{}\u00a0\u00bb][et_pb_text _builder_version=\u00a0\u00bb4.27.4&Prime; _module_preset=\u00a0\u00bbdefault\u00a0\u00bb link_option_url=\u00a0\u00bbhttps:\/\/arqitecture.fr\/categorie-produit\/home\/deco-articles\/deco-metal\/\u00a0\u00bb global_colors_info=\u00a0\u00bb{}\u00a0\u00bb]<\/p>\n<div class=\"categories-woo fc fw jc-sb\">\n<div class=\"img-container\"><img decoding=\"async\" src=\"https:\/\/arqitecture.fr\/wp-content\/uploads\/2023\/10\/Boule-alu-trouee-deco-design-tendance.jpg\" alt=\"D\u00e9coration Feng Shui M\u00e9tal \u2013 structure et clart\u00e9\" style=\"display: block; margin-left: auto; margin-right: auto;\" \/><\/div>\n<div class=\"texte\">\n<h2 style=\"text-align: center;\">D\u00e9co M\u00e9tal \u2013 Structure et clart\u00e9<\/h2>\n<p style=\"text-align: left;\">Les objets li\u00e9s \u00e0 l\u2019\u00e9l\u00e9ment M\u00e9tal renforcent l\u2019ordre, la pr\u00e9cision et la concentration.<\/p>\n<ul>\n<li style=\"text-align: left;\">Sculptures en aluminium, fer, acier, inox, argent ou bronze<\/li>\n<li style=\"text-align: left;\">Mobilier en m\u00e9tal<\/li>\n<li style=\"text-align: left;\">Miroirs<\/li>\n<li style=\"text-align: left;\">Horloges<\/li>\n<\/ul>\n<p>&nbsp;<\/p>\n<p><a href=\"https:\/\/arqitecture.fr\/categorie-produit\/home\/deco-articles\/deco-metal\/\" class=\"btn blue-btn\">Voir les produits D\u00e9co M\u00e9tal<\/a><\/p>\n<\/div>\n<\/div>\n<p>[\/et_pb_text][\/et_pb_column][\/et_pb_row][et_pb_row _builder_version=\u00a0\u00bb4.27.4&Prime; _module_preset=\u00a0\u00bbdefault\u00a0\u00bb global_colors_info=\u00a0\u00bb{}\u00a0\u00bb][et_pb_column type=\u00a0\u00bb4_4&Prime; _builder_version=\u00a0\u00bb4.27.4&Prime; _module_preset=\u00a0\u00bbdefault\u00a0\u00bb global_colors_info=\u00a0\u00bb{}\u00a0\u00bb][et_pb_text _builder_version=\u00a0\u00bb4.27.4&Prime; _module_preset=\u00a0\u00bbdefault\u00a0\u00bb link_option_url=\u00a0\u00bbhttps:\/\/arqitecture.fr\/categorie-produit\/home\/deco-articles\/deco-feu\/\u00a0\u00bb global_colors_info=\u00a0\u00bb{}\u00a0\u00bb]<\/p>\n<div class=\"categories-woo fc fw jc-sb\">\n<div class=\"img-container\"><img decoding=\"async\" src=\"https:\/\/arqitecture.fr\/wp-content\/uploads\/2023\/10\/CATEGORIE-photos-objets-deco-1.jpg\" alt=\"D\u00e9coration Feng Shui Feu \u2013 vitalit\u00e9 et rayonnement\" style=\"display: block; margin-left: auto; margin-right: auto;\" \/><\/div>\n<div class=\"texte\">\n<h2 style=\"text-align: center;\">D\u00e9co Feu \u2013 Rayonnement et vitalit\u00e9<\/h2>\n<p style=\"text-align: left;\">L\u2019\u00e9l\u00e9ment Feu active la visibilit\u00e9, la chaleur et l\u2019expansion de l\u2019\u00e9nergie.<\/p>\n<ul>\n<li style=\"text-align: left;\">Luminaires et lampes<\/li>\n<li style=\"text-align: left;\">Bougies, photophores, chandeliers<\/li>\n<li style=\"text-align: left;\">Chemin\u00e9es d\u00e9coratives<\/li>\n<li style=\"text-align: left;\">Sculptures flamme ou soleil<\/li>\n<li style=\"text-align: left;\">Br\u00fble-parfums<\/li>\n<li style=\"text-align: left;\">Objets rouges<\/li>\n<li style=\"text-align: left;\">Formes pointues, triangulaires ou coniques (pyramides)<\/li>\n<\/ul>\n<p>&nbsp;<\/p>\n<p><a href=\"https:\/\/arqitecture.fr\/categorie-produit\/home\/deco-articles\/deco-feu\/\" class=\"btn blue-btn\">Voir les produits D\u00e9co Feu<\/a><\/p>\n<\/div>\n<\/div>\n<p>[\/et_pb_text][\/et_pb_column][\/et_pb_row][et_pb_row _builder_version=\u00a0\u00bb4.27.4&Prime; _module_preset=\u00a0\u00bbdefault\u00a0\u00bb global_colors_info=\u00a0\u00bb{}\u00a0\u00bb][et_pb_column type=\u00a0\u00bb4_4&Prime; _builder_version=\u00a0\u00bb4.27.4&Prime; _module_preset=\u00a0\u00bbdefault\u00a0\u00bb global_colors_info=\u00a0\u00bb{}\u00a0\u00bb][et_pb_text _builder_version=\u00a0\u00bb4.27.4&Prime; _module_preset=\u00a0\u00bbdefault\u00a0\u00bb link_option_url=\u00a0\u00bbhttps:\/\/arqitecture.fr\/categorie-produit\/home\/deco-articles\/deco-bois\/\u00a0\u00bb global_colors_info=\u00a0\u00bb{}\u00a0\u00bb]<\/p>\n<div class=\"categories-woo fc fw jc-sb\">\n<div class=\"img-container\"><img loading=\"lazy\" decoding=\"async\" src=\"https:\/\/arqitecture.fr\/wp-content\/uploads\/2023\/10\/Tableau-sculpture-metal-acier-Arbres-foret-feuilles-dorees-deco-design-art-1.jpg\" alt=\"D\u00e9coration Feng Shui Bois \u2013 croissance et renouveau\" width=\"645\" height=\"393\" style=\"display: block; margin-left: auto; margin-right: auto;\" \/><\/div>\n<div class=\"texte\">\n<h2>D\u00e9co BOIS \u2013 Croissance et renouveau<\/h2>\n<p style=\"text-align: left;\">L\u2019\u00e9l\u00e9ment Bois symbolise la croissance, la cr\u00e9ativit\u00e9 et le d\u00e9veloppement.<br \/>Il soutient les projets, le renouveau et l\u2019\u00e9nergie de progression.<\/p>\n<ul>\n<li style=\"text-align: left;\">Plantes naturelles ou stabilis\u00e9es<\/li>\n<li style=\"text-align: left;\">Cadres v\u00e9g\u00e9taux<\/li>\n<li style=\"text-align: left;\">Sculptures d\u2019arbres ou de fruits<\/li>\n<li style=\"text-align: left;\">Vases et soliflores<\/li>\n<li style=\"text-align: left;\">Jardini\u00e8res<\/li>\n<\/ul>\n<p>&nbsp;<\/p>\n<p><a href=\"https:\/\/arqitecture.fr\/categorie-produit\/home\/deco-articles\/deco-bois\/\" class=\"btn blue-btn\">Voir les produits D\u00e9co BOIS<\/a><\/p>\n<\/div>\n<\/div>\n<p>[\/et_pb_text][\/et_pb_column][\/et_pb_row][et_pb_row _builder_version=\u00a0\u00bb4.27.4&Prime; _module_preset=\u00a0\u00bbdefault\u00a0\u00bb global_colors_info=\u00a0\u00bb{}\u00a0\u00bb][et_pb_column type=\u00a0\u00bb4_4&Prime; _builder_version=\u00a0\u00bb4.27.4&Prime; _module_preset=\u00a0\u00bbdefault\u00a0\u00bb global_colors_info=\u00a0\u00bb{}\u00a0\u00bb][et_pb_text _builder_version=\u00a0\u00bb4.27.4&Prime; _module_preset=\u00a0\u00bbdefault\u00a0\u00bb link_option_url=\u00a0\u00bbhttps:\/\/arqitecture.fr\/categorie-produit\/home\/deco-articles\/deco-eau\/\u00a0\u00bb global_colors_info=\u00a0\u00bb{}\u00a0\u00bb]<\/p>\n<div class=\"categories-woo fc fw jc-sb\">\n<div class=\"img-container\"><img decoding=\"async\" src=\"https:\/\/arqitecture.fr\/wp-content\/uploads\/2023\/10\/Poisson-deco-Carpe-Koi-koi-qualite-design-art.jpg\" alt=\"D\u00e9coration Feng Shui Eau \u2013 fluidit\u00e9 et circulation du Qi\" style=\"display: block; margin-left: auto; margin-right: auto;\" \/><\/div>\n<div class=\"texte\">\n<h2 style=\"text-align: center;\">D\u00e9co EAU \u2013 Fluidit\u00e9 et circulation<\/h2>\n<p style=\"text-align: left;\">Les objets associ\u00e9s \u00e0 l\u2019\u00e9l\u00e9ment Eau favorisent la circulation du Qi, la souplesse, l\u2019adaptabilit\u00e9 et la communication.<\/p>\n<ul>\n<li style=\"text-align: left;\">Fontaines<\/li>\n<li style=\"text-align: left;\">Aquariums<\/li>\n<li style=\"text-align: left;\">Bateaux d\u00e9coratifs<\/li>\n<li style=\"text-align: left;\">Brumisateurs<\/li>\n<li style=\"text-align: left;\">Diffuseurs<\/li>\n<li style=\"text-align: left;\">Porte-bouteilles<\/li>\n<li style=\"text-align: left;\">Porte-parapluies<\/li>\n<li style=\"text-align: left;\">Objets en verre<\/li>\n<\/ul>\n<p>&nbsp;<\/p>\n<p><a href=\"https:\/\/arqitecture.fr\/categorie-produit\/home\/deco-articles\/deco-eau\/\" class=\"btn blue-btn\">Voir les produits D\u00e9co EAU<\/a><\/p>\n<\/div>\n<\/div>\n<p>[\/et_pb_text][\/et_pb_column][\/et_pb_row][et_pb_row _builder_version=\u00a0\u00bb4.27.4&Prime; _module_preset=\u00a0\u00bbdefault\u00a0\u00bb global_colors_info=\u00a0\u00bb{}\u00a0\u00bb][et_pb_column type=\u00a0\u00bb4_4&Prime; _builder_version=\u00a0\u00bb4.27.4&Prime; _module_preset=\u00a0\u00bbdefault\u00a0\u00bb global_colors_info=\u00a0\u00bb{}\u00a0\u00bb][et_pb_text _builder_version=\u00a0\u00bb4.27.4&Prime; _module_preset=\u00a0\u00bbdefault\u00a0\u00bb link_option_url=\u00a0\u00bbhttps:\/\/arqitecture.fr\/categorie-produit\/home\/deco-articles\/deco-terre\/\u00a0\u00bb global_colors_info=\u00a0\u00bb{}\u00a0\u00bb]<\/p>\n<div class=\"categories-woo fc fw jc-sb\">\n<div class=\"img-container\"><img decoding=\"async\" src=\"https:\/\/arqitecture.fr\/wp-content\/uploads\/2023\/10\/Bague-oeil-du-tigre-qualite-pierre-semi-precieuse-bijoux-1.jpg\" alt=\"D\u00e9coration Feng Shui Terre \u2013 ancrage et stabilit\u00e9\" style=\"display: block; margin-left: auto; margin-right: auto;\" \/><\/div>\n<div class=\"texte\">\n<h2 style=\"text-align: center;\">D\u00e9co TERRE \u2013 Ancrage et stabilit\u00e9<\/h2>\n<p style=\"text-align: left;\">L\u2019\u00e9l\u00e9ment Terre renforce l\u2019\u00e9quilibre, la s\u00e9curit\u00e9 et l\u2019ancrage.<br \/>Il apporte stabilit\u00e9 et soutien dans l\u2019am\u00e9nagement des espaces.<\/p>\n<ul>\n<li style=\"text-align: left;\">Sculptures en pierre ou terre cuite<\/li>\n<li style=\"text-align: left;\">Pierres semi-pr\u00e9cieuses<\/li>\n<li style=\"text-align: left;\">Cristaux<\/li>\n<li style=\"text-align: left;\">Bijoux<\/li>\n<li style=\"text-align: left;\">Huiles essentielles<\/li>\n<li style=\"text-align: left;\">Ardoise<\/li>\n<li style=\"text-align: left;\">C\u00e9ramique<\/li>\n<\/ul>\n<p>&nbsp;<\/p>\n<p><a href=\"https:\/\/arqitecture.fr\/categorie-produit\/home\/deco-articles\/deco-terre\/\" class=\"btn blue-btn\">Voir les produits D\u00e9co TERRE<\/a><\/p>\n<\/div>\n<\/div>\n<p>[\/et_pb_text][\/et_pb_column][\/et_pb_row][\/et_pb_section]<\/p>\n","protected":false},"excerpt":{"rendered":"<p>Mobilier, objets de\u00a0d\u00e9coration\u00a0et\u00a0cadeaux |\u00a0Feng ShuiObjets de d\u00e9coration, mobilier et id\u00e9es cadeaux pour harmoniser votre int\u00e9rieur Yin, Yang et Cinq \u00c9l\u00e9ments pour soutenir la circulation de l\u2019\u00e9nergie Qi et l\u2019\u00e9quilibre des espaces.D\u00e9couvrez une boutique en ligne sp\u00e9cialis\u00e9e en d\u00e9coration Feng Shui, d\u00e9di\u00e9e \u00e0 l\u2019harmonie des lieux, \u00e0 la structuration de l\u2019espace et \u00e0 une d\u00e9coration porteuse [&hellip;]<\/p>\n","protected":false},"author":1,"featured_media":0,"parent":0,"menu_order":0,"comment_status":"closed","ping_status":"closed","template":"","meta":{"_et_pb_use_builder":"on","_et_pb_old_content":"","_et_gb_content_width":"","footnotes":""},"class_list":["post-2392","page","type-page","status-publish","hentry"],"aioseo_notices":[],"_links":{"self":[{"href":"https:\/\/arqitecture.fr\/en\/wp-json\/wp\/v2\/pages\/2392","targetHints":{"allow":["GET"]}}],"collection":[{"href":"https:\/\/arqitecture.fr\/en\/wp-json\/wp\/v2\/pages"}],"about":[{"href":"https:\/\/arqitecture.fr\/en\/wp-json\/wp\/v2\/types\/page"}],"author":[{"embeddable":true,"href":"https:\/\/arqitecture.fr\/en\/wp-json\/wp\/v2\/users\/1"}],"replies":[{"embeddable":true,"href":"https:\/\/arqitecture.fr\/en\/wp-json\/wp\/v2\/comments?post=2392"}],"version-history":[{"count":14,"href":"https:\/\/arqitecture.fr\/en\/wp-json\/wp\/v2\/pages\/2392\/revisions"}],"predecessor-version":[{"id":21475,"href":"https:\/\/arqitecture.fr\/en\/wp-json\/wp\/v2\/pages\/2392\/revisions\/21475"}],"wp:attachment":[{"href":"https:\/\/arqitecture.fr\/en\/wp-json\/wp\/v2\/media?parent=2392"}],"curies":[{"name":"wp","href":"https:\/\/api.w.org\/{rel}","templated":true}]}}