{"id":21279,"date":"2026-01-27T12:37:34","date_gmt":"2026-01-27T11:37:34","guid":{"rendered":"https:\/\/arqitecture.fr\/?page_id=21279"},"modified":"2026-01-30T11:50:24","modified_gmt":"2026-01-30T10:50:24","slug":"home-organizer","status":"publish","type":"page","link":"https:\/\/arqitecture.fr\/en\/home-organizer\/","title":{"rendered":"HOME ORGANIZER"},"content":{"rendered":"<p>[et_pb_section fb_built=\u00a0\u00bb1&Prime; _builder_version=\u00a0\u00bb4.27.4&Prime; _module_preset=\u00a0\u00bbdefault\u00a0\u00bb custom_padding=\u00a0\u00bb||13px|||\u00a0\u00bb global_colors_info=\u00a0\u00bb{}\u00a0\u00bb][et_pb_row _builder_version=\u00a0\u00bb4.27.4&Prime; _module_preset=\u00a0\u00bbdefault\u00a0\u00bb global_colors_info=\u00a0\u00bb{}\u00a0\u00bb][et_pb_column type=\u00a0\u00bb4_4&Prime; _builder_version=\u00a0\u00bb4.27.4&Prime; _module_preset=\u00a0\u00bbdefault\u00a0\u00bb global_colors_info=\u00a0\u00bb{}\u00a0\u00bb][et_pb_text _builder_version=\u00a0\u00bb4.27.4&Prime; _module_preset=\u00a0\u00bbdefault\u00a0\u00bb hover_enabled=\u00a0\u00bb0&Prime; global_colors_info=\u00a0\u00bb{}\u00a0\u00bb sticky_enabled=\u00a0\u00bb0&Prime;]<\/p>\n<h1 style=\"text-align: center;\"><strong>Home Organizer en Feng Shui traditionnel : organiser l\u2019espace pour harmoniser l\u2019\u00e9nergie<\/strong><\/h1>\n<p><strong><\/strong><\/p>\n<p><strong><\/strong><\/p>\n<p><strong><\/strong><\/p>\n<h2 style=\"text-align: center;\"><span style=\"color: #33cccc;\">Organisation de l\u2019habitat et Feng Shui traditionnel : une approche \u00e9nerg\u00e9tique<\/span><\/h2>\n<p>&nbsp;<\/p>\n<p>Le <strong>Home Organizer en Feng Shui traditionnel<\/strong> vise \u00e0 organiser et harmoniser l\u2019habitat en respectant les <strong>lois \u00e9nerg\u00e9tiques naturelles<\/strong> afin de soutenir le bien-\u00eatre, la clart\u00e9 mentale et la circulation du <strong>Qi<\/strong>.<\/p>\n<p>Ici, il ne s\u2019agit pas de d\u00e9coration ou de tendances, mais d\u2019un travail pr\u00e9cis sur l\u2019<strong>organisation consciente de l\u2019espace<\/strong>, en accord avec les principes fondamentaux du <strong>feng shui traditionnel<\/strong>.<\/p>\n<p>[\/et_pb_text][\/et_pb_column][\/et_pb_row][et_pb_row _builder_version=\u00a0\u00bb4.27.4&Prime; _module_preset=\u00a0\u00bbdefault\u00a0\u00bb global_colors_info=\u00a0\u00bb{}\u00a0\u00bb][et_pb_column type=\u00a0\u00bb4_4&Prime; _builder_version=\u00a0\u00bb4.27.4&Prime; _module_preset=\u00a0\u00bbdefault\u00a0\u00bb global_colors_info=\u00a0\u00bb{}\u00a0\u00bb][et_pb_image src=\u00a0\u00bbhttps:\/\/arqitecture.fr\/wp-content\/uploads\/2026\/01\/Cuisine-optimisee-rangement-deco-feng-shui.png\u00a0\u00bb alt=\u00a0\u00bbCuisine optimis\u00e9e rangement d\u00e9co feng shui &#8211; Home organizer &#8211; coaching rangement\u00a0\u00bb title_text=\u00a0\u00bbCuisine optimis\u00e9e rangement d\u00e9co feng shui\u00a0\u00bb align=\u00a0\u00bbcenter\u00a0\u00bb _builder_version=\u00a0\u00bb4.27.4&Prime; _module_preset=\u00a0\u00bbdefault\u00a0\u00bb width=\u00a0\u00bb100%\u00a0\u00bb max_height=\u00a0\u00bb1000px\u00a0\u00bb custom_padding=\u00a0\u00bb||0px|||\u00a0\u00bb global_colors_info=\u00a0\u00bb{}\u00a0\u00bb][\/et_pb_image][\/et_pb_column][\/et_pb_row][et_pb_row _builder_version=\u00a0\u00bb4.27.4&Prime; _module_preset=\u00a0\u00bbdefault\u00a0\u00bb global_colors_info=\u00a0\u00bb{}\u00a0\u00bb][et_pb_column type=\u00a0\u00bb4_4&Prime; _builder_version=\u00a0\u00bb4.27.4&Prime; _module_preset=\u00a0\u00bbdefault\u00a0\u00bb global_colors_info=\u00a0\u00bb{}\u00a0\u00bb][et_pb_text _builder_version=\u00a0\u00bb4.27.4&Prime; _module_preset=\u00a0\u00bbdefault\u00a0\u00bb global_colors_info=\u00a0\u00bb{}\u00a0\u00bb]<\/p>\n<h2 style=\"text-align: center;\"><span style=\"color: #33cccc;\">Le lien entre organisation et \u00e9nergie dans le Feng Shui<\/span><\/h2>\n<h3><strong><\/strong><\/h3>\n<h3><strong><\/strong><\/h3>\n<h3><strong>L\u2019organisation comme base de la circulation du Qi<\/strong><\/h3>\n<p>Dans le feng shui traditionnel, une maison mal organis\u00e9e freine la circulation du <strong>Qi<\/strong>, ce qui peut impacter :<\/p>\n<p>&#8211; La vitalit\u00e9<\/p>\n<p>&#8211; La clart\u00e9 mentale<\/p>\n<p>&#8211; Les relations<\/p>\n<p>&#8211; La fluidit\u00e9 dans les projets de vie<\/p>\n<p>L\u2019approche <strong>Home Organizer Feng Shui<\/strong> permet de lib\u00e9rer l\u2019espace afin de r\u00e9tablir une circulation \u00e9nerg\u00e9tique fluide et \u00e9quilibr\u00e9e.<\/p>\n<p>[\/et_pb_text][et_pb_contact_form title=\u00a0\u00bbEnvoyer un message :\u00a0\u00bb success_message=\u00a0\u00bbMerci de nous avoir contact\u00e9s. Nous vous r\u00e9pondrons dans les plus brefs d\u00e9lais pour vous aider \u00e0 cr\u00e9er un espace qui respire l&rsquo;\u00e9nergie positive.\u00a0\u00bb submit_button_text=\u00a0\u00bbEnvoyer votre message\u00a0\u00bb _builder_version=\u00a0\u00bb4.27.4&Prime; _module_preset=\u00a0\u00bbdefault\u00a0\u00bb _unique_id=\u00a0\u00bb716a7707-271c-42a3-9c17-c9b02c32e0e3&Prime; global_colors_info=\u00a0\u00bb{}\u00a0\u00bb][et_pb_contact_field field_id=\u00a0\u00bbName\u00a0\u00bb field_title=\u00a0\u00bbNom\u00a0\u00bb _builder_version=\u00a0\u00bb4.16&Prime; global_colors_info=\u00a0\u00bb{}\u00a0\u00bb button_text_size__hover_enabled=\u00a0\u00bboff\u00a0\u00bb button_one_text_size__hover_enabled=\u00a0\u00bboff\u00a0\u00bb button_two_text_size__hover_enabled=\u00a0\u00bboff\u00a0\u00bb button_text_color__hover_enabled=\u00a0\u00bboff\u00a0\u00bb button_one_text_color__hover_enabled=\u00a0\u00bboff\u00a0\u00bb button_two_text_color__hover_enabled=\u00a0\u00bboff\u00a0\u00bb button_border_width__hover_enabled=\u00a0\u00bboff\u00a0\u00bb button_one_border_width__hover_enabled=\u00a0\u00bboff\u00a0\u00bb button_two_border_width__hover_enabled=\u00a0\u00bboff\u00a0\u00bb button_border_color__hover_enabled=\u00a0\u00bboff\u00a0\u00bb button_one_border_color__hover_enabled=\u00a0\u00bboff\u00a0\u00bb button_two_border_color__hover_enabled=\u00a0\u00bboff\u00a0\u00bb button_border_radius__hover_enabled=\u00a0\u00bboff\u00a0\u00bb button_one_border_radius__hover_enabled=\u00a0\u00bboff\u00a0\u00bb button_two_border_radius__hover_enabled=\u00a0\u00bboff\u00a0\u00bb button_letter_spacing__hover_enabled=\u00a0\u00bboff\u00a0\u00bb button_one_letter_spacing__hover_enabled=\u00a0\u00bboff\u00a0\u00bb button_two_letter_spacing__hover_enabled=\u00a0\u00bboff\u00a0\u00bb button_bg_color__hover_enabled=\u00a0\u00bboff\u00a0\u00bb button_one_bg_color__hover_enabled=\u00a0\u00bboff\u00a0\u00bb button_two_bg_color__hover_enabled=\u00a0\u00bboff\u00a0\u00bb][\/et_pb_contact_field][et_pb_contact_field field_id=\u00a0\u00bbEmail\u00a0\u00bb field_title=\u00a0\u00bbAdresse e-mail\u00a0\u00bb field_type=\u00a0\u00bbemail\u00a0\u00bb _builder_version=\u00a0\u00bb4.16&Prime; global_colors_info=\u00a0\u00bb{}\u00a0\u00bb button_text_size__hover_enabled=\u00a0\u00bboff\u00a0\u00bb button_one_text_size__hover_enabled=\u00a0\u00bboff\u00a0\u00bb button_two_text_size__hover_enabled=\u00a0\u00bboff\u00a0\u00bb button_text_color__hover_enabled=\u00a0\u00bboff\u00a0\u00bb button_one_text_color__hover_enabled=\u00a0\u00bboff\u00a0\u00bb button_two_text_color__hover_enabled=\u00a0\u00bboff\u00a0\u00bb button_border_width__hover_enabled=\u00a0\u00bboff\u00a0\u00bb button_one_border_width__hover_enabled=\u00a0\u00bboff\u00a0\u00bb button_two_border_width__hover_enabled=\u00a0\u00bboff\u00a0\u00bb button_border_color__hover_enabled=\u00a0\u00bboff\u00a0\u00bb button_one_border_color__hover_enabled=\u00a0\u00bboff\u00a0\u00bb button_two_border_color__hover_enabled=\u00a0\u00bboff\u00a0\u00bb button_border_radius__hover_enabled=\u00a0\u00bboff\u00a0\u00bb button_one_border_radius__hover_enabled=\u00a0\u00bboff\u00a0\u00bb button_two_border_radius__hover_enabled=\u00a0\u00bboff\u00a0\u00bb button_letter_spacing__hover_enabled=\u00a0\u00bboff\u00a0\u00bb button_one_letter_spacing__hover_enabled=\u00a0\u00bboff\u00a0\u00bb button_two_letter_spacing__hover_enabled=\u00a0\u00bboff\u00a0\u00bb button_bg_color__hover_enabled=\u00a0\u00bboff\u00a0\u00bb button_one_bg_color__hover_enabled=\u00a0\u00bboff\u00a0\u00bb button_two_bg_color__hover_enabled=\u00a0\u00bboff\u00a0\u00bb][\/et_pb_contact_field][et_pb_contact_field field_id=\u00a0\u00bbMessage\u00a0\u00bb field_title=\u00a0\u00bbMessage\u00a0\u00bb field_type=\u00a0\u00bbtext\u00a0\u00bb fullwidth_field=\u00a0\u00bbon\u00a0\u00bb _builder_version=\u00a0\u00bb4.16&Prime; global_colors_info=\u00a0\u00bb{}\u00a0\u00bb button_text_size__hover_enabled=\u00a0\u00bboff\u00a0\u00bb button_one_text_size__hover_enabled=\u00a0\u00bboff\u00a0\u00bb button_two_text_size__hover_enabled=\u00a0\u00bboff\u00a0\u00bb button_text_color__hover_enabled=\u00a0\u00bboff\u00a0\u00bb button_one_text_color__hover_enabled=\u00a0\u00bboff\u00a0\u00bb button_two_text_color__hover_enabled=\u00a0\u00bboff\u00a0\u00bb button_border_width__hover_enabled=\u00a0\u00bboff\u00a0\u00bb button_one_border_width__hover_enabled=\u00a0\u00bboff\u00a0\u00bb button_two_border_width__hover_enabled=\u00a0\u00bboff\u00a0\u00bb button_border_color__hover_enabled=\u00a0\u00bboff\u00a0\u00bb button_one_border_color__hover_enabled=\u00a0\u00bboff\u00a0\u00bb button_two_border_color__hover_enabled=\u00a0\u00bboff\u00a0\u00bb button_border_radius__hover_enabled=\u00a0\u00bboff\u00a0\u00bb button_one_border_radius__hover_enabled=\u00a0\u00bboff\u00a0\u00bb button_two_border_radius__hover_enabled=\u00a0\u00bboff\u00a0\u00bb button_letter_spacing__hover_enabled=\u00a0\u00bboff\u00a0\u00bb button_one_letter_spacing__hover_enabled=\u00a0\u00bboff\u00a0\u00bb button_two_letter_spacing__hover_enabled=\u00a0\u00bboff\u00a0\u00bb button_bg_color__hover_enabled=\u00a0\u00bboff\u00a0\u00bb button_one_bg_color__hover_enabled=\u00a0\u00bboff\u00a0\u00bb button_two_bg_color__hover_enabled=\u00a0\u00bboff\u00a0\u00bb][\/et_pb_contact_field][\/et_pb_contact_form][et_pb_text _builder_version=\u00a0\u00bb4.27.4&Prime; _module_preset=\u00a0\u00bbdefault\u00a0\u00bb custom_padding=\u00a0\u00bb28px|||||\u00a0\u00bb global_colors_info=\u00a0\u00bb{}\u00a0\u00bb]<\/p>\n<h2 style=\"text-align: center;\"><span style=\"color: #33cccc;\">Une approche authentique du Home Organizing<\/span><\/h2>\n<p><span style=\"color: #33cccc;\"><strong><\/strong><\/span><\/p>\n<h3><strong>Bien plus que du rangement<\/strong><\/h3>\n<p>Contrairement au home organizing classique, l\u2019approche feng shui repose sur :<\/p>\n<p>&#8211; L\u2019observation des flux \u00e9nerg\u00e9tiques<\/p>\n<p>&#8211; La fonction r\u00e9elle de chaque pi\u00e8ce<\/p>\n<p>&#8211; La coh\u00e9rence entre l\u2019espace et les occupants<\/p>\n<p>&#8211; Le respect du vivant et du rythme naturel<\/p>\n<p>Chaque action d\u2019organisation est pens\u00e9e pour <strong>soutenir l\u2019\u00e9nergie du lieu et de ses habitants<\/strong>.<\/p>\n<p>[\/et_pb_text][et_pb_text _builder_version=\u00a0\u00bb4.27.4&Prime; _module_preset=\u00a0\u00bbdefault\u00a0\u00bb custom_padding=\u00a0\u00bb28px|||||\u00a0\u00bb global_colors_info=\u00a0\u00bb{}\u00a0\u00bb]<\/p>\n<h2 style=\"text-align: center;\"><span style=\"color: #33cccc;\">Une approche authentique du Home Organizing<\/span><\/h2>\n<p><span style=\"color: #33cccc;\"><strong><\/strong><\/span><\/p>\n<h3><strong>Bien plus que du rangement<\/strong><\/h3>\n<p>Contrairement au home organizing classique, l\u2019approche feng shui repose sur :<\/p>\n<p>&#8211; L\u2019observation des flux \u00e9nerg\u00e9tiques<\/p>\n<p>&#8211; La fonction r\u00e9elle de chaque pi\u00e8ce<\/p>\n<p>&#8211; La coh\u00e9rence entre l\u2019espace et les occupants<\/p>\n<p>&#8211; Le respect du vivant et du rythme naturel<\/p>\n<p>Chaque action d\u2019organisation est pens\u00e9e pour <strong>soutenir l\u2019\u00e9nergie du lieu et de ses habitants<\/strong>.<\/p>\n<p>[\/et_pb_text][\/et_pb_column][\/et_pb_row][et_pb_row column_structure=\u00a0\u00bb3_4,1_4&Prime; _builder_version=\u00a0\u00bb4.27.4&Prime; _module_preset=\u00a0\u00bbdefault\u00a0\u00bb min_height=\u00a0\u00bb1162.6px\u00a0\u00bb custom_margin=\u00a0\u00bb|auto|-98px|auto||\u00a0\u00bb global_colors_info=\u00a0\u00bb{}\u00a0\u00bb][et_pb_column type=\u00a0\u00bb3_4&Prime; _builder_version=\u00a0\u00bb4.27.4&Prime; _module_preset=\u00a0\u00bbdefault\u00a0\u00bb global_colors_info=\u00a0\u00bb{}\u00a0\u00bb][et_pb_image src=\u00a0\u00bbhttps:\/\/arqitecture.fr\/wp-content\/uploads\/2026\/01\/2026-feng-shui-analyse-astre-guide-test-energie-qi.png\u00a0\u00bb alt=\u00a0\u00bb2026 feng shui analyse astre guide test \u00e9nergie qi\u00a0\u00bb title_text=\u00a0\u00bb2026 feng shui analyse astre guide test \u00e9nergie qi\u00a0\u00bb align=\u00a0\u00bbcenter\u00a0\u00bb _builder_version=\u00a0\u00bb4.27.4&Prime; _module_preset=\u00a0\u00bbdefault\u00a0\u00bb min_height=\u00a0\u00bb386px\u00a0\u00bb height=\u00a0\u00bb374px\u00a0\u00bb max_height=\u00a0\u00bb404px\u00a0\u00bb global_colors_info=\u00a0\u00bb{}\u00a0\u00bb][\/et_pb_image][et_pb_text _builder_version=\u00a0\u00bb4.27.4&Prime; _module_preset=\u00a0\u00bbdefault\u00a0\u00bb custom_padding=\u00a0\u00bb27px|||||\u00a0\u00bb global_colors_info=\u00a0\u00bb{}\u00a0\u00bb]<\/p>\n<h2 style=\"text-align: center;\"><span style=\"color: #33cccc;\">Les diff\u00e9rentes pi\u00e8ces de l\u2019habitat en Feng Shui traditionnel<\/span><\/h2>\n<p><span style=\"color: #33cccc;\"><strong><\/strong><\/span><\/p>\n<h3><strong>Une lecture \u00e9nerg\u00e9tique pi\u00e8ce par pi\u00e8ce<\/strong><\/h3>\n<p>Chaque pi\u00e8ce poss\u00e8de une <strong>fonction \u00e9nerg\u00e9tique sp\u00e9cifique<\/strong> :<\/p>\n<p>&#8211; L\u2019entr\u00e9e : porte d\u2019entr\u00e9e du Qi<\/p>\n<p>&#8211; Le salon : circulation et \u00e9changes<\/p>\n<p>&#8211; La chambre : repos, r\u00e9g\u00e9n\u00e9ration et ancrage<\/p>\n<p>&#8211; La cuisine : vitalit\u00e9 et abondance<\/p>\n<p>&#8211; La salle de bain : gestion et \u00e9vacuation de l\u2019\u00e9nergie<\/p>\n<p>L\u2019organisation de chaque espace est adapt\u00e9e afin de respecter sa fonction \u00e9nerg\u00e9tique et soutenir l\u2019\u00e9quilibre global de l\u2019habitat.<\/p>\n<p>[\/et_pb_text][\/et_pb_column][et_pb_column type=\u00a0\u00bb1_4&Prime; _builder_version=\u00a0\u00bb4.27.4&Prime; _module_preset=\u00a0\u00bbdefault\u00a0\u00bb global_colors_info=\u00a0\u00bb{}\u00a0\u00bb][\/et_pb_column][\/et_pb_row][et_pb_row _builder_version=\u00a0\u00bb4.27.4&Prime; _module_preset=\u00a0\u00bbdefault\u00a0\u00bb custom_margin=\u00a0\u00bb-246px|auto||auto||\u00a0\u00bb global_colors_info=\u00a0\u00bb{}\u00a0\u00bb][et_pb_column type=\u00a0\u00bb4_4&Prime; _builder_version=\u00a0\u00bb4.27.4&Prime; _module_preset=\u00a0\u00bbdefault\u00a0\u00bb global_colors_info=\u00a0\u00bb{}\u00a0\u00bb][et_pb_cta title=\u00a0\u00bbTransformez votre espace avec ARQITECTURE\u00a0\u00bb button_text=\u00a0\u00bbD\u00e9couvrez nos services\u00a0\u00bb _builder_version=\u00a0\u00bb4.27.4&Prime; _module_preset=\u00a0\u00bbdefault\u00a0\u00bb global_colors_info=\u00a0\u00bb{}\u00a0\u00bb]<\/p>\n<p>Plongez dans l&rsquo;univers du feng shui et red\u00e9couvrez votre habitat. Chaque coin de votre maison m\u00e9rite d&rsquo;\u00eatre harmonis\u00e9 pour favoriser le bien-\u00eatre et la s\u00e9r\u00e9nit\u00e9 afin d&rsquo;obtenir un lieu \u00e9quilibr\u00e9 et apaisant.\u00a0<\/p>\n<p>[\/et_pb_cta][\/et_pb_column][\/et_pb_row][et_pb_row column_structure=\u00a0\u00bb1_4,3_4&Prime; _builder_version=\u00a0\u00bb4.27.4&Prime; _module_preset=\u00a0\u00bbdefault\u00a0\u00bb min_height=\u00a0\u00bb224.9px\u00a0\u00bb custom_margin=\u00a0\u00bb17px|auto||auto||\u00a0\u00bb global_colors_info=\u00a0\u00bb{}\u00a0\u00bb][et_pb_column type=\u00a0\u00bb1_4&Prime; _builder_version=\u00a0\u00bb4.27.4&Prime; _module_preset=\u00a0\u00bbdefault\u00a0\u00bb global_colors_info=\u00a0\u00bb{}\u00a0\u00bb][et_pb_image src=\u00a0\u00bbhttps:\/\/arqitecture.fr\/wp-content\/uploads\/2026\/01\/Analyse-feng-shui-deco-interieur-Qi-circule-zen.png\u00a0\u00bb alt=\u00a0\u00bbAnalyse feng shui d\u00e9co int\u00e9rieur Qi circule zen\u00a0\u00bb title_text=\u00a0\u00bbAnalyse feng shui d\u00e9co int\u00e9rieur Qi circule zen\u00a0\u00bb align=\u00a0\u00bbcenter\u00a0\u00bb _builder_version=\u00a0\u00bb4.27.4&Prime; _module_preset=\u00a0\u00bbdefault\u00a0\u00bb width=\u00a0\u00bb89%\u00a0\u00bb max_width=\u00a0\u00bb91%\u00a0\u00bb module_alignment=\u00a0\u00bbcenter\u00a0\u00bb min_height=\u00a0\u00bb275px\u00a0\u00bb height=\u00a0\u00bb269px\u00a0\u00bb max_height=\u00a0\u00bb401px\u00a0\u00bb custom_margin=\u00a0\u00bb15px||||false|false\u00a0\u00bb global_colors_info=\u00a0\u00bb{}\u00a0\u00bb][\/et_pb_image][\/et_pb_column][et_pb_column type=\u00a0\u00bb3_4&Prime; _builder_version=\u00a0\u00bb4.27.4&Prime; _module_preset=\u00a0\u00bbdefault\u00a0\u00bb global_colors_info=\u00a0\u00bb{}\u00a0\u00bb][et_pb_text _builder_version=\u00a0\u00bb4.27.4&Prime; _module_preset=\u00a0\u00bbdefault\u00a0\u00bb hover_enabled=\u00a0\u00bb0&Prime; global_colors_info=\u00a0\u00bb{}\u00a0\u00bb sticky_enabled=\u00a0\u00bb0&Prime;]<\/p>\n<h2 style=\"text-align: center;\"><span style=\"color: #33cccc;\">\u00c0 qui s\u2019adresse le Home Organizer Feng Shui ?<\/span><\/h2>\n<p><span style=\"color: #33cccc;\"><strong><\/strong><\/span><\/p>\n<p>Ce service s\u2019adresse aux personnes qui souhaitent :<\/p>\n<p>&#8211; Retrouver un habitat align\u00e9 et apaisant<\/p>\n<p>&#8211; Comprendre l\u2019impact \u00e9nerg\u00e9tique de leur maison<\/p>\n<p>&#8211; Appliquer les principes du feng shui traditionnel au quotidien<\/p>\n<p>&#8211; Cr\u00e9er un lieu qui soutient leur \u00e9volution personnelle<\/p>\n<p>Aucune approche d\u00e9corative n\u2019est impos\u00e9e : l\u2019objectif est <strong>l\u2019harmonie \u00e9nerg\u00e9tique avant tout<\/strong>.<\/p>\n<p>[\/et_pb_text][\/et_pb_column][\/et_pb_row][\/et_pb_section][et_pb_section fb_built=\u00a0\u00bb1&Prime; _builder_version=\u00a0\u00bb4.27.4&Prime; _module_preset=\u00a0\u00bbdefault\u00a0\u00bb min_height=\u00a0\u00bb723.3px\u00a0\u00bb custom_padding=\u00a0\u00bb||4px|||\u00a0\u00bb global_colors_info=\u00a0\u00bb{}\u00a0\u00bb][et_pb_row _builder_version=\u00a0\u00bb4.27.4&Prime; _module_preset=\u00a0\u00bbdefault\u00a0\u00bb global_colors_info=\u00a0\u00bb{}\u00a0\u00bb][et_pb_column type=\u00a0\u00bb4_4&Prime; _builder_version=\u00a0\u00bb4.27.4&Prime; _module_preset=\u00a0\u00bbdefault\u00a0\u00bb global_colors_info=\u00a0\u00bb{}\u00a0\u00bb][et_pb_text _builder_version=\u00a0\u00bb4.27.4&Prime; _module_preset=\u00a0\u00bbdefault\u00a0\u00bb hover_enabled=\u00a0\u00bb0&Prime; global_colors_info=\u00a0\u00bb{}\u00a0\u00bb sticky_enabled=\u00a0\u00bb0&Prime;]<\/p>\n<h2 style=\"text-align: center;\"><span style=\"color: #33cccc;\">Une harmonisation durable de l\u2019habitat<\/span><\/h2>\n<p><span style=\"color: #33cccc;\"><strong><\/strong><\/span><\/p>\n<p>L\u2019approche <strong>Home Organizer Feng Shui traditionnel<\/strong> permet de :<\/p>\n<p>&#8211; Clarifier l\u2019espace et l\u2019esprit<\/p>\n<p>&#8211; R\u00e9\u00e9quilibrer la circulation \u00e9nerg\u00e9tique<\/p>\n<p>&#8211; Soutenir les projets de vie<\/p>\n<p>&#8211; Installer un mieux-\u00eatre durable dans le temps<\/p>\n<p>Les modalit\u00e9s d\u2019accompagnement et formats seront prochainement disponibles.<\/p>\n<p>[\/et_pb_text][\/et_pb_column][\/et_pb_row][et_pb_row _builder_version=\u00a0\u00bb4.27.4&Prime; _module_preset=\u00a0\u00bbdefault\u00a0\u00bb global_colors_info=\u00a0\u00bb{}\u00a0\u00bb][et_pb_column type=\u00a0\u00bb4_4&Prime; _builder_version=\u00a0\u00bb4.27.4&Prime; _module_preset=\u00a0\u00bbdefault\u00a0\u00bb global_colors_info=\u00a0\u00bb{}\u00a0\u00bb][et_pb_image src=\u00a0\u00bbhttps:\/\/arqitecture.fr\/wp-content\/uploads\/2026\/01\/Home-Organizer-Feng-Shui-\u2013-Harmonisation-de-lhabitat-selon-le-Feng-Shui-traditionnel.jpg\u00a0\u00bb alt=\u00a0\u00bbHome Organizer Feng Shui \u2013 Harmonisation de l\u2019habitat selon le Feng Shui traditionnel\u00a0\u00bb title_text=\u00a0\u00bbHome Organizer Feng Shui \u2013 Harmonisation de l\u2019habitat selon le Feng Shui traditionnel\u00a0\u00bb _builder_version=\u00a0\u00bb4.27.4&Prime; _module_preset=\u00a0\u00bbdefault\u00a0\u00bb global_colors_info=\u00a0\u00bb{}\u00a0\u00bb][\/et_pb_image][\/et_pb_column][\/et_pb_row][\/et_pb_section]<\/p>\n","protected":false},"excerpt":{"rendered":"<p>Home Organizer en Feng Shui traditionnel : organiser l\u2019espace pour harmoniser l\u2019\u00e9nergie Organisation de l\u2019habitat et Feng Shui traditionnel : une approche \u00e9nerg\u00e9tique &nbsp; Le Home Organizer en Feng Shui traditionnel vise \u00e0 organiser et harmoniser l\u2019habitat en respectant les lois \u00e9nerg\u00e9tiques naturelles afin de soutenir le bien-\u00eatre, la clart\u00e9 mentale et la circulation du [&hellip;]<\/p>\n","protected":false},"author":1565,"featured_media":0,"parent":0,"menu_order":0,"comment_status":"closed","ping_status":"closed","template":"","meta":{"_et_pb_use_builder":"on","_et_pb_old_content":"","_et_gb_content_width":"","footnotes":""},"class_list":["post-21279","page","type-page","status-publish","hentry"],"aioseo_notices":[],"_links":{"self":[{"href":"https:\/\/arqitecture.fr\/en\/wp-json\/wp\/v2\/pages\/21279","targetHints":{"allow":["GET"]}}],"collection":[{"href":"https:\/\/arqitecture.fr\/en\/wp-json\/wp\/v2\/pages"}],"about":[{"href":"https:\/\/arqitecture.fr\/en\/wp-json\/wp\/v2\/types\/page"}],"author":[{"embeddable":true,"href":"https:\/\/arqitecture.fr\/en\/wp-json\/wp\/v2\/users\/1565"}],"replies":[{"embeddable":true,"href":"https:\/\/arqitecture.fr\/en\/wp-json\/wp\/v2\/comments?post=21279"}],"version-history":[{"count":27,"href":"https:\/\/arqitecture.fr\/en\/wp-json\/wp\/v2\/pages\/21279\/revisions"}],"predecessor-version":[{"id":21467,"href":"https:\/\/arqitecture.fr\/en\/wp-json\/wp\/v2\/pages\/21279\/revisions\/21467"}],"wp:attachment":[{"href":"https:\/\/arqitecture.fr\/en\/wp-json\/wp\/v2\/media?parent=21279"}],"curies":[{"name":"wp","href":"https:\/\/api.w.org\/{rel}","templated":true}]}}