{"id":21267,"date":"2026-01-27T11:19:51","date_gmt":"2026-01-27T10:19:51","guid":{"rendered":"https:\/\/arqitecture.fr\/?page_id=21267"},"modified":"2026-01-29T11:01:50","modified_gmt":"2026-01-29T10:01:50","slug":"ebooks","status":"publish","type":"page","link":"https:\/\/arqitecture.fr\/en\/ebooks\/","title":{"rendered":"Ebooks"},"content":{"rendered":"<p>[et_pb_section fb_built=\u00a0\u00bb1&Prime; _builder_version=\u00a0\u00bb4.27.4&Prime; _module_preset=\u00a0\u00bbdefault\u00a0\u00bb custom_padding=\u00a0\u00bb||54px|||\u00a0\u00bb global_colors_info=\u00a0\u00bb{}\u00a0\u00bb custom_margin=\u00a0\u00bb||-88px|||\u00a0\u00bb][et_pb_row _builder_version=\u00a0\u00bb4.27.4&Prime; _module_preset=\u00a0\u00bbdefault\u00a0\u00bb global_colors_info=\u00a0\u00bb{}\u00a0\u00bb][et_pb_column type=\u00a0\u00bb4_4&Prime; _builder_version=\u00a0\u00bb4.27.4&Prime; _module_preset=\u00a0\u00bbdefault\u00a0\u00bb global_colors_info=\u00a0\u00bb{}\u00a0\u00bb][et_pb_text _builder_version=\u00a0\u00bb4.27.4&Prime; _module_preset=\u00a0\u00bbdefault\u00a0\u00bb global_colors_info=\u00a0\u00bb{}\u00a0\u00bb][\/et_pb_text][et_pb_image src=\u00a0\u00bbhttps:\/\/arqitecture.fr\/wp-content\/uploads\/2026\/01\/Feng-shui-test-Qi-energie-interieur-analyse.jpg\u00a0\u00bb alt=\u00a0\u00bbFeng shui test gratuit Qi \u00e9nergie int\u00e9rieur analyse lieu\u00a0\u00bb title_text=\u00a0\u00bbFeng shui test Qi \u00e9nergie int\u00e9rieur analyse\u00a0\u00bb align=\u00a0\u00bbcenter\u00a0\u00bb _builder_version=\u00a0\u00bb4.27.4&Prime; _module_preset=\u00a0\u00bbdefault\u00a0\u00bb max_height=\u00a0\u00bb718px\u00a0\u00bb hover_enabled=\u00a0\u00bb0&Prime; global_colors_info=\u00a0\u00bb{}\u00a0\u00bb sticky_enabled=\u00a0\u00bb0&Prime; url=\u00a0\u00bbhttps:\/\/cc6a-asc.systeme.io\/64122a67-2d157adb-f68062fd-e9e33bbc\u00a0\u00bb max_width=\u00a0\u00bb93%\u00a0\u00bb min_height=\u00a0\u00bb476px\u00a0\u00bb module_alignment=\u00a0\u00bbcenter\u00a0\u00bb height=\u00a0\u00bb486px\u00a0\u00bb width=\u00a0\u00bb97%\u00a0\u00bb][\/et_pb_image][\/et_pb_column][\/et_pb_row][et_pb_row _builder_version=\u00a0\u00bb4.27.4&Prime; _module_preset=\u00a0\u00bbdefault\u00a0\u00bb min_height=\u00a0\u00bb748.9px\u00a0\u00bb global_colors_info=\u00a0\u00bb{}\u00a0\u00bb custom_margin=\u00a0\u00bb|auto|-236px|auto||\u00a0\u00bb custom_padding=\u00a0\u00bb||41px|||\u00a0\u00bb][et_pb_column type=\u00a0\u00bb4_4&Prime; _builder_version=\u00a0\u00bb4.27.4&Prime; _module_preset=\u00a0\u00bbdefault\u00a0\u00bb global_colors_info=\u00a0\u00bb{}\u00a0\u00bb][et_pb_text _builder_version=\u00a0\u00bb4.27.4&Prime; _module_preset=\u00a0\u00bbdefault\u00a0\u00bb hover_enabled=\u00a0\u00bb0&Prime; global_colors_info=\u00a0\u00bb{}\u00a0\u00bb sticky_enabled=\u00a0\u00bb0&Prime;]<\/p>\n<h2 style=\"text-align: center;\"><strong><span style=\"color: #33cccc;\">Ebooks \u00e9nerg\u00e9tiques &amp; guides sur le Flow \u00e9nerg\u00e9tique<\/span><\/strong><\/h2>\n<p>&nbsp;<\/p>\n<h3><strong>Test gratuit pour tester son Flow \u00e9nerg\u00e9tique<\/strong><\/h3>\n<p>&nbsp;<\/p>\n<h3>Un diagnostic \u00e9nerg\u00e9tique simple et accessible<\/h3>\n<p>\ud83d\udc49 <strong data-start=\"1205\" data-end=\"1332\"><a href=\"https:\/\/cc6a-asc.systeme.io\/64122a67-2d157adb-f68062fd-e9e33bbc\" data-start=\"1207\" data-end=\"1330\"><span style=\"color: #0000ff;\">Acc\u00e9der<\/span> au test gratuit pour tester son Flow \u00e9nerg\u00e9tique<\/a><\/strong><\/p>\n<p data-start=\"1334\" data-end=\"1450\">Ce <strong data-start=\"1337\" data-end=\"1365\">test \u00e9nerg\u00e9tique gratuit<\/strong> te permet d\u2019\u00e9valuer rapidement ton niveau de flow \u00e9nerg\u00e9tique.<br data-start=\"1428\" data-end=\"1431\" \/>Il est id\u00e9al pour :<\/p>\n<p data-start=\"1453\" data-end=\"1496\">&#8211; Identifier les d\u00e9s\u00e9quilibres \u00e9nerg\u00e9tiques<\/p>\n<p data-start=\"1499\" data-end=\"1541\">&#8211; Prendre conscience de ton \u00e9tat int\u00e9rieur<\/p>\n<p data-start=\"1544\" data-end=\"1602\">&#8211; Mieux comprendre l\u2019impact de l\u2019\u00e9nergie sur ton quotidien<\/p>\n<p data-start=\"1604\" data-end=\"1701\">Un premier pas essentiel pour toute personne souhaitant <strong data-start=\"1660\" data-end=\"1700\">reprendre le contr\u00f4le de son \u00e9nergie<\/strong>.<\/p>\n<p>[\/et_pb_text][\/et_pb_column][\/et_pb_row][et_pb_row _builder_version=\u00a0\u00bb4.27.4&Prime; _module_preset=\u00a0\u00bbdefault\u00a0\u00bb global_colors_info=\u00a0\u00bb{}\u00a0\u00bb][et_pb_column type=\u00a0\u00bb4_4&Prime; _builder_version=\u00a0\u00bb4.27.4&Prime; _module_preset=\u00a0\u00bbdefault\u00a0\u00bb global_colors_info=\u00a0\u00bb{}\u00a0\u00bb][et_pb_text _builder_version=\u00a0\u00bb4.27.4&Prime; _module_preset=\u00a0\u00bbdefault\u00a0\u00bb global_colors_info=\u00a0\u00bb{}\u00a0\u00bb]<\/p>\n<p>Explore une s\u00e9lection d\u2019<strong data-start=\"705\" data-end=\"728\">ebooks \u00e9nerg\u00e9tiques<\/strong> con\u00e7us pour t\u2019aider \u00e0 mieux comprendre ton <strong data-start=\"772\" data-end=\"795\">\u00e9nergie personnelle<\/strong>, fluidifier ton <strong data-start=\"812\" data-end=\"832\">flow \u00e9nerg\u00e9tique<\/strong> et retrouver un \u00e9quilibre durable dans ta vie quotidienne.<o:p><\/o:p><\/p>\n<p data-start=\"893\" data-end=\"1083\">Ces ressources s\u2019adressent aux personnes sensibles \u00e0 l\u2019<strong data-start=\"948\" data-end=\"963\">\u00e9nerg\u00e9tique<\/strong>, au <strong data-start=\"968\" data-end=\"995\">d\u00e9veloppement personnel<\/strong> et \u00e0 l\u2019autonomie int\u00e9rieure, qu\u2019elles soient d\u00e9butantes ou d\u00e9j\u00e0 engag\u00e9es sur ce chemin.<o:p><\/o:p><\/p>\n<p data-start=\"893\" data-end=\"1083\">[\/et_pb_text][\/et_pb_column][\/et_pb_row][\/et_pb_section][et_pb_section fb_built=\u00a0\u00bb1&Prime; specialty=\u00a0\u00bbon\u00a0\u00bb _builder_version=\u00a0\u00bb4.27.4&Prime; _module_preset=\u00a0\u00bbdefault\u00a0\u00bb global_colors_info=\u00a0\u00bb{}\u00a0\u00bb][et_pb_column type=\u00a0\u00bb3_4&Prime; specialty_columns=\u00a0\u00bb3&Prime; _builder_version=\u00a0\u00bb4.16&Prime; custom_padding=\u00a0\u00bb|||\u00a0\u00bb global_colors_info=\u00a0\u00bb{}\u00a0\u00bb custom_padding__hover=\u00a0\u00bb|||\u00a0\u00bb][et_pb_row_inner _builder_version=\u00a0\u00bb4.27.4&Prime; _module_preset=\u00a0\u00bbdefault\u00a0\u00bb global_colors_info=\u00a0\u00bb{}\u00a0\u00bb][et_pb_column_inner saved_specialty_column_type=\u00a0\u00bb3_4&Prime; _builder_version=\u00a0\u00bb4.27.4&Prime; _module_preset=\u00a0\u00bbdefault\u00a0\u00bb global_colors_info=\u00a0\u00bb{}\u00a0\u00bb][et_pb_text _builder_version=\u00a0\u00bb4.27.4&Prime; _module_preset=\u00a0\u00bbdefault\u00a0\u00bb hover_enabled=\u00a0\u00bb0&Prime; global_colors_info=\u00a0\u00bb{}\u00a0\u00bb sticky_enabled=\u00a0\u00bb0&Prime;]<\/p>\n<h3><strong>Le Guide Flow \u2013 Comprendre et harmoniser son \u00e9nergie<\/strong><\/h3>\n<h3 data-start=\"1770\" data-end=\"1823\"><\/h3>\n<h3 data-start=\"1770\" data-end=\"1823\"><\/h3>\n<h3 data-start=\"1770\" data-end=\"1823\">Un ebook complet pour fluidifier ton \u00e9nergie<\/h3>\n<p data-start=\"1825\" data-end=\"1922\"><span style=\"color: #0000ff;\">\ud83d\udc49<a href=\"https:\/\/shop.beacons.ai\/arqitecture\/c98a7ae2-924a-4b9e-9299-124efcd50877\" style=\"color: #0000ff;\"> <strong data-start=\"1828\" data-end=\"1922\">D\u00e9couvrir le Guide Flow<\/strong><\/a><\/span><\/p>\n<p data-start=\"1924\" data-end=\"2056\">Le <strong data-start=\"1927\" data-end=\"1941\">Guide Flow<\/strong> est un ebook d\u00e9di\u00e9 \u00e0 la compr\u00e9hension du <strong data-start=\"1983\" data-end=\"2013\">fonctionnement \u00e9nerg\u00e9tique<\/strong> et \u00e0 l\u2019harmonisation du flow au quotidien.<\/p>\n<p data-start=\"2058\" data-end=\"2076\">Tu y d\u00e9couvriras :<\/p>\n<p data-start=\"2079\" data-end=\"2129\">&#8211; Des explications claires sur le flow \u00e9nerg\u00e9tique<\/p>\n<p data-start=\"2132\" data-end=\"2190\">&#8211; Des cl\u00e9s pratiques pour retrouver fluidit\u00e9 et alignement<\/p>\n<p data-start=\"2193\" data-end=\"2243\">&#8211; Une approche progressive, accessible et concr\u00e8te<\/p>\n<p>Cet ebook est id\u00e9al pour approfondir ton travail \u00e9nerg\u00e9tique et installer un \u00e9quilibre durable.<\/p>\n<p>[\/et_pb_text][\/et_pb_column_inner][\/et_pb_row_inner][et_pb_row_inner _builder_version=\u00a0\u00bb4.27.4&Prime; _module_preset=\u00a0\u00bbdefault\u00a0\u00bb hover_enabled=\u00a0\u00bb0&Prime; global_colors_info=\u00a0\u00bb{}\u00a0\u00bb module_alignment=\u00a0\u00bbcenter\u00a0\u00bb sticky_enabled=\u00a0\u00bb0&Prime;][et_pb_column_inner saved_specialty_column_type=\u00a0\u00bb3_4&Prime; _builder_version=\u00a0\u00bb4.27.4&Prime; _module_preset=\u00a0\u00bbdefault\u00a0\u00bb global_colors_info=\u00a0\u00bb{}\u00a0\u00bb][et_pb_image src=\u00a0\u00bbhttps:\/\/arqitecture.fr\/wp-content\/uploads\/2026\/01\/Feng-shui-analyse-interieur-Qi-2026.png\u00a0\u00bb alt=\u00a0\u00bbFeng shui analyse int\u00e9rieur Qi 2026&Prime; title_text=\u00a0\u00bbFeng shui analyse int\u00e9rieur Qi 2026&Prime; align=\u00a0\u00bbcenter\u00a0\u00bb _builder_version=\u00a0\u00bb4.27.4&Prime; _module_preset=\u00a0\u00bbdefault\u00a0\u00bb min_height=\u00a0\u00bb512.9px\u00a0\u00bb max_height=\u00a0\u00bb798px\u00a0\u00bb custom_margin=\u00a0\u00bb||-94px|||\u00a0\u00bb hover_enabled=\u00a0\u00bb0&Prime; global_colors_info=\u00a0\u00bb{}\u00a0\u00bb url=\u00a0\u00bbhttps:\/\/shop.beacons.ai\/arqitecture\/c98a7ae2-924a-4b9e-9299-124efcd50877&Prime; sticky_enabled=\u00a0\u00bb0&Prime;][\/et_pb_image][\/et_pb_column_inner][\/et_pb_row_inner][\/et_pb_column][et_pb_column type=\u00a0\u00bb1_4&Prime; _builder_version=\u00a0\u00bb4.16&Prime; custom_padding=\u00a0\u00bb|||\u00a0\u00bb global_colors_info=\u00a0\u00bb{}\u00a0\u00bb custom_padding__hover=\u00a0\u00bb|||\u00a0\u00bb][\/et_pb_column][\/et_pb_section]<\/p>\n","protected":false},"excerpt":{"rendered":"<p>Ebooks \u00e9nerg\u00e9tiques &amp; guides sur le Flow \u00e9nerg\u00e9tique &nbsp; Test gratuit pour tester son Flow \u00e9nerg\u00e9tique &nbsp; Un diagnostic \u00e9nerg\u00e9tique simple et accessible \ud83d\udc49 Acc\u00e9der au test gratuit pour tester son Flow \u00e9nerg\u00e9tique Ce test \u00e9nerg\u00e9tique gratuit te permet d\u2019\u00e9valuer rapidement ton niveau de flow \u00e9nerg\u00e9tique.Il est id\u00e9al pour : &#8211; Identifier les d\u00e9s\u00e9quilibres \u00e9nerg\u00e9tiques [&hellip;]<\/p>\n","protected":false},"author":1565,"featured_media":0,"parent":0,"menu_order":0,"comment_status":"closed","ping_status":"closed","template":"","meta":{"_et_pb_use_builder":"on","_et_pb_old_content":"","_et_gb_content_width":"","footnotes":""},"class_list":["post-21267","page","type-page","status-publish","hentry"],"aioseo_notices":[],"_links":{"self":[{"href":"https:\/\/arqitecture.fr\/en\/wp-json\/wp\/v2\/pages\/21267","targetHints":{"allow":["GET"]}}],"collection":[{"href":"https:\/\/arqitecture.fr\/en\/wp-json\/wp\/v2\/pages"}],"about":[{"href":"https:\/\/arqitecture.fr\/en\/wp-json\/wp\/v2\/types\/page"}],"author":[{"embeddable":true,"href":"https:\/\/arqitecture.fr\/en\/wp-json\/wp\/v2\/users\/1565"}],"replies":[{"embeddable":true,"href":"https:\/\/arqitecture.fr\/en\/wp-json\/wp\/v2\/comments?post=21267"}],"version-history":[{"count":15,"href":"https:\/\/arqitecture.fr\/en\/wp-json\/wp\/v2\/pages\/21267\/revisions"}],"predecessor-version":[{"id":21412,"href":"https:\/\/arqitecture.fr\/en\/wp-json\/wp\/v2\/pages\/21267\/revisions\/21412"}],"wp:attachment":[{"href":"https:\/\/arqitecture.fr\/en\/wp-json\/wp\/v2\/media?parent=21267"}],"curies":[{"name":"wp","href":"https:\/\/api.w.org\/{rel}","templated":true}]}}